{"id":11,"date":"2016-11-30T09:56:52","date_gmt":"2016-11-30T09:56:52","guid":{"rendered":"https:\/\/2017.mexicocity.wordcamp.org\/location\/"},"modified":"2017-04-30T01:37:42","modified_gmt":"2017-04-30T06:37:42","slug":"donde-cuando","status":"publish","type":"page","link":"https:\/\/mexicocity.wordcamp.org\/2017\/donde-cuando\/","title":{"rendered":"\u00bfD\u00f3nde y cu\u00e1ndo?"},"content":{"rendered":"<p>La comunidad de <strong>WordPress en M\u00e9xico<\/strong>, est\u00e1 feliz de anunciarte que el WordCamp 2017 Ciudad de M\u00e9xico se llevar\u00e1 a cabo en las oficinas de <a href=\"https:\/\/2017.mexicocity.wordcamp.org\/sponsor\/wework\/\">WeWork M\u00e9xico en Montes Urales<\/a>\u00a0el pr\u00f3ximo <strong>s\u00e1bado 27 de mayo.<\/strong><\/p>\n<p>El registro de los asistentes ser\u00e1 a las <strong>9:30am<\/strong> y la clausura ser\u00e1 a las <strong>5:30pm<\/strong>. Contar\u00e1s con coffee break, gift bag, box lunch y lo mejor de todo&#8230; la posibilidad de disfrutar entre m\u00e1s de<strong> 15 ponencias locales e internacionales<\/strong>.<\/p>\n<p>&#8211;&gt; Consigue tu <a href=\"https:\/\/2017.mexicocity.wordcamp.org\/tickets\/\">entrada AQU\u00cd<\/a>.<\/p>\n<p><strong>Direcci\u00f3n:<\/strong>\u00a0Montes Urales 424, Lomas &#8211; Virreyes Lomas de Chapultepec\u00a0CDMX<br \/>\n<strong>Referencias:<\/strong>\u00a0a 70 metros de las oficinas de Google y AT&amp;T<br \/>\n<strong>Google Maps:\u00a0<\/strong><a href=\"https:\/\/goo.gl\/maps\/BC65nP5rAu12\" target=\"_blank\" rel=\"noopener noreferrer\">https:\/\/goo.gl\/maps\/BC65nP5rAu12<\/a><\/p>\n<div class=\"googlemaps\">\n\t\t\t\t<iframe loading=\"lazy\" width=\"600\" height=\"450\" frameborder=\"0\" scrolling=\"no\" marginheight=\"0\" marginwidth=\"0\"  src=\"https:\/\/www.google.com\/maps\/embed?pb=!1m18!1m12!1m3!1d3762.6095198340263!2d-99.20812609950882!3d19.42927039536361!2m3!1f0!2f0!3f0!3m2!1i1024!2i768!4f13.1!3m3!1m2!1s0x85d201f5fc6a0ca5:0xd9301d143320dba9!2sWeWork%20Montes%20Urales!5e0!3m2!1ses-419!2smx!4v1491447809324\"><\/iframe>\n\t\t\t<\/div>\n","protected":false},"excerpt":{"rendered":"<p>La comunidad de WordPress en M\u00e9xico, est\u00e1 feliz de anunciarte que el WordCamp 2017 Ciudad de M\u00e9xico se llevar\u00e1 a cabo en las oficinas de WeWork M\u00e9xico en Montes Urales\u00a0el pr\u00f3ximo s\u00e1bado 27 de mayo. El registro de los asistentes ser\u00e1 a las 9:30am y la clausura ser\u00e1 a las 5:30pm. Contar\u00e1s con coffee break, &hellip; <a href=\"https:\/\/mexicocity.wordcamp.org\/2017\/donde-cuando\/\" class=\"more-link\">Continue reading <span class=\"screen-reader-text\">\u00bfD\u00f3nde y cu\u00e1ndo?<\/span> <span class=\"meta-nav\">&rarr;<\/span><\/a><\/p>\n","protected":false},"author":13690539,"featured_media":361,"parent":0,"menu_order":0,"comment_status":"closed","ping_status":"closed","template":"","meta":{"jetpack_post_was_ever_published":false,"footnotes":""},"class_list":["post-11","page","type-page","status-publish","has-post-thumbnail","hentry"],"jetpack_sharing_enabled":true,"jetpack_shortlink":"https:\/\/wp.me\/P8ag9O-b","_links":{"self":[{"href":"https:\/\/mexicocity.wordcamp.org\/2017\/wp-json\/wp\/v2\/pages\/11","targetHints":{"allow":["GET"]}}],"collection":[{"href":"https:\/\/mexicocity.wordcamp.org\/2017\/wp-json\/wp\/v2\/pages"}],"about":[{"href":"https:\/\/mexicocity.wordcamp.org\/2017\/wp-json\/wp\/v2\/types\/page"}],"author":[{"embeddable":true,"href":"https:\/\/mexicocity.wordcamp.org\/2017\/wp-json\/wp\/v2\/users\/13690539"}],"replies":[{"embeddable":true,"href":"https:\/\/mexicocity.wordcamp.org\/2017\/wp-json\/wp\/v2\/comments?post=11"}],"version-history":[{"count":4,"href":"https:\/\/mexicocity.wordcamp.org\/2017\/wp-json\/wp\/v2\/pages\/11\/revisions"}],"predecessor-version":[{"id":767,"href":"https:\/\/mexicocity.wordcamp.org\/2017\/wp-json\/wp\/v2\/pages\/11\/revisions\/767"}],"wp:featuredmedia":[{"embeddable":true,"href":"https:\/\/mexicocity.wordcamp.org\/2017\/wp-json\/wp\/v2\/media\/361"}],"wp:attachment":[{"href":"https:\/\/mexicocity.wordcamp.org\/2017\/wp-json\/wp\/v2\/media?parent=11"}],"curies":[{"name":"wp","href":"https:\/\/api.w.org\/{rel}","templated":true}]}}