{"id":12,"date":"2016-11-30T09:56:52","date_gmt":"2016-11-30T09:56:52","guid":{"rendered":"https:\/\/2017.mexicocity.wordcamp.org\/organizers\/"},"modified":"2017-04-06T05:19:40","modified_gmt":"2017-04-06T05:19:40","slug":"organizadores","status":"publish","type":"page","link":"https:\/\/mexicocity.wordcamp.org\/2017\/organizadores\/","title":{"rendered":"Organizadores"},"content":{"rendered":"<p>Somos el\u00a0equipo de organizadores de este <strong>WordCamp 2017<\/strong> que se llevar\u00e1 a cabo en la Ciudad de M\u00e9xico. Somos apasionados de WordPress y cada mes organizamos un meetup con diferentes temas, ah\u00ed nos puedes conocer y externar tus dudas:<\/p>\n\t<div class=\"wcorg-organizers\">\n\n\t\t\n\t\t\t<div class=\"wcorg-organizer\">\n\t\t\t\t<h2>Daffinc<\/h2>\n\t\t\t\t<div class=\"wcorg-organizer-description\">\n\t\t\t\t\t\t\t\t\t\t<img alt='' src='https:\/\/secure.gravatar.com\/avatar\/9c9e3f49e19d095e8b2a26ed98a011156eae54e14dc3f3bcff7f89865feb0a3c?s=100&#038;d=mm&#038;r=g' srcset='https:\/\/secure.gravatar.com\/avatar\/9c9e3f49e19d095e8b2a26ed98a011156eae54e14dc3f3bcff7f89865feb0a3c?s=200&#038;d=mm&#038;r=g 2x' class='avatar avatar-100 photo' height='100' width='100' \/>\t\t\t\t\t<p>Dise\u00f1adora textil e interactiva, con un diplomado en Dise\u00f1o y construcci\u00f3n de sitios web. Apasionada de WordPress, de la usabilidad de los sitios y el SEO. Trabajo como programadora freelance, mi sitio es <a href=\"http:\/\/daffinc.com\" target=\"_blank\" rel=\"noopener noreferrer\">daffinc.com<\/a> y soy bloguera en un sitio personal, como hobbie en <a href=\"http:\/\/tipsdemadre.com\/\" target=\"_blank\" rel=\"noopener noreferrer\">tipsdemadre.com<\/a><\/p>\n\t\t\t\t<\/div>\n\t\t\t<\/div>\n\n\t\t\n\t\t\t<div class=\"wcorg-organizer\">\n\t\t\t\t<h2>Ricardo<\/h2>\n\t\t\t\t<div class=\"wcorg-organizer-description\">\n\t\t\t\t\t\t\t\t\t\t<img alt='' src='https:\/\/secure.gravatar.com\/avatar\/a567e614662df8a573e18197424d31187e15a1167328a570914b0bd9532a4e63?s=100&#038;d=mm&#038;r=g' srcset='https:\/\/secure.gravatar.com\/avatar\/a567e614662df8a573e18197424d31187e15a1167328a570914b0bd9532a4e63?s=200&#038;d=mm&#038;r=g 2x' class='avatar avatar-100 photo' height='100' width='100' \/>\t\t\t\t\t<p>Ricardo es entusiasta de muchas disciplinas pero experto en ninguna. Hace como que trabaja en fotograf\u00eda, dise\u00f1o y programaci\u00f3n. Actualmente sostiene el t\u00edtulo de gerente de soporte y conserje en <a href=\"http:\/\/graphpaperpress.com\/\" target=\"_blank\">Graph Paper Press<\/a>.<\/p>\n\t\t\t\t<\/div>\n\t\t\t<\/div>\n\n\t\t\n\t\t\t<div class=\"wcorg-organizer\">\n\t\t\t\t<h2>Pablo<\/h2>\n\t\t\t\t<div class=\"wcorg-organizer-description\">\n\t\t\t\t\t\t\t\t\t\t<img alt='' src='https:\/\/secure.gravatar.com\/avatar\/50a3d815ba39eb9216562330d71fcab032994d2400161bc3c5f13869da287525?s=100&#038;d=mm&#038;r=g' srcset='https:\/\/secure.gravatar.com\/avatar\/50a3d815ba39eb9216562330d71fcab032994d2400161bc3c5f13869da287525?s=200&#038;d=mm&#038;r=g 2x' class='avatar avatar-100 photo' height='100' width='100' \/>\t\t\t\t\t<p><a href=\"https:\/\/mx.linkedin.com\/in\/pabloherrada\">Emprendedor, Consultor SEO Internacional<\/a>\u00a0para proyectos de\u00a0<i>ecommerce<\/i> &amp; <i>Marketing, f<\/i>ue SEO Manager en\u00a0proyectos de\u00a0Walmart, Interjet, Steren, eBay, Sam\u2019s Club y Superama, eBay y Linio. Fundador de <a href=\"http:\/\/www.gimoti.com\">Gimoti<\/a>, empresa dedicada a Rewards Mobile Advertising y <a href=\"http:\/\/www.cleanranks.com\" rel=\"nofollow\">Cleanranks<\/a>\u00a0, empresa dedicada a SEO. Es miembro activo de la comunidad WordPress M\u00e9xico, lo encuentras en twitter como <a href=\"https:\/\/twitter.com\/phartell\">@phartell.<\/a><\/p>\n<p>&nbsp;<\/p>\n\t\t\t\t<\/div>\n\t\t\t<\/div>\n\n\t\t\n\t\t\t<div class=\"wcorg-organizer\">\n\t\t\t\t<h2>Victor<\/h2>\n\t\t\t\t<div class=\"wcorg-organizer-description\">\n\t\t\t\t\t\t\t\t\t\t<img alt='' src='https:\/\/secure.gravatar.com\/avatar\/35427f73a839aa19894eef0ee693ee8e5653fa4084a6337ecd3d8591f79c40cc?s=100&#038;d=mm&#038;r=g' srcset='https:\/\/secure.gravatar.com\/avatar\/35427f73a839aa19894eef0ee693ee8e5653fa4084a6337ecd3d8591f79c40cc?s=200&#038;d=mm&#038;r=g 2x' class='avatar avatar-100 photo' height='100' width='100' \/>\t\t\t\t\t<p>Desarrollo paginas web con WordPress y Genesis Framework en <a href=\"http:\/\/victorags.com\/\" target=\"_blank\" rel=\"nofollow noopener noreferrer\">VictorAGS.com<\/a>, predicador de Genesis en mi canal de youtube donde puedes encontrar incre\u00edbles tutoriales . Parte de los organizadores de los meetups mensuales de WordPress M\u00e9xico. Beisbolista frustrado , amante del Jazz,ska,Northern soul y reggae.<\/p>\n\t\t\t\t<\/div>\n\t\t\t<\/div>\n\n\t\t\n\t\t\t<div class=\"wcorg-organizer\">\n\t\t\t\t<h2>Rebeca<\/h2>\n\t\t\t\t<div class=\"wcorg-organizer-description\">\n\t\t\t\t\t\t\t\t\t\t<img alt='' src='https:\/\/secure.gravatar.com\/avatar\/?s=100&#038;d=mm&#038;r=g' srcset='https:\/\/secure.gravatar.com\/avatar\/?s=200&#038;d=mm&#038;r=g 2x' class='avatar avatar-100 photo avatar-default' height='100' width='100' \/>\t\t\t\t\t<p>Dise\u00f1adora Gr\u00e1fica y fot\u00f3grafa egresada de la Escuela Nacional de Artes Pl\u00e1sticas (ENAP) (actualmente Facultad de Artes y Dise\u00f1o). He trabajado por m\u00e1s de 10 a\u00f1os en el medio del arte contempor\u00e1neo y he sido colaboradora de dos de las m\u00e1s importantes galer\u00edas de arte contempor\u00e1neo en M\u00e9xico. Actualmente soy columnista mensual del portal Wall Street International Magazine en su edici\u00f3n en espa\u00f1ol y tengo un blog llamado <a href=\"http:\/\/mamasrockstars.com\">Mam\u00e1s Rockstars.<\/a><\/p>\n\t\t\t\t<\/div>\n\t\t\t<\/div>\n\n\t\t\n\t<\/div><!-- .wcorg-organizers -->\n\t\n<h3>Agradecimientos<\/h3>\n<p>Tenemos una menci\u00f3n especial a <strong>Andrea Middleton<\/strong>\u00a0por contactarse en un inicio con nosotros, a <strong>Karen Alma <\/strong>y a\u00a0<strong>Ibon Azkoitia\u00a0<\/strong>que nos est\u00e1n guiando junto al soporte de WordCamp Central para llevar este evento a cabo.<\/p>\n","protected":false},"excerpt":{"rendered":"<p>Somos el\u00a0equipo de organizadores de este WordCamp 2017 que se llevar\u00e1 a cabo en la Ciudad de M\u00e9xico. Somos apasionados de WordPress y cada mes organizamos un meetup con diferentes temas, ah\u00ed nos puedes conocer y externar tus dudas: Agradecimientos Tenemos una menci\u00f3n especial a Andrea Middleton\u00a0por contactarse en un inicio con nosotros, a Karen &hellip; <a href=\"https:\/\/mexicocity.wordcamp.org\/2017\/organizer\/rebeca\/\" class=\"more-link\">Continue reading <span class=\"screen-reader-text\">Rebeca<\/span> <span class=\"meta-nav\">&rarr;<\/span><\/a><\/p>\n","protected":false},"author":13690539,"featured_media":0,"parent":0,"menu_order":0,"comment_status":"closed","ping_status":"closed","template":"","meta":{"jetpack_post_was_ever_published":false,"footnotes":""},"class_list":["post-12","page","type-page","status-publish","hentry"],"jetpack_sharing_enabled":true,"jetpack_shortlink":"https:\/\/wp.me\/P8ag9O-c","_links":{"self":[{"href":"https:\/\/mexicocity.wordcamp.org\/2017\/wp-json\/wp\/v2\/pages\/12","targetHints":{"allow":["GET"]}}],"collection":[{"href":"https:\/\/mexicocity.wordcamp.org\/2017\/wp-json\/wp\/v2\/pages"}],"about":[{"href":"https:\/\/mexicocity.wordcamp.org\/2017\/wp-json\/wp\/v2\/types\/page"}],"author":[{"embeddable":true,"href":"https:\/\/mexicocity.wordcamp.org\/2017\/wp-json\/wp\/v2\/users\/13690539"}],"replies":[{"embeddable":true,"href":"https:\/\/mexicocity.wordcamp.org\/2017\/wp-json\/wp\/v2\/comments?post=12"}],"version-history":[{"count":5,"href":"https:\/\/mexicocity.wordcamp.org\/2017\/wp-json\/wp\/v2\/pages\/12\/revisions"}],"predecessor-version":[{"id":378,"href":"https:\/\/mexicocity.wordcamp.org\/2017\/wp-json\/wp\/v2\/pages\/12\/revisions\/378"}],"wp:attachment":[{"href":"https:\/\/mexicocity.wordcamp.org\/2017\/wp-json\/wp\/v2\/media?parent=12"}],"curies":[{"name":"wp","href":"https:\/\/api.w.org\/{rel}","templated":true}]}}