{"id":7,"date":"2016-11-30T09:56:52","date_gmt":"2016-11-30T09:56:52","guid":{"rendered":"https:\/\/2017.mexicocity.wordcamp.org\/schedule\/"},"modified":"2017-05-17T23:49:11","modified_gmt":"2017-05-18T04:49:11","slug":"programa","status":"publish","type":"page","link":"https:\/\/mexicocity.wordcamp.org\/2017\/programa\/","title":{"rendered":"Programa"},"content":{"rendered":"<p>Este evento incluye pl\u00e1ticas de inter\u00e9s para Dise\u00f1adores, Bloggers, Developers y Usuarios Casuales. Puedes saber m\u00e1s de <a href=\"https:\/\/2017.mexicocity.wordcamp.org\/donde-cuando\/\">D\u00f3nde ser\u00e1 el evento aqu\u00ed<\/a>.<\/p>\n<h3>Ser\u00e1n dos espacios de conferencias y puedes alternar seg\u00fan sea tu inter\u00e9s en el tema.<\/h3>\n<p>Puedes entrar a la charla que desees en la compra de tu boleto.<\/p>\n<h2>S\u00e1bado 27 de mayo<\/h2>\n<table class=\"wcpt-schedule\" border=\"0\"><thead><tr><th class=\"wcpt-col-time\">Time<\/th><th class=\"wcpt-col-track\"> <span class=\"wcpt-track-name\">Track 1<\/span> <span class=\"wcpt-track-description\"><\/span> <\/th><th class=\"wcpt-col-track\"> <span class=\"wcpt-track-name\">Track 2<\/span> <span class=\"wcpt-track-description\"><\/span> <\/th><\/tr><\/thead><tbody><tr class=\"wcpt-time-930am global-session registro\"><td class=\"wcpt-time\">9:30&nbsp;am<\/td><td colspan=\"2\" class=\"wcb-track-blogger wcb-track-developer wcpt-session-type-session wcb-session-registro\" data-track-title=\"Track 1, Track 2\" data-session-id=\"719\"><div class=\"wcb-session-cell-content\"><a class=\"wcpt-session-title\" href=\"https:\/\/mexicocity.wordcamp.org\/2017\/session\/registro\/\">Registro<\/a><\/div><div class=\"wcb-session-favourite-icon\"><a href=\"#\" role=\"button\" class=\"fav-session-button\" aria-pressed=\"false\"><span class=\"screen-reader-text\">Favorite session: Registro<\/span><span class=\"dashicons dashicons-star-filled\"><\/span><\/a><\/div><\/td><\/tr><tr class=\"wcpt-time-1005am global-session inauguracin\"><td class=\"wcpt-time\">10:05&nbsp;am<\/td><td colspan=\"2\" class=\"wcb-track-blogger wcb-track-developer wcpt-session-type-session wcb-session-inauguracion\" data-track-title=\"Track 1, Track 2\" data-session-id=\"721\"><div class=\"wcb-session-cell-content\"><a class=\"wcpt-session-title\" href=\"https:\/\/mexicocity.wordcamp.org\/2017\/session\/inauguracion\/\">Inauguraci\u00f3n<\/a><\/div><div class=\"wcb-session-favourite-icon\"><a href=\"#\" role=\"button\" class=\"fav-session-button\" aria-pressed=\"false\"><span class=\"screen-reader-text\">Favorite session: Inauguraci\u00f3n<\/span><span class=\"dashicons dashicons-star-filled\"><\/span><\/a><\/div><\/td><\/tr><tr class=\"wcpt-time-1040am\"><td class=\"wcpt-time\">10:40&nbsp;am<\/td><td colspan=\"1\" class=\"wcb-speaker-gabriel-pleszowski wcb-track-blogger wcpt-session-type-session wcb-session-testeando-wordpress-de-manera-simple\" data-track-title=\"Track 1\" data-session-id=\"605\"><div class=\"wcb-session-cell-content\"><a class=\"wcpt-session-title\" href=\"https:\/\/mexicocity.wordcamp.org\/2017\/session\/testeando-wordpress-de-manera-simple\/\">Testeando WordPress de manera simple<\/a> <span class=\"wcpt-session-speakers\"><a href=\"https:\/\/mexicocity.wordcamp.org\/2017\/ponentes\/#wcorg-speaker-gabriel-pleszowski\">Gabriel Pleszowski<\/a><\/span><\/div><div class=\"wcb-session-favourite-icon\"><a href=\"#\" role=\"button\" class=\"fav-session-button\" aria-pressed=\"false\"><span class=\"screen-reader-text\">Favorite session: Testeando WordPress de manera simple<\/span><span class=\"dashicons dashicons-star-filled\"><\/span><\/a><\/div><\/td><td colspan=\"1\" class=\"wcb-speaker-jose-luis-espinoza wcb-track-developer wcpt-session-type-session wcb-session-practicas-en-adsense-y-microformatos-de-google\" data-track-title=\"Track 2\" data-session-id=\"627\"><div class=\"wcb-session-cell-content\"><a class=\"wcpt-session-title\" href=\"https:\/\/mexicocity.wordcamp.org\/2017\/session\/practicas-en-adsense-y-microformatos-de-google\/\">Pr\u00e1cticas en AdSense y Microformatos de Google<\/a> <span class=\"wcpt-session-speakers\"><a href=\"https:\/\/mexicocity.wordcamp.org\/2017\/ponentes\/#wcorg-speaker-jose-luis-espinoza\">Jos\u00e9 Luis Espinoza<\/a><\/span><\/div><div class=\"wcb-session-favourite-icon\"><a href=\"#\" role=\"button\" class=\"fav-session-button\" aria-pressed=\"false\"><span class=\"screen-reader-text\">Favorite session: Pr\u00e1cticas en AdSense y Microformatos de Google<\/span><span class=\"dashicons dashicons-star-filled\"><\/span><\/a><\/div><\/td><\/tr><tr class=\"wcpt-time-1115am\"><td class=\"wcpt-time\">11:15&nbsp;am<\/td><td colspan=\"1\" class=\"wcb-speaker-arantxa-mendoza wcb-track-blogger wcpt-session-type-session wcb-session-ux-for-life\" data-track-title=\"Track 1\" data-session-id=\"704\"><div class=\"wcb-session-cell-content\"><a class=\"wcpt-session-title\" href=\"https:\/\/mexicocity.wordcamp.org\/2017\/session\/ux-for-life\/\">UX for life<\/a> <span class=\"wcpt-session-speakers\"><a href=\"https:\/\/mexicocity.wordcamp.org\/2017\/ponentes\/#wcorg-speaker-arantxa-mendoza\">Arantxa Mendoza<\/a><\/span><\/div><div class=\"wcb-session-favourite-icon\"><a href=\"#\" role=\"button\" class=\"fav-session-button\" aria-pressed=\"false\"><span class=\"screen-reader-text\">Favorite session: UX for life<\/span><span class=\"dashicons dashicons-star-filled\"><\/span><\/a><\/div><\/td><td colspan=\"1\" class=\"wcb-speaker-page-carbajal wcb-track-developer wcpt-session-type-session wcb-session-wordpress-e-commerce\" data-track-title=\"Track 2\" data-session-id=\"822\"><div class=\"wcb-session-cell-content\"><a class=\"wcpt-session-title\" href=\"https:\/\/mexicocity.wordcamp.org\/2017\/session\/wordpress-e-commerce\/\">WordPress &amp; E-commerce<\/a> <span class=\"wcpt-session-speakers\"><a href=\"https:\/\/mexicocity.wordcamp.org\/2017\/ponentes\/#wcorg-speaker-page-carbajal\">Page Carbajal<\/a><\/span><\/div><div class=\"wcb-session-favourite-icon\"><a href=\"#\" role=\"button\" class=\"fav-session-button\" aria-pressed=\"false\"><span class=\"screen-reader-text\">Favorite session: WordPress &amp; E-commerce<\/span><span class=\"dashicons dashicons-star-filled\"><\/span><\/a><\/div><\/td><\/tr><tr class=\"wcpt-time-1150am\"><td class=\"wcpt-time\">11:50&nbsp;am<\/td><td colspan=\"1\" class=\"wcb-speaker-juan-pablo-gomez wcb-track-blogger wcpt-session-type-session wcb-session-llego-css-grid\" data-track-title=\"Track 1\" data-session-id=\"476\"><div class=\"wcb-session-cell-content\"><a class=\"wcpt-session-title\" href=\"https:\/\/mexicocity.wordcamp.org\/2017\/session\/llego-css-grid\/\">Lleg\u00f3 CSS Grid<\/a> <span class=\"wcpt-session-speakers\"><a href=\"https:\/\/mexicocity.wordcamp.org\/2017\/ponentes\/#wcorg-speaker-juan-pablo-gomez\">Juan Pablo G\u00f3mez<\/a><\/span><\/div><div class=\"wcb-session-favourite-icon\"><a href=\"#\" role=\"button\" class=\"fav-session-button\" aria-pressed=\"false\"><span class=\"screen-reader-text\">Favorite session: Lleg\u00f3 CSS Grid<\/span><span class=\"dashicons dashicons-star-filled\"><\/span><\/a><\/div><\/td><td colspan=\"1\" class=\"wcb-speaker-maryl-gonzalez wcb-track-developer wcpt-session-type-session wcb-session-tech-women\" data-track-title=\"Track 2\" data-session-id=\"463\"><div class=\"wcb-session-cell-content\"><a class=\"wcpt-session-title\" href=\"https:\/\/mexicocity.wordcamp.org\/2017\/session\/tech-women\/\">TECH &amp; Women<\/a> <span class=\"wcpt-session-speakers\"><a href=\"https:\/\/mexicocity.wordcamp.org\/2017\/ponentes\/#wcorg-speaker-maryl-gonzalez\">Maryl Gonz\u00e1lez<\/a><\/span><\/div><div class=\"wcb-session-favourite-icon\"><a href=\"#\" role=\"button\" class=\"fav-session-button\" aria-pressed=\"false\"><span class=\"screen-reader-text\">Favorite session: TECH &amp; Women<\/span><span class=\"dashicons dashicons-star-filled\"><\/span><\/a><\/div><\/td><\/tr><tr class=\"wcpt-time-1220pm global-session descanso\"><td class=\"wcpt-time\">12:20&nbsp;pm<\/td><td colspan=\"2\" class=\"wcb-track-blogger wcb-track-developer wcpt-session-type-session wcb-session-descanso\" data-track-title=\"Track 1, Track 2\" data-session-id=\"734\"><div class=\"wcb-session-cell-content\"><a class=\"wcpt-session-title\" href=\"https:\/\/mexicocity.wordcamp.org\/2017\/session\/descanso\/\">Descanso<\/a><\/div><div class=\"wcb-session-favourite-icon\"><a href=\"#\" role=\"button\" class=\"fav-session-button\" aria-pressed=\"false\"><span class=\"screen-reader-text\">Favorite session: Descanso<\/span><span class=\"dashicons dashicons-star-filled\"><\/span><\/a><\/div><\/td><\/tr><tr class=\"wcpt-time-1240pm\"><td class=\"wcpt-time\">12:40&nbsp;pm<\/td><td colspan=\"1\" class=\"wcb-speaker-pablo-herrada wcb-track-blogger wcpt-session-type-session wcb-session-importancia-de-posicionar-tu-sitio-seo\" data-track-title=\"Track 1\" data-session-id=\"636\"><div class=\"wcb-session-cell-content\"><a class=\"wcpt-session-title\" href=\"https:\/\/mexicocity.wordcamp.org\/2017\/session\/importancia-de-posicionar-tu-sitio-seo\/\">Importancia de Posicionar tu sitio: SEO<\/a> <span class=\"wcpt-session-speakers\"><a href=\"https:\/\/mexicocity.wordcamp.org\/2017\/ponentes\/#wcorg-speaker-pablo-herrada\">Pablo Herrada Artellano<\/a><\/span><\/div><div class=\"wcb-session-favourite-icon\"><a href=\"#\" role=\"button\" class=\"fav-session-button\" aria-pressed=\"false\"><span class=\"screen-reader-text\">Favorite session: Importancia de Posicionar tu sitio: SEO<\/span><span class=\"dashicons dashicons-star-filled\"><\/span><\/a><\/div><\/td><td colspan=\"1\" class=\"wcb-speaker-mario-aguiar wcb-track-developer wcpt-session-type-session wcb-session-ambientes-en-vagrant-y-docker\" data-track-title=\"Track 2\" data-session-id=\"658\"><div class=\"wcb-session-cell-content\"><a class=\"wcpt-session-title\" href=\"https:\/\/mexicocity.wordcamp.org\/2017\/session\/ambientes-en-vagrant-y-docker\/\">Ambientes en Vagrant y Docker<\/a> <span class=\"wcpt-session-speakers\"><a href=\"https:\/\/mexicocity.wordcamp.org\/2017\/ponentes\/#wcorg-speaker-mario-aguiar\">Mario Aguiar<\/a><\/span><\/div><div class=\"wcb-session-favourite-icon\"><a href=\"#\" role=\"button\" class=\"fav-session-button\" aria-pressed=\"false\"><span class=\"screen-reader-text\">Favorite session: Ambientes en Vagrant y Docker<\/span><span class=\"dashicons dashicons-star-filled\"><\/span><\/a><\/div><\/td><\/tr><tr class=\"wcpt-time-120pm\"><td class=\"wcpt-time\">1:20&nbsp;pm<\/td><td colspan=\"1\" class=\"wcb-speaker-eric-arrington wcb-track-blogger wcpt-session-type-session wcb-session-utilizacion-de-apis\" data-track-title=\"Track 1\" data-session-id=\"519\"><div class=\"wcb-session-cell-content\"><a class=\"wcpt-session-title\" href=\"https:\/\/mexicocity.wordcamp.org\/2017\/session\/utilizacion-de-apis\/\">Utilizaci\u00f3n de APIs<\/a> <span class=\"wcpt-session-speakers\"><a href=\"https:\/\/mexicocity.wordcamp.org\/2017\/ponentes\/#wcorg-speaker-eric-arrington\">Eric Arrington<\/a><\/span><\/div><div class=\"wcb-session-favourite-icon\"><a href=\"#\" role=\"button\" class=\"fav-session-button\" aria-pressed=\"false\"><span class=\"screen-reader-text\">Favorite session: Utilizaci\u00f3n de APIs<\/span><span class=\"dashicons dashicons-star-filled\"><\/span><\/a><\/div><\/td><td colspan=\"1\" class=\"wcb-speaker-carlos-olivares wcb-track-developer wcpt-session-type-session wcb-session-ejecucion-exitosa-de-sitios-web\" data-track-title=\"Track 2\" data-session-id=\"641\"><div class=\"wcb-session-cell-content\"><a class=\"wcpt-session-title\" href=\"https:\/\/mexicocity.wordcamp.org\/2017\/session\/ejecucion-exitosa-de-sitios-web\/\">Ejecuci\u00f3n exitosa de sitios web<\/a> <span class=\"wcpt-session-speakers\"><a href=\"https:\/\/mexicocity.wordcamp.org\/2017\/ponentes\/#wcorg-speaker-carlos-olivares\">Carlos Olivares<\/a><\/span><\/div><div class=\"wcb-session-favourite-icon\"><a href=\"#\" role=\"button\" class=\"fav-session-button\" aria-pressed=\"false\"><span class=\"screen-reader-text\">Favorite session: Ejecuci\u00f3n exitosa de sitios web<\/span><span class=\"dashicons dashicons-star-filled\"><\/span><\/a><\/div><\/td><\/tr><tr class=\"wcpt-time-200pm global-session box-lunch\"><td class=\"wcpt-time\">2:00&nbsp;pm<\/td><td colspan=\"2\" class=\"wcb-track-blogger wcb-track-developer wcpt-session-type-session wcb-session-box-lunch\" data-track-title=\"Track 1, Track 2\" data-session-id=\"723\"><div class=\"wcb-session-cell-content\"><a class=\"wcpt-session-title\" href=\"https:\/\/mexicocity.wordcamp.org\/2017\/session\/box-lunch\/\">Box Lunch<\/a><\/div><div class=\"wcb-session-favourite-icon\"><a href=\"#\" role=\"button\" class=\"fav-session-button\" aria-pressed=\"false\"><span class=\"screen-reader-text\">Favorite session: Box Lunch<\/span><span class=\"dashicons dashicons-star-filled\"><\/span><\/a><\/div><\/td><\/tr><tr class=\"wcpt-time-300pm\"><td class=\"wcpt-time\">3:00&nbsp;pm<\/td><td colspan=\"1\" class=\"wcb-speaker-jean-saldana wcb-track-blogger wcpt-session-type-session wcb-session-como-monetizar-un-blog-ya-sea-por-hobbie-o-profesion\" data-track-title=\"Track 1\" data-session-id=\"750\"><div class=\"wcb-session-cell-content\"><a class=\"wcpt-session-title\" href=\"https:\/\/mexicocity.wordcamp.org\/2017\/session\/como-monetizar-un-blog-ya-sea-por-hobbie-o-profesion\/\">C\u00f3mo monetizar un blog, ya sea por hobbie o profesi\u00f3n<\/a> <span class=\"wcpt-session-speakers\"><a href=\"https:\/\/mexicocity.wordcamp.org\/2017\/ponentes\/#wcorg-speaker-jean-saldana\">Jean Salda\u00f1a<\/a><\/span><\/div><div class=\"wcb-session-favourite-icon\"><a href=\"#\" role=\"button\" class=\"fav-session-button\" aria-pressed=\"false\"><span class=\"screen-reader-text\">Favorite session: C\u00f3mo monetizar un blog, ya sea por hobbie o profesi\u00f3n<\/span><span class=\"dashicons dashicons-star-filled\"><\/span><\/a><\/div><\/td><td colspan=\"1\" class=\"wcb-speaker-fili-santillan wcb-track-developer wcpt-session-type-session wcb-session-la-importancia-de-amp\" data-track-title=\"Track 2\" data-session-id=\"716\"><div class=\"wcb-session-cell-content\"><a class=\"wcpt-session-title\" href=\"https:\/\/mexicocity.wordcamp.org\/2017\/session\/la-importancia-de-amp\/\">La importancia de AMP<\/a> <span class=\"wcpt-session-speakers\"><a href=\"https:\/\/mexicocity.wordcamp.org\/2017\/ponentes\/#wcorg-speaker-fili-santillan\">Fili Santill\u00e1n<\/a><\/span><\/div><div class=\"wcb-session-favourite-icon\"><a href=\"#\" role=\"button\" class=\"fav-session-button\" aria-pressed=\"false\"><span class=\"screen-reader-text\">Favorite session: La importancia de AMP<\/span><span class=\"dashicons dashicons-star-filled\"><\/span><\/a><\/div><\/td><\/tr><tr class=\"wcpt-time-335pm\"><td class=\"wcpt-time\">3:35&nbsp;pm<\/td><td colspan=\"1\" class=\"wcb-speaker-jonathan-zamacona wcb-track-blogger wcpt-session-type-session wcb-session-el-contenido-es-el-rey\" data-track-title=\"Track 1\" data-session-id=\"741\"><div class=\"wcb-session-cell-content\"><a class=\"wcpt-session-title\" href=\"https:\/\/mexicocity.wordcamp.org\/2017\/session\/el-contenido-es-el-rey\/\">El contenido es el rey<\/a> <span class=\"wcpt-session-speakers\"><a href=\"https:\/\/mexicocity.wordcamp.org\/2017\/ponentes\/#wcorg-speaker-jonathan-zamacona\">Jonathan Zamacona<\/a><\/span><\/div><div class=\"wcb-session-favourite-icon\"><a href=\"#\" role=\"button\" class=\"fav-session-button\" aria-pressed=\"false\"><span class=\"screen-reader-text\">Favorite session: El contenido es el rey<\/span><span class=\"dashicons dashicons-star-filled\"><\/span><\/a><\/div><\/td><td colspan=\"1\" class=\"wcb-speaker-cristian-sanchez wcb-track-developer wcpt-session-type-session wcb-session-lets-encrypt\" data-track-title=\"Track 2\" data-session-id=\"805\"><div class=\"wcb-session-cell-content\"><a class=\"wcpt-session-title\" href=\"https:\/\/mexicocity.wordcamp.org\/2017\/session\/lets-encrypt\/\">Let&#8217;s Encrypt<\/a> <span class=\"wcpt-session-speakers\"><a href=\"https:\/\/mexicocity.wordcamp.org\/2017\/ponentes\/#wcorg-speaker-cristian-sanchez\">Cristian S\u00e1nchez<\/a><\/span><\/div><div class=\"wcb-session-favourite-icon\"><a href=\"#\" role=\"button\" class=\"fav-session-button\" aria-pressed=\"false\"><span class=\"screen-reader-text\">Favorite session: Let&#8217;s Encrypt<\/span><span class=\"dashicons dashicons-star-filled\"><\/span><\/a><\/div><\/td><\/tr><tr class=\"wcpt-time-410pm\"><td class=\"wcpt-time\">4:10&nbsp;pm<\/td><td colspan=\"1\" class=\"wcb-speaker-alfredo-martinez wcb-track-blogger wcpt-session-type-session wcb-session-la-evolucion-del-ui-en-web-wordpress\" data-track-title=\"Track 1\" data-session-id=\"905\"><div class=\"wcb-session-cell-content\"><a class=\"wcpt-session-title\" href=\"https:\/\/mexicocity.wordcamp.org\/2017\/session\/la-evolucion-del-ui-en-web-wordpress\/\">La evoluci\u00f3n del UI en Web &amp; WordPress<\/a> <span class=\"wcpt-session-speakers\"><a href=\"https:\/\/mexicocity.wordcamp.org\/2017\/ponentes\/#wcorg-speaker-alfredo-martinez\">Alfredo Mart\u00ednez<\/a><\/span><\/div><div class=\"wcb-session-favourite-icon\"><a href=\"#\" role=\"button\" class=\"fav-session-button\" aria-pressed=\"false\"><span class=\"screen-reader-text\">Favorite session: La evoluci\u00f3n del UI en Web &amp; WordPress<\/span><span class=\"dashicons dashicons-star-filled\"><\/span><\/a><\/div><\/td><td colspan=\"1\" class=\"wcb-speaker-guillermo-amor wcb-track-developer wcpt-session-type-session wcb-session-5-claves-para-un-equipo-remoto\" data-track-title=\"Track 2\" data-session-id=\"1229\"><div class=\"wcb-session-cell-content\"><a class=\"wcpt-session-title\" href=\"https:\/\/mexicocity.wordcamp.org\/2017\/session\/5-claves-para-un-equipo-remoto\/\">5 claves para un equipo remoto<\/a> <span class=\"wcpt-session-speakers\"><a href=\"https:\/\/mexicocity.wordcamp.org\/2017\/ponentes\/#wcorg-speaker-guillermo-amor\">Guillermo Amor<\/a><\/span><\/div><div class=\"wcb-session-favourite-icon\"><a href=\"#\" role=\"button\" class=\"fav-session-button\" aria-pressed=\"false\"><span class=\"screen-reader-text\">Favorite session: 5 claves para un equipo remoto<\/span><span class=\"dashicons dashicons-star-filled\"><\/span><\/a><\/div><\/td><\/tr><tr class=\"wcpt-time-445pm global-session la-muerte-de-los-medios-tradicionales\"><td class=\"wcpt-time\">4:45&nbsp;pm<\/td><td colspan=\"2\" class=\"wcb-speaker-adolfo-cano wcb-track-blogger wcb-track-developer wcpt-session-type-session wcb-session-la-muerte-de-los-medios-tradicionales\" data-track-title=\"Track 1, Track 2\" data-session-id=\"983\"><div class=\"wcb-session-cell-content\"><a class=\"wcpt-session-title\" href=\"https:\/\/mexicocity.wordcamp.org\/2017\/session\/la-muerte-de-los-medios-tradicionales\/\">La muerte de los medios tradicionales<\/a> <span class=\"wcpt-session-speakers\"><a href=\"https:\/\/mexicocity.wordcamp.org\/2017\/ponentes\/#wcorg-speaker-adolfo-cano\">Adolfo Cano<\/a><\/span><\/div><div class=\"wcb-session-favourite-icon\"><a href=\"#\" role=\"button\" class=\"fav-session-button\" aria-pressed=\"false\"><span class=\"screen-reader-text\">Favorite session: La muerte de los medios tradicionales<\/span><span class=\"dashicons dashicons-star-filled\"><\/span><\/a><\/div><\/td><\/tr><tr class=\"wcpt-time-525pm global-session clausura\"><td class=\"wcpt-time\">5:25&nbsp;pm<\/td><td colspan=\"2\" class=\"wcb-track-blogger wcb-track-developer wcpt-session-type-session wcb-session-clausura\" data-track-title=\"Track 1, Track 2\" data-session-id=\"728\"><div class=\"wcb-session-cell-content\"><a class=\"wcpt-session-title\" href=\"https:\/\/mexicocity.wordcamp.org\/2017\/session\/clausura\/\">Clausura<\/a><\/div><div class=\"wcb-session-favourite-icon\"><a href=\"#\" role=\"button\" class=\"fav-session-button\" aria-pressed=\"false\"><span class=\"screen-reader-text\">Favorite session: Clausura<\/span><span class=\"dashicons dashicons-star-filled\"><\/span><\/a><\/div><\/td><\/tr><\/tbody><\/table>\n\t<div class=\"email-form fav-session-email-form-hide\">\n\t\t<!-- Tab links -->\n\t\t<div class=\"fav-session-share-tab\">\n\t\t\t\t\t\t\t<div class=\"fav-session-tablinks\" id=\"fav-session-btn-email\">\n\t\t\t\t\tEmail\t\t\t\t<\/div>\n\t\t\t\n\t\t\t<div class=\"fav-session-tablinks\" id=\"fav-session-btn-link\">\n\t\t\t\tLink\t\t\t<\/div>\n\n\t\t\t<div class=\"fav-session-tablinks\" id=\"fav-session-btn-print\">\n\t\t\t\tPrint\t\t\t<\/div>\n\t\t<\/div>\n\n\t\t<!-- Tab content -->\n\t\t\t\t\t<div id=\"fav-session-tab-email\" class=\"fav-session-share-tabcontent\">\n\t\t\t\t<div id=\"fav-session-email-form\">\n\t\t\t\t\tSend me my favorite sessions:\n\t\t\t\t\t<form id=\"fav-sessions-form\">\n\t\t\t\t\t\t<input\n\t\t\t\t\t\t\ttype=\"text\"\n\t\t\t\t\t\t\tname=\"email_address\"\n\t\t\t\t\t\t\tid=\"fav-sessions-email-address\"\n\t\t\t\t\t\t\tplaceholder=\"me@protonmail.com\"\n\t\t\t\t\t\t\/>\n\t\t\t\t\t\t<input type=\"submit\" value=\"Send\" \/>\n\t\t\t\t\t<\/form>\n\t\t\t\t<\/div>\n\n\t\t\t\t<div class=\"fav-session-email-wait-spinner\"><\/div>\n\t\t\t\t<div class=\"fav-session-email-result\"><\/div>\n\t\t\t<\/div>\n\t\t\n\t\t<div id=\"fav-session-tab-link\" class=\"fav-session-share-tabcontent\">\n\t\t\tShareable link:\t\t\t<br \/>\n\t\t\t<a id=\"fav-sessions-link\" href=\"\"><\/a>\n\t\t<\/div>\n\n\t\t<div id=\"fav-session-tab-print\" class=\"fav-session-share-tabcontent\">\n\t\t\t<button id=\"fav-session-print\">\n\t\t\t\tPrint favorite sessions\t\t\t<\/button>\n\t\t<\/div>\n\t<\/div>\n\n\t<a class=\"show-email-form\" href=\"javascript:\">\n\t\t<span class=\"dashicons dashicons-star-filled\"><\/span>\n\t\t<span class=\"dashicons dashicons-email-alt\"><\/span>\n\t<\/a>\n\n\t\n<p>&nbsp;<\/p>\n","protected":false},"excerpt":{"rendered":"<p>Este evento incluye pl\u00e1ticas de inter\u00e9s para Dise\u00f1adores, Bloggers, Developers y Usuarios Casuales. Puedes saber m\u00e1s de D\u00f3nde ser\u00e1 el evento aqu\u00ed. Ser\u00e1n dos espacios de conferencias y puedes alternar seg\u00fan sea tu inter\u00e9s en el tema. Puedes entrar a la charla que desees en la compra de tu boleto. S\u00e1bado 27 de mayo &nbsp;<\/p>\n","protected":false},"author":13690539,"featured_media":0,"parent":0,"menu_order":0,"comment_status":"closed","ping_status":"closed","template":"","meta":{"jetpack_post_was_ever_published":false,"footnotes":""},"class_list":["post-7","page","type-page","status-publish","hentry"],"jetpack_sharing_enabled":true,"jetpack_shortlink":"https:\/\/wp.me\/P8ag9O-7","_links":{"self":[{"href":"https:\/\/mexicocity.wordcamp.org\/2017\/wp-json\/wp\/v2\/pages\/7","targetHints":{"allow":["GET"]}}],"collection":[{"href":"https:\/\/mexicocity.wordcamp.org\/2017\/wp-json\/wp\/v2\/pages"}],"about":[{"href":"https:\/\/mexicocity.wordcamp.org\/2017\/wp-json\/wp\/v2\/types\/page"}],"author":[{"embeddable":true,"href":"https:\/\/mexicocity.wordcamp.org\/2017\/wp-json\/wp\/v2\/users\/13690539"}],"replies":[{"embeddable":true,"href":"https:\/\/mexicocity.wordcamp.org\/2017\/wp-json\/wp\/v2\/comments?post=7"}],"version-history":[{"count":13,"href":"https:\/\/mexicocity.wordcamp.org\/2017\/wp-json\/wp\/v2\/pages\/7\/revisions"}],"predecessor-version":[{"id":1034,"href":"https:\/\/mexicocity.wordcamp.org\/2017\/wp-json\/wp\/v2\/pages\/7\/revisions\/1034"}],"wp:attachment":[{"href":"https:\/\/mexicocity.wordcamp.org\/2017\/wp-json\/wp\/v2\/media?parent=7"}],"curies":[{"name":"wp","href":"https:\/\/api.w.org\/{rel}","templated":true}]}}