{"id":8,"date":"2016-11-30T09:56:52","date_gmt":"2016-11-30T09:56:52","guid":{"rendered":"https:\/\/2017.mexicocity.wordcamp.org\/speakers\/"},"modified":"2017-04-24T06:06:07","modified_gmt":"2017-04-24T06:06:07","slug":"ponentes","status":"publish","type":"page","link":"https:\/\/mexicocity.wordcamp.org\/2017\/ponentes\/","title":{"rendered":"Ponentes"},"content":{"rendered":"<p>En el WordCamp se ver\u00e1n distintos temas de inter\u00e9s para Bloggers, Dise\u00f1adores, Desarrolladores. Usuarios Casuales y m\u00e1s. Recuerda que ser\u00e1 el 27 de mayo, tendremos ponentes <strong>locales e internacionales<\/strong>, no te puedes perder la oportunidad de escuchar y aprender la informaci\u00f3n de primera mano de los siguientes <strong>ponentes<\/strong>:<\/p>\n\n\t<div class=\"wcorg-speakers\">\n\n\t\t\n\t\t\t<!-- Organizers note: The id attribute is deprecated and only remains for backwards compatibility, please use the corresponding class to target individual speakers -->\n\t\t\t<div id=\"wcorg-speaker-guillermo-amor\" class=\"wcorg-speaker wcorg-speaker-guillermo-amor wcorg-track-developer\">\n\t\t\t\t<h2>\n\t\t\t\t\t\n\t\t\t\t\t\tGuillermo Amor\n\t\t\t\t\t\t\t\t\t<\/h2>\n\n\t\t\t\t<div class=\"wcorg-speaker-description\">\n\t\t\t\t\t<img alt='' src='https:\/\/secure.gravatar.com\/avatar\/60d3059355d51721cd206dcb2f03285c5107e7290c0c1310abb9b2853dbc1f43?s=100&#038;d=mm&#038;r=g' srcset='https:\/\/secure.gravatar.com\/avatar\/60d3059355d51721cd206dcb2f03285c5107e7290c0c1310abb9b2853dbc1f43?s=200&#038;d=mm&#038;r=g 2x' class='avatar avatar-100 photo' height='100' width='100' \/>\t\t\t\t\t<p>Especialista en ecosistemas digitales con m\u00e1s de 6 a\u00f1os de experiencia.<\/p>\n<div>Su carrera incluye colaboraciones con Google M\u00e9xico, BNN y Rocket Internet M\u00e9xico.<\/div>\n\t\t\t\t<\/div>\n\t\t\t<\/div>\n\n\t\t\n\t\t\t<!-- Organizers note: The id attribute is deprecated and only remains for backwards compatibility, please use the corresponding class to target individual speakers -->\n\t\t\t<div id=\"wcorg-speaker-adolfo-cano\" class=\"wcorg-speaker wcorg-speaker-adolfo-cano wcorg-track-blogger wcorg-track-developer\">\n\t\t\t\t<h2>\n\t\t\t\t\t\n\t\t\t\t\t\tAdolfo Cano\n\t\t\t\t\t\t\t\t\t<\/h2>\n\n\t\t\t\t<div class=\"wcorg-speaker-description\">\n\t\t\t\t\t<img alt='' src='https:\/\/secure.gravatar.com\/avatar\/88740bcc71960f8d49a309059708a4f9e8f4d159068caaf2e74b68f51f3edc68?s=100&#038;d=mm&#038;r=g' srcset='https:\/\/secure.gravatar.com\/avatar\/88740bcc71960f8d49a309059708a4f9e8f4d159068caaf2e74b68f51f3edc68?s=200&#038;d=mm&#038;r=g 2x' class='avatar avatar-100 photo' height='100' width='100' \/>\t\t\t\t\t<p>CCO Chief Comercial Officer de Cultura Colectiva. <a href=\"https:\/\/mexicocity.wordcamp.org\/2017\/speaker\/adolfo-cano\/#more-1035\" class=\"more-link\"><span aria-label=\"Continue reading Adolfo Cano\">(more&hellip;)<\/span><\/a><\/p>\n\t\t\t\t<\/div>\n\t\t\t<\/div>\n\n\t\t\n\t\t\t<!-- Organizers note: The id attribute is deprecated and only remains for backwards compatibility, please use the corresponding class to target individual speakers -->\n\t\t\t<div id=\"wcorg-speaker-alfredo-martinez\" class=\"wcorg-speaker wcorg-speaker-alfredo-martinez wcorg-track-blogger\">\n\t\t\t\t<h2>\n\t\t\t\t\t\n\t\t\t\t\t\tAlfredo Mart\u00ednez\n\t\t\t\t\t\t\t\t\t<\/h2>\n\n\t\t\t\t<div class=\"wcorg-speaker-description\">\n\t\t\t\t\t<img alt='' src='https:\/\/secure.gravatar.com\/avatar\/fa52eb8917e70945f0f4eb08dbf1e6649f98a5f4d39cd0281f20c28b6a3bddcf?s=100&#038;d=mm&#038;r=g' srcset='https:\/\/secure.gravatar.com\/avatar\/fa52eb8917e70945f0f4eb08dbf1e6649f98a5f4d39cd0281f20c28b6a3bddcf?s=200&#038;d=mm&#038;r=g 2x' class='avatar avatar-100 photo' height='100' width='100' \/>\t\t\t\t\t<p>Desarrollador Web, Dise\u00f1ador UI, Consultor Ux, Artista Digital. Profesor en CENTRO de dise\u00f1o, cine y televisi\u00f3n, centro cultural ADM,\u00a0CENART, \u201cLa Esmeralda\u201d, ha impartido talleres y conferencias magistrales en:  <a href=\"https:\/\/mexicocity.wordcamp.org\/2017\/speaker\/alfredo-martinez\/#more-903\" class=\"more-link\"><span aria-label=\"Continue reading Alfredo Mart\u00ednez\">(more&hellip;)<\/span><\/a><\/p>\n\t\t\t\t<\/div>\n\t\t\t<\/div>\n\n\t\t\n\t\t\t<!-- Organizers note: The id attribute is deprecated and only remains for backwards compatibility, please use the corresponding class to target individual speakers -->\n\t\t\t<div id=\"wcorg-speaker-page-carbajal\" class=\"wcorg-speaker wcorg-speaker-page-carbajal wcorg-track-developer\">\n\t\t\t\t<h2>\n\t\t\t\t\t\n\t\t\t\t\t\tPage Carbajal\n\t\t\t\t\t\t\t\t\t<\/h2>\n\n\t\t\t\t<div class=\"wcorg-speaker-description\">\n\t\t\t\t\t<img alt='' src='https:\/\/secure.gravatar.com\/avatar\/4712295d214772305dd66c67ee69a7d38b71469a3cf171aaa34204ec80c89274?s=100&#038;d=mm&#038;r=g' srcset='https:\/\/secure.gravatar.com\/avatar\/4712295d214772305dd66c67ee69a7d38b71469a3cf171aaa34204ec80c89274?s=200&#038;d=mm&#038;r=g 2x' class='avatar avatar-100 photo' height='100' width='100' \/>\t\t\t\t\t<p>Ingeniero de Software con Especialidad en Comercio Electr\u00f3nico y Marketing Digital. Trabajo en Toptal y en TruNorthM LLC. Soy apasionado de WordPress y estoy creando la comunidad en Canc\u00fan.<\/p>\n\t\t\t\t<\/div>\n\t\t\t<\/div>\n\n\t\t\n\t\t\t<!-- Organizers note: The id attribute is deprecated and only remains for backwards compatibility, please use the corresponding class to target individual speakers -->\n\t\t\t<div id=\"wcorg-speaker-cristian-sanchez\" class=\"wcorg-speaker wcorg-speaker-cristian-sanchez wcorg-track-developer\">\n\t\t\t\t<h2>\n\t\t\t\t\t\n\t\t\t\t\t\tCristian S\u00e1nchez\n\t\t\t\t\t\t\t\t\t<\/h2>\n\n\t\t\t\t<div class=\"wcorg-speaker-description\">\n\t\t\t\t\t<img alt='' src='https:\/\/secure.gravatar.com\/avatar\/866ace510faee18fae439fc3f2bc9a7f098260ea7902a4a7f2dd97d12ff3effc?s=100&#038;d=mm&#038;r=g' srcset='https:\/\/secure.gravatar.com\/avatar\/866ace510faee18fae439fc3f2bc9a7f098260ea7902a4a7f2dd97d12ff3effc?s=200&#038;d=mm&#038;r=g 2x' class='avatar avatar-100 photo' height='100' width='100' \/>\t\t\t\t\t<div>Cristian es el actual CEO de Ricenbeans, S.A., empresa enfocada al marketing digital y el desarrollo de sitios web sobre <b>WordPress<\/b>. Ha trabajado por 9 a\u00f1os desarrollando sitios web en WordPress, desde su versi\u00f3n individual, hasta multisitios. <a href=\"https:\/\/mexicocity.wordcamp.org\/2017\/speaker\/cristian-sanchez\/#more-801\" class=\"more-link\"><span aria-label=\"Continue reading Cristian S\u00e1nchez\">(more&hellip;)<\/span><\/a><\/div>\n\t\t\t\t<\/div>\n\t\t\t<\/div>\n\n\t\t\n\t\t\t<!-- Organizers note: The id attribute is deprecated and only remains for backwards compatibility, please use the corresponding class to target individual speakers -->\n\t\t\t<div id=\"wcorg-speaker-jean-saldana\" class=\"wcorg-speaker wcorg-speaker-jean-saldana wcorg-track-blogger\">\n\t\t\t\t<h2>\n\t\t\t\t\t\n\t\t\t\t\t\tJean Salda\u00f1a\n\t\t\t\t\t\t\t\t\t<\/h2>\n\n\t\t\t\t<div class=\"wcorg-speaker-description\">\n\t\t\t\t\t<img alt='' src='https:\/\/secure.gravatar.com\/avatar\/161d9194d5caced459488d29351288468e960a43082e87d64a7830e3780bd689?s=100&#038;d=mm&#038;r=g' srcset='https:\/\/secure.gravatar.com\/avatar\/161d9194d5caced459488d29351288468e960a43082e87d64a7830e3780bd689?s=200&#038;d=mm&#038;r=g 2x' class='avatar avatar-100 photo' height='100' width='100' \/>\t\t\t\t\t<p>Soy <strong>Dise\u00f1adora Web<\/strong>, emprendedora digital y viajera. Inicialmente trabaj\u00e9 como dise\u00f1adora <strong>UX\/UI<\/strong> creando webs de <strong>e-commerce, apps<\/strong> para el sector farmace\u00fatico, portales de <strong>trabajo<\/strong> y p\u00e1ginas de taquillas.  <a href=\"https:\/\/mexicocity.wordcamp.org\/2017\/speaker\/jean-saldana\/#more-748\" class=\"more-link\"><span aria-label=\"Continue reading Jean Salda\u00f1a\">(more&hellip;)<\/span><\/a><\/p>\n\t\t\t\t<\/div>\n\t\t\t<\/div>\n\n\t\t\n\t\t\t<!-- Organizers note: The id attribute is deprecated and only remains for backwards compatibility, please use the corresponding class to target individual speakers -->\n\t\t\t<div id=\"wcorg-speaker-jonathan-zamacona\" class=\"wcorg-speaker wcorg-speaker-jonathan-zamacona wcorg-track-blogger\">\n\t\t\t\t<h2>\n\t\t\t\t\t\n\t\t\t\t\t\tJonathan Zamacona\n\t\t\t\t\t\t\t\t\t<\/h2>\n\n\t\t\t\t<div class=\"wcorg-speaker-description\">\n\t\t\t\t\t<img alt='' src='https:\/\/secure.gravatar.com\/avatar\/2ef8bf1ae44948935746dc69f2077a73ccf088b06ea7a1e147312f8636a6b485?s=100&#038;d=mm&#038;r=g' srcset='https:\/\/secure.gravatar.com\/avatar\/2ef8bf1ae44948935746dc69f2077a73ccf088b06ea7a1e147312f8636a6b485?s=200&#038;d=mm&#038;r=g 2x' class='avatar avatar-100 photo' height='100' width='100' \/>\t\t\t\t\t<p>Comunic\u00f3logo con m\u00e1s de 5 a\u00f1os de experiencia en el <strong>Marketing Digital<\/strong>. Actualmente soy el SEO y el responsable de <strong>Audiencias y Redes Sociales<\/strong> en Diario <strong>EL PA\u00cdS<\/strong>, edici\u00f3n Am\u00e9rica.\u00a0 <a href=\"https:\/\/mexicocity.wordcamp.org\/2017\/speaker\/jonathan-zamacona\/#more-697\" class=\"more-link\"><span aria-label=\"Continue reading Jonathan Zamacona\">(more&hellip;)<\/span><\/a><\/p>\n\t\t\t\t<\/div>\n\t\t\t<\/div>\n\n\t\t\n\t\t\t<!-- Organizers note: The id attribute is deprecated and only remains for backwards compatibility, please use the corresponding class to target individual speakers -->\n\t\t\t<div id=\"wcorg-speaker-fili-santillan\" class=\"wcorg-speaker wcorg-speaker-fili-santillan wcorg-track-developer\">\n\t\t\t\t<h2>\n\t\t\t\t\t\n\t\t\t\t\t\tFili Santill\u00e1n\n\t\t\t\t\t\t\t\t\t<\/h2>\n\n\t\t\t\t<div class=\"wcorg-speaker-description\">\n\t\t\t\t\t<img alt='' src='https:\/\/secure.gravatar.com\/avatar\/939b38f45745ea0d6034c8610da9a9eaee5fb427f4ad9e04ff229b8e0f061faa?s=100&#038;d=mm&#038;r=g' srcset='https:\/\/secure.gravatar.com\/avatar\/939b38f45745ea0d6034c8610da9a9eaee5fb427f4ad9e04ff229b8e0f061faa?s=200&#038;d=mm&#038;r=g 2x' class='avatar avatar-100 photo' height='100' width='100' \/>\t\t\t\t\t<p>Desarrollador <strong>Frontend, Speaker, Blogger<\/strong>. Me encanta compartir mi conocimiento a trav\u00e9s de Cursos, talleres y <strong>charlas<\/strong>. Promoviendo el uso de las nuevas <strong>tecnolog\u00edas<\/strong> para el desarrollo web <a href=\"https:\/\/mexicocity.wordcamp.org\/2017\/speaker\/fili-santillan\/#more-671\" class=\"more-link\"><span aria-label=\"Continue reading Fili Santill\u00e1n\">(more&hellip;)<\/span><\/a><\/p>\n\t\t\t\t<\/div>\n\t\t\t<\/div>\n\n\t\t\n\t\t\t<!-- Organizers note: The id attribute is deprecated and only remains for backwards compatibility, please use the corresponding class to target individual speakers -->\n\t\t\t<div id=\"wcorg-speaker-arantxa-mendoza\" class=\"wcorg-speaker wcorg-speaker-arantxa-mendoza wcorg-track-blogger\">\n\t\t\t\t<h2>\n\t\t\t\t\t\n\t\t\t\t\t\tArantxa Mendoza\n\t\t\t\t\t\t\t\t\t<\/h2>\n\n\t\t\t\t<div class=\"wcorg-speaker-description\">\n\t\t\t\t\t<img alt='' src='https:\/\/secure.gravatar.com\/avatar\/13d899ed59bffba523238cd4a95d13a37b40ea31a9bb069df6c627a4bde1b3b5?s=100&#038;d=mm&#038;r=g' srcset='https:\/\/secure.gravatar.com\/avatar\/13d899ed59bffba523238cd4a95d13a37b40ea31a9bb069df6c627a4bde1b3b5?s=200&#038;d=mm&#038;r=g 2x' class='avatar avatar-100 photo' height='100' width='100' \/>\t\t\t\t\t<p>Profesional del Dise\u00f1o y la Comunicaci\u00f3n Visual, con experiencia\u00a0en\u00a0el <strong>dise\u00f1o y desarrollo<\/strong> de sitios, web apps y apps desde hace <strong>6 a\u00f1os<\/strong>.\u00a0Mi expertise actual est\u00e1 enfocado al dise\u00f1o <strong>UX\/UI<\/strong>  <a href=\"https:\/\/mexicocity.wordcamp.org\/2017\/speaker\/arantxa-mendoza\/#more-667\" class=\"more-link\"><span aria-label=\"Continue reading Arantxa Mendoza\">(more&hellip;)<\/span><\/a><\/p>\n\t\t\t\t<\/div>\n\t\t\t<\/div>\n\n\t\t\n\t\t\t<!-- Organizers note: The id attribute is deprecated and only remains for backwards compatibility, please use the corresponding class to target individual speakers -->\n\t\t\t<div id=\"wcorg-speaker-mario-aguiar\" class=\"wcorg-speaker wcorg-speaker-mario-aguiar wcorg-track-developer\">\n\t\t\t\t<h2>\n\t\t\t\t\t\n\t\t\t\t\t\tMario Aguiar\n\t\t\t\t\t\t\t\t\t<\/h2>\n\n\t\t\t\t<div class=\"wcorg-speaker-description\">\n\t\t\t\t\t<img alt='' src='https:\/\/secure.gravatar.com\/avatar\/785f5fbea73c7cb73b9836418e79207ca732bd68687424f0fe888f705b589e88?s=100&#038;d=mm&#038;r=g' srcset='https:\/\/secure.gravatar.com\/avatar\/785f5fbea73c7cb73b9836418e79207ca732bd68687424f0fe888f705b589e88?s=200&#038;d=mm&#038;r=g 2x' class='avatar avatar-100 photo' height='100' width='100' \/>\t\t\t\t\t<p><strong>Front-End<\/strong> Developer y Consultor <strong>UX<\/strong> en <a href=\"http:\/\/10up.com\/\" target=\"_blank\" rel=\"noopener noreferrer\">10up<\/a>, comenc\u00e9 mi carrera con WordPress hace m\u00e1s de <strong>10 a\u00f1os<\/strong> y termin\u00f3 siendo mi especialidad. Amo hablar en p\u00fablico y conocer lugares nuevos, lo que me ha llevado a dar charlas en <strong>WordCamp Per\u00fa<\/strong>,  <a href=\"https:\/\/mexicocity.wordcamp.org\/2017\/speaker\/mario-aguiar\/#more-655\" class=\"more-link\"><span aria-label=\"Continue reading Mario Aguiar\">(more&hellip;)<\/span><\/a><\/p>\n\t\t\t\t<\/div>\n\t\t\t<\/div>\n\n\t\t\n\t\t\t<!-- Organizers note: The id attribute is deprecated and only remains for backwards compatibility, please use the corresponding class to target individual speakers -->\n\t\t\t<div id=\"wcorg-speaker-carlos-olivares\" class=\"wcorg-speaker wcorg-speaker-carlos-olivares wcorg-track-developer\">\n\t\t\t\t<h2>\n\t\t\t\t\t\n\t\t\t\t\t\tCarlos Olivares\n\t\t\t\t\t\t\t\t\t<\/h2>\n\n\t\t\t\t<div class=\"wcorg-speaker-description\">\n\t\t\t\t\t<img alt='' src='https:\/\/secure.gravatar.com\/avatar\/70d36d568abdbcb0b4a2bbb538d041627512e9a86e284b511ccc2cbd9b2f8152?s=100&#038;d=mm&#038;r=g' srcset='https:\/\/secure.gravatar.com\/avatar\/70d36d568abdbcb0b4a2bbb538d041627512e9a86e284b511ccc2cbd9b2f8152?s=200&#038;d=mm&#038;r=g 2x' class='avatar avatar-100 photo' height='100' width='100' \/>\t\t\t\t\t<div>Fundador de GPC, una empresa mexicana con vasta experiencia en <strong>seguridad web<\/strong> e infraestructura. Actualmente es Ejecutivo de Cuenta para empresas como <strong>Ocesa<\/strong>, <strong>ViveLatino<\/strong>, y en su momento F1 y Nascar M\u00e9xico. <a href=\"https:\/\/mexicocity.wordcamp.org\/2017\/speaker\/carlos-olivares\/#more-644\" class=\"more-link\"><span aria-label=\"Continue reading Carlos Olivares\">(more&hellip;)<\/span><\/a><\/div>\n\t\t\t\t<\/div>\n\t\t\t<\/div>\n\n\t\t\n\t\t\t<!-- Organizers note: The id attribute is deprecated and only remains for backwards compatibility, please use the corresponding class to target individual speakers -->\n\t\t\t<div id=\"wcorg-speaker-pablo-herrada\" class=\"wcorg-speaker wcorg-speaker-pablo-herrada wcorg-track-blogger\">\n\t\t\t\t<h2>\n\t\t\t\t\t\n\t\t\t\t\t\tPablo Herrada Artellano\n\t\t\t\t\t\t\t\t\t<\/h2>\n\n\t\t\t\t<div class=\"wcorg-speaker-description\">\n\t\t\t\t\t<img alt='' src='https:\/\/secure.gravatar.com\/avatar\/50a3d815ba39eb9216562330d71fcab032994d2400161bc3c5f13869da287525?s=100&#038;d=mm&#038;r=g' srcset='https:\/\/secure.gravatar.com\/avatar\/50a3d815ba39eb9216562330d71fcab032994d2400161bc3c5f13869da287525?s=200&#038;d=mm&#038;r=g 2x' class='avatar avatar-100 photo' height='100' width='100' \/>\t\t\t\t\t<p style=\"font-weight: 400\"><a href=\"https:\/\/www.linkedin.com\/in\/pabloherrada\/\">Pablo Herrada Artellano<\/a>, es\u00a0<a href=\"http:\/\/pabloherrada.com\/\">Emprendedor y Consultor especialista en SEO a nivel nacional e internacional<\/a>, impulsando proyectos de\u00a0eCommerce &amp; Marketing Digital. Colabor\u00f3 como SEO Manager en\u00a0proyectos como Walmart, Interjet, Steren, Sam\u2019s Club, Superama, SkyAlert y algunos m\u00e1s.Fundador de\u00a0<a href=\"http:\/\/www.gimoti.com\/\">Gimoti, empresa dedicada a Rewards Mobile Advertising<\/a>\u00a0y\u00a0<a href=\"http:\/\/www.cleanranks.com\/\" rel=\"nofollow\">Cleanranks, consultora especialista en SEO a Marketing Analytics.<\/a><\/p>\n<p style=\"font-weight: 400\">Es miembro activo de la comunidad WordPress M\u00e9xico y ha colaborado en la organizaci\u00f3n de los WordCamp en Ciudad de M\u00e9xico 2016, 2017 y 2018. Tambi\u00e9n fu\u00e9 ponente en el WordCamp Lima Per\u00fa en 2016.<\/p>\n\t\t\t\t<\/div>\n\t\t\t<\/div>\n\n\t\t\n\t\t\t<!-- Organizers note: The id attribute is deprecated and only remains for backwards compatibility, please use the corresponding class to target individual speakers -->\n\t\t\t<div id=\"wcorg-speaker-jose-luis-espinoza\" class=\"wcorg-speaker wcorg-speaker-jose-luis-espinoza wcorg-track-developer\">\n\t\t\t\t<h2>\n\t\t\t\t\t\n\t\t\t\t\t\tJos\u00e9 Luis Espinoza\n\t\t\t\t\t\t\t\t\t<\/h2>\n\n\t\t\t\t<div class=\"wcorg-speaker-description\">\n\t\t\t\t\t<img alt='' src='https:\/\/secure.gravatar.com\/avatar\/ae8fab62d6226b19a6639c88a07e7c0c71259b69966df53cba54dcb6b935b217?s=100&#038;d=mm&#038;r=g' srcset='https:\/\/secure.gravatar.com\/avatar\/ae8fab62d6226b19a6639c88a07e7c0c71259b69966df53cba54dcb6b935b217?s=200&#038;d=mm&#038;r=g 2x' class='avatar avatar-100 photo' height='100' width='100' \/>\t\t\t\t\t<p>Estudi\u00e9 comunicaci\u00f3n y aprend\u00ed a programar para resolver mis tareas, en el<strong> front-end y publicidad digital<\/strong> encontr\u00e9 la uni\u00f3n de mis pasiones. Tengo 8 a\u00f1os trabajando para <strong>agencias<\/strong> digitales y otros 3 para<strong> e-commerce<\/strong>. <a href=\"https:\/\/mexicocity.wordcamp.org\/2017\/speaker\/jose-luis-espinoza\/#more-624\" class=\"more-link\"><span aria-label=\"Continue reading Jos\u00e9 Luis Espinoza\">(more&hellip;)<\/span><\/a><\/p>\n\t\t\t\t<\/div>\n\t\t\t<\/div>\n\n\t\t\n\t\t\t<!-- Organizers note: The id attribute is deprecated and only remains for backwards compatibility, please use the corresponding class to target individual speakers -->\n\t\t\t<div id=\"wcorg-speaker-gabriel-pleszowski\" class=\"wcorg-speaker wcorg-speaker-gabriel-pleszowski wcorg-track-blogger\">\n\t\t\t\t<h2>\n\t\t\t\t\t\n\t\t\t\t\t\tGabriel Pleszowski\n\t\t\t\t\t\t\t\t\t<\/h2>\n\n\t\t\t\t<div class=\"wcorg-speaker-description\">\n\t\t\t\t\t<img alt='' src='https:\/\/secure.gravatar.com\/avatar\/9600e6ca38e237fbd92b26193697a925eb60ebc479afb342c9b3c6493184e45f?s=100&#038;d=mm&#038;r=g' srcset='https:\/\/secure.gravatar.com\/avatar\/9600e6ca38e237fbd92b26193697a925eb60ebc479afb342c9b3c6493184e45f?s=200&#038;d=mm&#038;r=g 2x' class='avatar avatar-100 photo' height='100' width='100' \/>\t\t\t\t\t<p>Soy desarrollador de WordPress desde hace m\u00e1s de <strong>8 a\u00f1os<\/strong> y soy ponente habitual en el WP Meetup de <strong>Buenos Aires,\u00a0<\/strong>Argentina; cada d\u00eda lo disfruto m\u00e1s. Me paso el d\u00eda programando temas, plugins y todo tipo de cosas raras\u2026  <a href=\"https:\/\/mexicocity.wordcamp.org\/2017\/speaker\/gabriel-pleszowski\/#more-603\" class=\"more-link\"><span aria-label=\"Continue reading Gabriel Pleszowski\">(more&hellip;)<\/span><\/a><\/p>\n\t\t\t\t<\/div>\n\t\t\t<\/div>\n\n\t\t\n\t\t\t<!-- Organizers note: The id attribute is deprecated and only remains for backwards compatibility, please use the corresponding class to target individual speakers -->\n\t\t\t<div id=\"wcorg-speaker-eric-arrington\" class=\"wcorg-speaker wcorg-speaker-eric-arrington wcorg-track-blogger\">\n\t\t\t\t<h2>\n\t\t\t\t\t\n\t\t\t\t\t\tEric Arrington\n\t\t\t\t\t\t\t\t\t<\/h2>\n\n\t\t\t\t<div class=\"wcorg-speaker-description\">\n\t\t\t\t\t<img alt='' src='https:\/\/secure.gravatar.com\/avatar\/6f65fca9c219994789e8e9994256ac7865622c8b9b3d6b4cdda65f95b3e405c0?s=100&#038;d=mm&#038;r=g' srcset='https:\/\/secure.gravatar.com\/avatar\/6f65fca9c219994789e8e9994256ac7865622c8b9b3d6b4cdda65f95b3e405c0?s=200&#038;d=mm&#038;r=g 2x' class='avatar avatar-100 photo' height='100' width='100' \/>\t\t\t\t\t<p>Eric es un <strong>emprendedor digital<\/strong> basado en Arizona. Tiene mas de 5 a\u00f1os experiencia desarrollando negocios basados en <strong>WordPress<\/strong>.\u00a0Comenz\u00f3 como dise\u00f1ador\/developer y ahora es due\u00f1o y socio de varias empresas. <a href=\"https:\/\/mexicocity.wordcamp.org\/2017\/speaker\/eric-arrington\/#more-515\" class=\"more-link\"><span aria-label=\"Continue reading Eric Arrington\">(more&hellip;)<\/span><\/a><\/p>\n\t\t\t\t<\/div>\n\t\t\t<\/div>\n\n\t\t\n\t\t\t<!-- Organizers note: The id attribute is deprecated and only remains for backwards compatibility, please use the corresponding class to target individual speakers -->\n\t\t\t<div id=\"wcorg-speaker-juan-pablo-gomez\" class=\"wcorg-speaker wcorg-speaker-juan-pablo-gomez wcorg-track-blogger\">\n\t\t\t\t<h2>\n\t\t\t\t\t\n\t\t\t\t\t\tJuan Pablo G\u00f3mez\n\t\t\t\t\t\t\t\t\t<\/h2>\n\n\t\t\t\t<div class=\"wcorg-speaker-description\">\n\t\t\t\t\t<img alt='' src='https:\/\/secure.gravatar.com\/avatar\/3c650ff4c58f405cf9b15494238198d765745a66a27478e8e46f698c43a7e83f?s=100&#038;d=mm&#038;r=g' srcset='https:\/\/secure.gravatar.com\/avatar\/3c650ff4c58f405cf9b15494238198d765745a66a27478e8e46f698c43a7e83f?s=200&#038;d=mm&#038;r=g 2x' class='avatar avatar-100 photo' height='100' width='100' \/>\t\t\t\t\t<p>Juan Pablo es un <strong>Web Designer<\/strong> basado en Nueva York. Cre\u00f3 (y quebr\u00f3) su primera p\u00e1gina en el 2004. Algunos de sus clientes son <strong>FC Harlem, NYCFC y The Nature of Cities<\/strong>.  <a href=\"https:\/\/mexicocity.wordcamp.org\/2017\/speaker\/juan-pablo-gomez\/#more-474\" class=\"more-link\"><span aria-label=\"Continue reading Juan Pablo G\u00f3mez\">(more&hellip;)<\/span><\/a><\/p>\n\t\t\t\t<\/div>\n\t\t\t<\/div>\n\n\t\t\n\t\t\t<!-- Organizers note: The id attribute is deprecated and only remains for backwards compatibility, please use the corresponding class to target individual speakers -->\n\t\t\t<div id=\"wcorg-speaker-maryl-gonzalez\" class=\"wcorg-speaker wcorg-speaker-maryl-gonzalez wcorg-track-developer\">\n\t\t\t\t<h2>\n\t\t\t\t\t\n\t\t\t\t\t\tMaryl Gonz\u00e1lez\n\t\t\t\t\t\t\t\t\t<\/h2>\n\n\t\t\t\t<div class=\"wcorg-speaker-description\">\n\t\t\t\t\t<img alt='' src='https:\/\/secure.gravatar.com\/avatar\/26bc6e3dd591da0da264750be71e3165de750556eea3db66db5594ead41a226f?s=100&#038;d=mm&#038;r=g' srcset='https:\/\/secure.gravatar.com\/avatar\/26bc6e3dd591da0da264750be71e3165de750556eea3db66db5594ead41a226f?s=200&#038;d=mm&#038;r=g 2x' class='avatar avatar-100 photo' height='100' width='100' \/>\t\t\t\t\t<div>Especializada en <strong>Product Design (UX\/UI)<\/strong> para plataformas web y m\u00f3viles, empleando metodolog\u00edas Scrum\/Agile en sus proyectos. Responsable de patrocinios y vinculaciones de <strong>TechWo<\/strong> (Tech Women Community). <a href=\"https:\/\/mexicocity.wordcamp.org\/2017\/speaker\/maryl-gonzalez\/#more-458\" class=\"more-link\"><span aria-label=\"Continue reading Maryl Gonz\u00e1lez\">(more&hellip;)<\/span><\/a><\/div>\n\t\t\t\t<\/div>\n\t\t\t<\/div>\n\n\t\t\n\t<\/div>\n\n\t\n","protected":false},"excerpt":{"rendered":"<p>En el WordCamp se ver\u00e1n distintos temas de inter\u00e9s para Bloggers, Dise\u00f1adores, Desarrolladores. Usuarios Casuales y m\u00e1s. Recuerda que ser\u00e1 el 27 de mayo, tendremos ponentes locales e internacionales, no te puedes perder la oportunidad de escuchar y aprender la informaci\u00f3n de primera mano de los siguientes ponentes:<\/p>\n","protected":false},"author":13690539,"featured_media":0,"parent":0,"menu_order":0,"comment_status":"closed","ping_status":"closed","template":"","meta":{"jetpack_post_was_ever_published":false,"footnotes":""},"class_list":["post-8","page","type-page","status-publish","hentry"],"jetpack_sharing_enabled":true,"jetpack_shortlink":"https:\/\/wp.me\/P8ag9O-8","_links":{"self":[{"href":"https:\/\/mexicocity.wordcamp.org\/2017\/wp-json\/wp\/v2\/pages\/8","targetHints":{"allow":["GET"]}}],"collection":[{"href":"https:\/\/mexicocity.wordcamp.org\/2017\/wp-json\/wp\/v2\/pages"}],"about":[{"href":"https:\/\/mexicocity.wordcamp.org\/2017\/wp-json\/wp\/v2\/types\/page"}],"author":[{"embeddable":true,"href":"https:\/\/mexicocity.wordcamp.org\/2017\/wp-json\/wp\/v2\/users\/13690539"}],"replies":[{"embeddable":true,"href":"https:\/\/mexicocity.wordcamp.org\/2017\/wp-json\/wp\/v2\/comments?post=8"}],"version-history":[{"count":13,"href":"https:\/\/mexicocity.wordcamp.org\/2017\/wp-json\/wp\/v2\/pages\/8\/revisions"}],"predecessor-version":[{"id":666,"href":"https:\/\/mexicocity.wordcamp.org\/2017\/wp-json\/wp\/v2\/pages\/8\/revisions\/666"}],"wp:attachment":[{"href":"https:\/\/mexicocity.wordcamp.org\/2017\/wp-json\/wp\/v2\/media?parent=8"}],"curies":[{"name":"wp","href":"https:\/\/api.w.org\/{rel}","templated":true}]}}