{"id":9,"date":"2016-11-30T09:56:52","date_gmt":"2016-11-30T09:56:52","guid":{"rendered":"https:\/\/2017.mexicocity.wordcamp.org\/sessions\/"},"modified":"2017-04-30T22:40:36","modified_gmt":"2017-05-01T03:40:36","slug":"platicas","status":"publish","type":"page","link":"https:\/\/mexicocity.wordcamp.org\/2017\/platicas\/","title":{"rendered":"Pl\u00e1ticas"},"content":{"rendered":"<p>Las pl\u00e1ticas ser\u00e1n de <strong>10:00<\/strong> de la ma\u00f1ana a<strong> 5:30<\/strong> de la tarde con 2 descansos y 1 break para box lunch. Se contar\u00e1 con <strong>dos espacios para los ponentes<\/strong> y tendr\u00e1s la opci\u00f3n de elegir a cu\u00e1l entrar, seg\u00fan sea tu inter\u00e9s y perfil.<\/p>\n<p>&#8211;&gt; <a href=\"https:\/\/2017.mexicocity.wordcamp.org\/tickets\/\" target=\"_blank\" rel=\"noopener noreferrer\">Consigue tu boleto AQU\u00cd.<\/a><\/p>\n<p>Te aseguramos que todas las charlas te proporcionar\u00e1n nueva informaci\u00f3n y conocimientos sobre el mundo <strong>digital<\/strong>:<\/p>\n\n\t<div class=\"wcorg-sessions\">\n\t\t\n\t\t\t<div id=\"wcorg-session-719\" class=\"wcorg-session\" >\n\t\t\t\t<h2>\n\t\t\t\t\tRegistro\t\t\t\t<\/h2>\n\n\t\t\t\t<div class=\"wcorg-session-description\">\n\t\t\t\t\t\t\t\t\t\t\t\t\t\t\t\t\t\t\t\t\n\t\t\t\t\t\t\t\t\t<\/div>\n\t\t\t<\/div>\n\n\t\t\n\t\t\t<div id=\"wcorg-session-721\" class=\"wcorg-session\" >\n\t\t\t\t<h2>\n\t\t\t\t\tInauguraci\u00f3n\t\t\t\t<\/h2>\n\n\t\t\t\t<div class=\"wcorg-session-description\">\n\t\t\t\t\t\t\t\t\t\t\t\t\t\t\t\t\t\t\t\t\n\t\t\t\t\t\t\t\t\t<\/div>\n\t\t\t<\/div>\n\n\t\t\n\t\t\t<div id=\"wcorg-session-1229\" class=\"wcorg-session\" >\n\t\t\t\t<h2>\n\t\t\t\t\t5 claves para un equipo remoto\t\t\t\t<\/h2>\n\n\t\t\t\t<div class=\"wcorg-session-description\">\n\t\t\t\t\t\t\t\t\t\t\t\t\t\t\t\t\t\t\t\t<p>5 claves para un equipo remoto &amp; WordPress<\/p>\n\n\t\t\t\t\t\t\t\t\t\t\t<ul class=\"wcorg-session-links\">\n\t\t\t\t\t\t\t\t\t\t\t\t\t\t\t<li>\n\t\t\t\t\t\t\t\t\t<a href=\"https:\/\/2017.mexicocity.wordcamp.org\/files\/2017\/05\/WCMEX-5-claves-para-un-equipo-remoto-Guillermo-Amor.pdf\">\n\t\t\t\t\t\t\t\t\t\tSlides\t\t\t\t\t\t\t\t\t<\/a>\n\t\t\t\t\t\t\t\t<\/li>\n\t\t\t\t\t\t\t\t\t\t\t\t\t<\/ul>\n\t\t\t\t\t\t\t\t\t<\/div>\n\t\t\t<\/div>\n\n\t\t\n\t\t\t<div id=\"wcorg-session-983\" class=\"wcorg-session\" >\n\t\t\t\t<h2>\n\t\t\t\t\tLa muerte de los medios tradicionales\t\t\t\t<\/h2>\n\n\t\t\t\t<div class=\"wcorg-session-description\">\n\t\t\t\t\t<img loading=\"lazy\" decoding=\"async\" width=\"604\" height=\"270\" src=\"https:\/\/mexicocity.wordcamp.org\/2017\/files\/2017\/05\/perfil-3-604x270.jpg\" class=\"attachment-post-thumbnail size-post-thumbnail wp-post-image\" alt=\"\" \/>\t\t\t\t\t\t\t\t\t\t\t\t\t\t\t\n\t\t\t\t\t\t\t\t\t<\/div>\n\t\t\t<\/div>\n\n\t\t\n\t\t\t<div id=\"wcorg-session-905\" class=\"wcorg-session\" >\n\t\t\t\t<h2>\n\t\t\t\t\tLa evoluci\u00f3n del UI en Web &amp; WordPress\t\t\t\t<\/h2>\n\n\t\t\t\t<div class=\"wcorg-session-description\">\n\t\t\t\t\t<img loading=\"lazy\" decoding=\"async\" width=\"604\" height=\"270\" src=\"https:\/\/mexicocity.wordcamp.org\/2017\/files\/2017\/05\/perfil-2-604x270.jpg\" class=\"attachment-post-thumbnail size-post-thumbnail wp-post-image\" alt=\"\" \/>\t\t\t\t\t\t\t\t\t\t\t\t\t\t\t<p>\u200bConocer\u00e1s la evoluci\u00f3n del lenguaje visual en WEB y WP, ademas de tendencias de interfaz en 2017. Se mostrar\u00e1 el uso de herramientas que nos permitir\u00e1n mejorar notablemente la creaci\u00f3n de interfaces gr\u00e1ficas.<\/p>\n\n\t\t\t\t\t\t\t\t\t<\/div>\n\t\t\t<\/div>\n\n\t\t\n\t\t\t<div id=\"wcorg-session-822\" class=\"wcorg-session\" >\n\t\t\t\t<h2>\n\t\t\t\t\tWordPress &amp; E-commerce\t\t\t\t<\/h2>\n\n\t\t\t\t<div class=\"wcorg-session-description\">\n\t\t\t\t\t<img loading=\"lazy\" decoding=\"async\" width=\"604\" height=\"270\" src=\"https:\/\/mexicocity.wordcamp.org\/2017\/files\/2017\/05\/perfil-1-604x270.jpg\" class=\"attachment-post-thumbnail size-post-thumbnail wp-post-image\" alt=\"\" \/>\t\t\t\t\t\t\t\t\t\t\t\t\t\t\t<p>Aprende a usar WordPress como soluci\u00f3n de Comercio Electr\u00f3nico. Compararemos soluciones para mostrar Ventajas y Desventajas.<\/p>\n\n\t\t\t\t\t\t\t\t\t\t\t<ul class=\"wcorg-session-links\">\n\t\t\t\t\t\t\t\t\t\t\t\t\t\t\t<li>\n\t\t\t\t\t\t\t\t\t<a href=\"https:\/\/2017.mexicocity.wordcamp.org\/files\/2017\/05\/WCMEX-WordPress-E-Commerce-Page-Carbajal.pptx\">\n\t\t\t\t\t\t\t\t\t\tSlides\t\t\t\t\t\t\t\t\t<\/a>\n\t\t\t\t\t\t\t\t<\/li>\n\t\t\t\t\t\t\t\t\t\t\t\t\t<\/ul>\n\t\t\t\t\t\t\t\t\t<\/div>\n\t\t\t<\/div>\n\n\t\t\n\t\t\t<div id=\"wcorg-session-805\" class=\"wcorg-session\" >\n\t\t\t\t<h2>\n\t\t\t\t\tLet&#8217;s Encrypt\t\t\t\t<\/h2>\n\n\t\t\t\t<div class=\"wcorg-session-description\">\n\t\t\t\t\t<img loading=\"lazy\" decoding=\"async\" width=\"604\" height=\"270\" src=\"https:\/\/mexicocity.wordcamp.org\/2017\/files\/2017\/05\/perfil-604x270.jpg\" class=\"attachment-post-thumbnail size-post-thumbnail wp-post-image\" alt=\"\" \/>\t\t\t\t\t\t\t\t\t\t\t\t\t\t\t<p>Let&#8217;s Encrypt, c\u00f3mo est\u00e1n cambiando el internet y por qu\u00e9 forman parte de la seguridad. \u00a0La importancia de tener un certificado de seguridad y c\u00f3mo implementarlo de manera pr\u00e1ctica y sencilla. <a href=\"https:\/\/mexicocity.wordcamp.org\/2017\/session\/lets-encrypt\/#more-805\" class=\"more-link\"><span aria-label=\"Continue reading Let&#8217;s Encrypt\">(more&hellip;)<\/span><\/a><\/p>\n\n\t\t\t\t\t\t\t\t\t\t\t<ul class=\"wcorg-session-links\">\n\t\t\t\t\t\t\t\t\t\t\t\t\t\t\t<li>\n\t\t\t\t\t\t\t\t\t<a href=\"https:\/\/2017.mexicocity.wordcamp.org\/files\/2017\/05\/WCMEX17-CristianSanchez-LetsEncrypt.pdf\">\n\t\t\t\t\t\t\t\t\t\tSlides\t\t\t\t\t\t\t\t\t<\/a>\n\t\t\t\t\t\t\t\t<\/li>\n\t\t\t\t\t\t\t\t\t\t\t\t\t<\/ul>\n\t\t\t\t\t\t\t\t\t<\/div>\n\t\t\t<\/div>\n\n\t\t\n\t\t\t<div id=\"wcorg-session-750\" class=\"wcorg-session\" >\n\t\t\t\t<h2>\n\t\t\t\t\tC\u00f3mo monetizar un blog, ya sea por hobbie o profesi\u00f3n\t\t\t\t<\/h2>\n\n\t\t\t\t<div class=\"wcorg-session-description\">\n\t\t\t\t\t<img loading=\"lazy\" decoding=\"async\" width=\"604\" height=\"270\" src=\"https:\/\/mexicocity.wordcamp.org\/2017\/files\/2017\/04\/perfil-10-604x270.jpg\" class=\"attachment-post-thumbnail size-post-thumbnail wp-post-image\" alt=\"\" \/>\t\t\t\t\t\t\t\t\t\t\t\t\t\t\t<p>Aprende las distintas formas de monetizaci\u00f3n ya sea por hobbie, pasi\u00f3n o profesi\u00f3n y que te permita generar ingresos recurrentes<\/p>\n\n\t\t\t\t\t\t\t\t\t\t\t<ul class=\"wcorg-session-links\">\n\t\t\t\t\t\t\t\t\t\t\t\t\t\t\t<li>\n\t\t\t\t\t\t\t\t\t<a href=\"https:\/\/2017.mexicocity.wordcamp.org\/files\/2017\/05\/WCMEX-Como-monetizar-un-blog-Jean-Saldana.pdf\">\n\t\t\t\t\t\t\t\t\t\tSlides\t\t\t\t\t\t\t\t\t<\/a>\n\t\t\t\t\t\t\t\t<\/li>\n\t\t\t\t\t\t\t\t\t\t\t\t\t<\/ul>\n\t\t\t\t\t\t\t\t\t<\/div>\n\t\t\t<\/div>\n\n\t\t\n\t\t\t<div id=\"wcorg-session-741\" class=\"wcorg-session\" >\n\t\t\t\t<h2>\n\t\t\t\t\tEl contenido es el rey\t\t\t\t<\/h2>\n\n\t\t\t\t<div class=\"wcorg-session-description\">\n\t\t\t\t\t<img loading=\"lazy\" decoding=\"async\" width=\"604\" height=\"270\" src=\"https:\/\/mexicocity.wordcamp.org\/2017\/files\/2017\/04\/perfil-9-604x270.jpg\" class=\"attachment-post-thumbnail size-post-thumbnail wp-post-image\" alt=\"\" \/>\t\t\t\t\t\t\t\t\t\t\t\t\t\t\t<p>La importancia del contenido para impulsar tu blog en los motores de b\u00fasqueda y fidelizar con tu audiencia.<\/p>\n\n\t\t\t\t\t\t\t\t\t\t\t<ul class=\"wcorg-session-links\">\n\t\t\t\t\t\t\t\t\t\t\t\t\t\t\t<li>\n\t\t\t\t\t\t\t\t\t<a href=\"https:\/\/2017.mexicocity.wordcamp.org\/files\/2017\/05\/WCMEX-El-contenido-es-el-rey-Jonathan-Zamacona.pdf\">\n\t\t\t\t\t\t\t\t\t\tSlides\t\t\t\t\t\t\t\t\t<\/a>\n\t\t\t\t\t\t\t\t<\/li>\n\t\t\t\t\t\t\t\t\t\t\t\t\t<\/ul>\n\t\t\t\t\t\t\t\t\t<\/div>\n\t\t\t<\/div>\n\n\t\t\n\t\t\t<div id=\"wcorg-session-716\" class=\"wcorg-session\" >\n\t\t\t\t<h2>\n\t\t\t\t\tLa importancia de AMP\t\t\t\t<\/h2>\n\n\t\t\t\t<div class=\"wcorg-session-description\">\n\t\t\t\t\t<img loading=\"lazy\" decoding=\"async\" width=\"604\" height=\"270\" src=\"https:\/\/mexicocity.wordcamp.org\/2017\/files\/2017\/04\/perfil-8-604x270.jpg\" class=\"attachment-post-thumbnail size-post-thumbnail wp-post-image\" alt=\"\" \/>\t\t\t\t\t\t\t\t\t\t\t\t\t\t\t<p>El principal objetivo de la charla es ver\u00a0lo importante que es hoy en d\u00eda un sitio web optimizado, r\u00e1pido y flexible, y el c\u00f3mo hacerlo, representando la importancia de AMP.<\/p>\n\n\t\t\t\t\t\t\t\t\t<\/div>\n\t\t\t<\/div>\n\n\t\t\n\t\t\t<div id=\"wcorg-session-704\" class=\"wcorg-session\" >\n\t\t\t\t<h2>\n\t\t\t\t\tUX for life\t\t\t\t<\/h2>\n\n\t\t\t\t<div class=\"wcorg-session-description\">\n\t\t\t\t\t<img loading=\"lazy\" decoding=\"async\" width=\"604\" height=\"270\" src=\"https:\/\/mexicocity.wordcamp.org\/2017\/files\/2017\/04\/perfil-7-604x270.jpg\" class=\"attachment-post-thumbnail size-post-thumbnail wp-post-image\" alt=\"\" \/>\t\t\t\t\t\t\t\t\t\t\t\t\t\t\t<p>Aprende de la mano de una dise\u00f1adora UX|UI que trabaja en Google e INSITUM \u00bfPor qu\u00e9 UX es esencial para proyecto y empresa?<\/p>\n\n\t\t\t\t\t\t\t\t\t\t\t<ul class=\"wcorg-session-links\">\n\t\t\t\t\t\t\t\t\t\t\t\t\t\t\t<li>\n\t\t\t\t\t\t\t\t\t<a href=\"https:\/\/2017.mexicocity.wordcamp.org\/files\/2017\/05\/WCMEX17-arantxa-mendoza-UX-for-Life.pdf\">\n\t\t\t\t\t\t\t\t\t\tSlides\t\t\t\t\t\t\t\t\t<\/a>\n\t\t\t\t\t\t\t\t<\/li>\n\t\t\t\t\t\t\t\t\t\t\t\t\t\t\t<li>\n\t\t\t\t\t\t\t\t\t<a href=\"https:\/\/wordpress.tv\/2017\/08\/17\/arantxa-mendoza-ux-for-life\/\">\n\t\t\t\t\t\t\t\t\t\tVideo\t\t\t\t\t\t\t\t\t<\/a>\n\t\t\t\t\t\t\t\t<\/li>\n\t\t\t\t\t\t\t\t\t\t\t\t\t<\/ul>\n\t\t\t\t\t\t\t\t\t<\/div>\n\t\t\t<\/div>\n\n\t\t\n\t\t\t<div id=\"wcorg-session-658\" class=\"wcorg-session\" >\n\t\t\t\t<h2>\n\t\t\t\t\tAmbientes en Vagrant y Docker\t\t\t\t<\/h2>\n\n\t\t\t\t<div class=\"wcorg-session-description\">\n\t\t\t\t\t<img loading=\"lazy\" decoding=\"async\" width=\"604\" height=\"270\" src=\"https:\/\/mexicocity.wordcamp.org\/2017\/files\/2017\/04\/perfil-6-604x270.jpg\" class=\"attachment-post-thumbnail size-post-thumbnail wp-post-image\" alt=\"\" \/>\t\t\t\t\t\t\t\t\t\t\t\t\t\t\t<p>Crea un ambiente de trabajo local dise\u00f1ado a la medida de WordPress. Aprende de Vagrant (VVV) y Docker antes de pasar tu sitio a producci\u00f3n.<\/p>\n\n\t\t\t\t\t\t\t\t\t<\/div>\n\t\t\t<\/div>\n\n\t\t\n\t\t\t<div id=\"wcorg-session-641\" class=\"wcorg-session\" >\n\t\t\t\t<h2>\n\t\t\t\t\tEjecuci\u00f3n exitosa de sitios web\t\t\t\t<\/h2>\n\n\t\t\t\t<div class=\"wcorg-session-description\">\n\t\t\t\t\t<img loading=\"lazy\" decoding=\"async\" width=\"604\" height=\"270\" src=\"https:\/\/mexicocity.wordcamp.org\/2017\/files\/2017\/04\/perfil-5-604x270.jpg\" class=\"attachment-post-thumbnail size-post-thumbnail wp-post-image\" alt=\"\" \/>\t\t\t\t\t\t\t\t\t\t\t\t\t\t\t<p>Se dar\u00e1n a conocer ciertos pasos clave que debe de contener un sitio web, para que se traduzca en un proyecto exitoso.<\/p>\n\n\t\t\t\t\t\t\t\t\t\t\t<ul class=\"wcorg-session-links\">\n\t\t\t\t\t\t\t\t\t\t\t\t\t\t\t<li>\n\t\t\t\t\t\t\t\t\t<a href=\"https:\/\/2017.mexicocity.wordcamp.org\/files\/2017\/05\/WCMEX17-Carlos-Olivares-Ejecucion-Proyectos-Exitosos.pptx\">\n\t\t\t\t\t\t\t\t\t\tSlides\t\t\t\t\t\t\t\t\t<\/a>\n\t\t\t\t\t\t\t\t<\/li>\n\t\t\t\t\t\t\t\t\t\t\t\t\t<\/ul>\n\t\t\t\t\t\t\t\t\t<\/div>\n\t\t\t<\/div>\n\n\t\t\n\t\t\t<div id=\"wcorg-session-636\" class=\"wcorg-session\" >\n\t\t\t\t<h2>\n\t\t\t\t\tImportancia de Posicionar tu sitio: SEO\t\t\t\t<\/h2>\n\n\t\t\t\t<div class=\"wcorg-session-description\">\n\t\t\t\t\t<img loading=\"lazy\" decoding=\"async\" width=\"604\" height=\"270\" src=\"https:\/\/mexicocity.wordcamp.org\/2017\/files\/2017\/04\/pablo-herrada2-604x270.jpg\" class=\"attachment-post-thumbnail size-post-thumbnail wp-post-image\" alt=\"\" \/>\t\t\t\t\t\t\t\t\t\t\t\t\t\t\t<p>Piensa en SEO antes y despu\u00e9s de tu sitio web.\u00a0Veremos las principales herramientas para posicionar y medir el crecimiento org\u00e1nico de tu sitio en WordPress.<\/p>\n\n\t\t\t\t\t\t\t\t\t\t\t<ul class=\"wcorg-session-links\">\n\t\t\t\t\t\t\t\t\t\t\t\t\t\t\t<li>\n\t\t\t\t\t\t\t\t\t<a href=\"https:\/\/2017.mexicocity.wordcamp.org\/files\/2017\/05\/WCMEX-SEO-PabloHerrada.pdf\">\n\t\t\t\t\t\t\t\t\t\tSlides\t\t\t\t\t\t\t\t\t<\/a>\n\t\t\t\t\t\t\t\t<\/li>\n\t\t\t\t\t\t\t\t\t\t\t\t\t\t\t<li>\n\t\t\t\t\t\t\t\t\t<a href=\"https:\/\/wordpress.tv\/2017\/08\/15\/pablo-herrada-importancia-de-posicionar-tu-sitio-seo\/\">\n\t\t\t\t\t\t\t\t\t\tVideo\t\t\t\t\t\t\t\t\t<\/a>\n\t\t\t\t\t\t\t\t<\/li>\n\t\t\t\t\t\t\t\t\t\t\t\t\t<\/ul>\n\t\t\t\t\t\t\t\t\t<\/div>\n\t\t\t<\/div>\n\n\t\t\n\t\t\t<div id=\"wcorg-session-627\" class=\"wcorg-session\" >\n\t\t\t\t<h2>\n\t\t\t\t\tPr\u00e1cticas en AdSense y Microformatos de Google\t\t\t\t<\/h2>\n\n\t\t\t\t<div class=\"wcorg-session-description\">\n\t\t\t\t\t<img loading=\"lazy\" decoding=\"async\" width=\"604\" height=\"270\" src=\"https:\/\/mexicocity.wordcamp.org\/2017\/files\/2017\/04\/perfil-4-604x270.jpg\" class=\"attachment-post-thumbnail size-post-thumbnail wp-post-image\" alt=\"\" \/>\t\t\t\t\t\t\t\t\t\t\t\t\t\t\t<p>Se resaltar\u00e1\u00a0la importancia de AMP y otros microformatos sugeridos por Google para mejorar los resultados de conversi\u00f3n de AdSense.<\/p>\n\n\t\t\t\t\t\t\t\t\t<\/div>\n\t\t\t<\/div>\n\n\t\t\n\t\t\t<div id=\"wcorg-session-605\" class=\"wcorg-session\" >\n\t\t\t\t<h2>\n\t\t\t\t\tTesteando WordPress de manera simple\t\t\t\t<\/h2>\n\n\t\t\t\t<div class=\"wcorg-session-description\">\n\t\t\t\t\t<img loading=\"lazy\" decoding=\"async\" width=\"604\" height=\"270\" src=\"https:\/\/mexicocity.wordcamp.org\/2017\/files\/2017\/04\/perfil-3-604x270.jpg\" class=\"attachment-post-thumbnail size-post-thumbnail wp-post-image\" alt=\"\" \/>\t\t\t\t\t\t\t\t\t\t\t\t\t\t\t<p>El testing de plugins y sitios de WordPress no es un tema habitualmente conversado entre dise\u00f1adores, usuarios casuales, developers\u00a0o administradores.<\/p>\n<p>La idea de esta charla es mostrar cuan f\u00e1cil es usar una serie de poderosas herramientas que facilitan el testeo y mejoran nuestro c\u00f3digo y markup.<\/p>\n\n\t\t\t\t\t\t\t\t\t\t\t<ul class=\"wcorg-session-links\">\n\t\t\t\t\t\t\t\t\t\t\t\t\t\t\t<li>\n\t\t\t\t\t\t\t\t\t<a href=\"https:\/\/2017.mexicocity.wordcamp.org\/files\/2017\/05\/WCMEX-Testeando-WordPress-de-Manera-Simple-Gabriel-Pleszowski.pptx\">\n\t\t\t\t\t\t\t\t\t\tSlides\t\t\t\t\t\t\t\t\t<\/a>\n\t\t\t\t\t\t\t\t<\/li>\n\t\t\t\t\t\t\t\t\t\t\t\t\t\t\t<li>\n\t\t\t\t\t\t\t\t\t<a href=\"https:\/\/wordpress.tv\/2017\/08\/22\/gabriel-pleszowski-testeando-wordpress-de-manera-simple\/\">\n\t\t\t\t\t\t\t\t\t\tVideo\t\t\t\t\t\t\t\t\t<\/a>\n\t\t\t\t\t\t\t\t<\/li>\n\t\t\t\t\t\t\t\t\t\t\t\t\t<\/ul>\n\t\t\t\t\t\t\t\t\t<\/div>\n\t\t\t<\/div>\n\n\t\t\n\t\t\t<div id=\"wcorg-session-519\" class=\"wcorg-session\" >\n\t\t\t\t<h2>\n\t\t\t\t\tUtilizaci\u00f3n de APIs\t\t\t\t<\/h2>\n\n\t\t\t\t<div class=\"wcorg-session-description\">\n\t\t\t\t\t<img loading=\"lazy\" decoding=\"async\" width=\"604\" height=\"270\" src=\"https:\/\/mexicocity.wordcamp.org\/2017\/files\/2017\/04\/perfil-2-604x270.jpg\" class=\"attachment-post-thumbnail size-post-thumbnail wp-post-image\" alt=\"\" \/>\t\t\t\t\t\t\t\t\t\t\t\t\t\t\t<p>C\u00f3mo integrar APIs externos para mejorar tus sitios en WordPress.<\/p>\n<p>C\u00f3mo integrarlos,\u00a0utilizando APIs externos como de YouTube, Clima, o de otros sitios usando el REST API.<\/p>\n\n\t\t\t\t\t\t\t\t\t\t\t<ul class=\"wcorg-session-links\">\n\t\t\t\t\t\t\t\t\t\t\t\t\t\t\t<li>\n\t\t\t\t\t\t\t\t\t<a href=\"https:\/\/2017.mexicocity.wordcamp.org\/files\/2017\/05\/WCMEX17-eric-arrington-APIS.pptx\">\n\t\t\t\t\t\t\t\t\t\tSlides\t\t\t\t\t\t\t\t\t<\/a>\n\t\t\t\t\t\t\t\t<\/li>\n\t\t\t\t\t\t\t\t\t\t\t\t\t<\/ul>\n\t\t\t\t\t\t\t\t\t<\/div>\n\t\t\t<\/div>\n\n\t\t\n\t\t\t<div id=\"wcorg-session-723\" class=\"wcorg-session\" >\n\t\t\t\t<h2>\n\t\t\t\t\tBox Lunch\t\t\t\t<\/h2>\n\n\t\t\t\t<div class=\"wcorg-session-description\">\n\t\t\t\t\t\t\t\t\t\t\t\t\t\t\t\t\t\t\t\t\n\t\t\t\t\t\t\t\t\t<\/div>\n\t\t\t<\/div>\n\n\t\t\n\t\t\t<div id=\"wcorg-session-476\" class=\"wcorg-session\" >\n\t\t\t\t<h2>\n\t\t\t\t\tLleg\u00f3 CSS Grid\t\t\t\t<\/h2>\n\n\t\t\t\t<div class=\"wcorg-session-description\">\n\t\t\t\t\t<img loading=\"lazy\" decoding=\"async\" width=\"604\" height=\"270\" src=\"https:\/\/mexicocity.wordcamp.org\/2017\/files\/2017\/04\/perfil-1-604x270.jpg\" class=\"attachment-post-thumbnail size-post-thumbnail wp-post-image\" alt=\"\" \/>\t\t\t\t\t\t\t\t\t\t\t\t\t\t\t<div>\n<div>Revoluciona el UI \/ UX de tu sitio web creado con WordPress con la llegada de\u00a0CSS Grid.<\/div>\n<div><\/div>\n<div>Charla dedicada para designers y developers. Te contar\u00e9 sobre las nuevas oportunidades que ofrece CSS Grid, ya que flexbox ayud\u00f3 bastante pero Grid es el siguiente paso.<\/div>\n<\/div>\n\n\t\t\t\t\t\t\t\t\t\t\t<ul class=\"wcorg-session-links\">\n\t\t\t\t\t\t\t\t\t\t\t\t\t\t\t<li>\n\t\t\t\t\t\t\t\t\t<a href=\"https:\/\/2017.mexicocity.wordcamp.org\/files\/2017\/05\/WCMEX-CSSGrid-Juan-Pablo-Gomez.pdf\">\n\t\t\t\t\t\t\t\t\t\tSlides\t\t\t\t\t\t\t\t\t<\/a>\n\t\t\t\t\t\t\t\t<\/li>\n\t\t\t\t\t\t\t\t\t\t\t\t\t\t\t<li>\n\t\t\t\t\t\t\t\t\t<a href=\"https:\/\/wordpress.tv\/2017\/08\/16\/juan-pablo-gomez-llego-css-grid\/\">\n\t\t\t\t\t\t\t\t\t\tVideo\t\t\t\t\t\t\t\t\t<\/a>\n\t\t\t\t\t\t\t\t<\/li>\n\t\t\t\t\t\t\t\t\t\t\t\t\t<\/ul>\n\t\t\t\t\t\t\t\t\t<\/div>\n\t\t\t<\/div>\n\n\t\t\n\t\t\t<div id=\"wcorg-session-463\" class=\"wcorg-session\" >\n\t\t\t\t<h2>\n\t\t\t\t\tTECH &amp; Women\t\t\t\t<\/h2>\n\n\t\t\t\t<div class=\"wcorg-session-description\">\n\t\t\t\t\t<img loading=\"lazy\" decoding=\"async\" width=\"604\" height=\"270\" src=\"https:\/\/mexicocity.wordcamp.org\/2017\/files\/2017\/04\/perfil-604x270.jpg\" class=\"attachment-post-thumbnail size-post-thumbnail wp-post-image\" alt=\"\" \/>\t\t\t\t\t\t\t\t\t\t\t\t\t\t\t<p>El asistente aprender\u00e1 a trav\u00e9s de la charla, m\u00e9todos de c\u00f3mo utilizar WordPress como plataforma aliada para gestionar el sitio Web de su comunidad (y c\u00f3mo iniciar una). Se mostrar\u00e1\u00a0brevemente la informaci\u00f3n sobre\u00a0la Mujer en CyT con\u00a0cifras actuales del rol de la mujer en el \u00e1rea de la tecnolog\u00eda <a href=\"https:\/\/mexicocity.wordcamp.org\/2017\/session\/tech-women\/#more-463\" class=\"more-link\"><span aria-label=\"Continue reading TECH &amp; Women\">(more&hellip;)<\/span><\/a><\/p>\n\n\t\t\t\t\t\t\t\t\t<\/div>\n\t\t\t<\/div>\n\n\t\t\n\t\t\t<div id=\"wcorg-session-728\" class=\"wcorg-session\" >\n\t\t\t\t<h2>\n\t\t\t\t\tClausura\t\t\t\t<\/h2>\n\n\t\t\t\t<div class=\"wcorg-session-description\">\n\t\t\t\t\t\t\t\t\t\t\t\t\t\t\t\t\t\t\t\t\n\t\t\t\t\t\t\t\t\t<\/div>\n\t\t\t<\/div>\n\n\t\t\n\t\t\t<div id=\"wcorg-session-734\" class=\"wcorg-session\" >\n\t\t\t\t<h2>\n\t\t\t\t\tDescanso\t\t\t\t<\/h2>\n\n\t\t\t\t<div class=\"wcorg-session-description\">\n\t\t\t\t\t\t\t\t\t\t\t\t\t\t\t\t\t\t\t\t\n\t\t\t\t\t\t\t\t\t<\/div>\n\t\t\t<\/div>\n\n\t\t\t<\/div><!-- .wcorg-sessions -->\n\n\t\n","protected":false},"excerpt":{"rendered":"<p>Las pl\u00e1ticas ser\u00e1n de 10:00 de la ma\u00f1ana a 5:30 de la tarde con 2 descansos y 1 break para box lunch. Se contar\u00e1 con dos espacios para los ponentes y tendr\u00e1s la opci\u00f3n de elegir a cu\u00e1l entrar, seg\u00fan sea tu inter\u00e9s y perfil. &#8211;&gt; Consigue tu boleto AQU\u00cd. Te aseguramos que todas las &hellip; <a href=\"https:\/\/mexicocity.wordcamp.org\/2017\/session\/descanso\/\" class=\"more-link\">Continue reading <span class=\"screen-reader-text\">Descanso<\/span> <span class=\"meta-nav\">&rarr;<\/span><\/a><\/p>\n","protected":false},"author":13690539,"featured_media":0,"parent":0,"menu_order":0,"comment_status":"closed","ping_status":"closed","template":"","meta":{"jetpack_post_was_ever_published":false,"footnotes":""},"class_list":["post-9","page","type-page","status-publish","hentry"],"jetpack_sharing_enabled":true,"jetpack_shortlink":"https:\/\/wp.me\/P8ag9O-9","_links":{"self":[{"href":"https:\/\/mexicocity.wordcamp.org\/2017\/wp-json\/wp\/v2\/pages\/9","targetHints":{"allow":["GET"]}}],"collection":[{"href":"https:\/\/mexicocity.wordcamp.org\/2017\/wp-json\/wp\/v2\/pages"}],"about":[{"href":"https:\/\/mexicocity.wordcamp.org\/2017\/wp-json\/wp\/v2\/types\/page"}],"author":[{"embeddable":true,"href":"https:\/\/mexicocity.wordcamp.org\/2017\/wp-json\/wp\/v2\/users\/13690539"}],"replies":[{"embeddable":true,"href":"https:\/\/mexicocity.wordcamp.org\/2017\/wp-json\/wp\/v2\/comments?post=9"}],"version-history":[{"count":7,"href":"https:\/\/mexicocity.wordcamp.org\/2017\/wp-json\/wp\/v2\/pages\/9\/revisions"}],"predecessor-version":[{"id":776,"href":"https:\/\/mexicocity.wordcamp.org\/2017\/wp-json\/wp\/v2\/pages\/9\/revisions\/776"}],"wp:attachment":[{"href":"https:\/\/mexicocity.wordcamp.org\/2017\/wp-json\/wp\/v2\/media?parent=9"}],"curies":[{"name":"wp","href":"https:\/\/api.w.org\/{rel}","templated":true}]}}