{"id":10,"date":"2018-03-09T12:51:23","date_gmt":"2018-03-09T12:51:23","guid":{"rendered":"https:\/\/2018.mexicocity.wordcamp.org\/sponsors\/"},"modified":"2018-07-04T04:27:26","modified_gmt":"2018-07-04T04:27:26","slug":"sponsors","status":"publish","type":"page","link":"https:\/\/mexicocity.wordcamp.org\/2018\/sponsors\/","title":{"rendered":"Sponsors"},"content":{"rendered":"<h3>Nuestros Sponsors<\/h3>\n\n\t<div class=\"wcorg-sponsors\">\n\t\t\n\t\t\t<div class=\"wcorg-sponsor-level-gold\">\n\t\t\t\t<h2>Gold<\/h2>\n\n\t\t\t\t\n\t\t\t\t\t<div id=\"wcorg-sponsor-22\" class=\"wcorg-sponsor\">\n\t\t\t\t\t\t\t\t\t\t\t\t\t\t\t\t\t\t\t\t\t<h3>\n\t\t\t\t\t\t\t\t\tWooCommerce\t\t\t\t\t\t\t\t<\/h3>\n\t\t\t\t\t\t\t\t\t\t\t\t\t\n\t\t\t\t\t\t<div class=\"wcorg-sponsor-description\">\n\t\t\t\t\t\t\t\t\t\t\t\t\t\t\t<img loading=\"lazy\" decoding=\"async\" width=\"432\" height=\"87\" src=\"https:\/\/mexicocity.wordcamp.org\/2018\/files\/2018\/03\/woocommerce_logo.png\" class=\"attachment-wcb-sponsor-logo-horizontal-2x size-wcb-sponsor-logo-horizontal-2x wp-post-image\" alt=\"WooCommerce\" srcset=\"https:\/\/mexicocity.wordcamp.org\/2018\/files\/2018\/03\/woocommerce_logo.png 432w, https:\/\/mexicocity.wordcamp.org\/2018\/files\/2018\/03\/woocommerce_logo-300x60.png 300w\" sizes=\"auto, (max-width: 432px) 100vw, 432px\" \/>\t\t\t\t\t\t\t\n\t\t\t\t\t\t\t\t\t\t\t\t\t\t\t<p>28% of all online stores are powered by WooCommerce. Built on WordPress, WooCommerce is a fully customizable, open source\u00a0eCommerce\u00a0solution.<\/p>\n<ul>\n<li><a href=\"https:\/\/wordpress.org\/plugins\/woocommerce\/stats\/\" rel=\"nofollow\">3+ million active installations<\/a><\/li>\n<li>34+ million downloads<\/li>\n<li>450+ extensions to add functionality<\/li>\n<\/ul>\n<p>Whether you\u2019re selling a few handcrafted items to a niche market, taking an existing business online, or going global with an enterprise level eCommerce business\u00a0\u2013 WooCommerce will get you set up and selling fast and\u00a0scale securely as you grow. Plus your content will be forever yours and customizable down to the finest button color.<\/p>\n<p>Developed and supported by a distributed team, WooCommerce is powered\u00a0by Automattic, the creators of WordPress.com.<\/p>\n\t\t\t\t\t\t\t\t\t\t\t\t\t<\/div>\n\t\t\t\t\t<\/div><!-- #sponsor -->\n\t\t\t\t\n\t\t\t\t\t<div id=\"wcorg-sponsor-24\" class=\"wcorg-sponsor\">\n\t\t\t\t\t\t\t\t\t\t\t\t\t\t\t\t\t\t\t\t\t<h3>\n\t\t\t\t\t\t\t\t\tJetpack\t\t\t\t\t\t\t\t<\/h3>\n\t\t\t\t\t\t\t\t\t\t\t\t\t\n\t\t\t\t\t\t<div class=\"wcorg-sponsor-description\">\n\t\t\t\t\t\t\t\t\t\t\t\t\t\t\t<img loading=\"lazy\" decoding=\"async\" width=\"545\" height=\"150\" src=\"https:\/\/mexicocity.wordcamp.org\/2018\/files\/2018\/03\/Jetpack_Horizontal_RGB-1.png\" class=\"attachment-wcb-sponsor-logo-horizontal-2x size-wcb-sponsor-logo-horizontal-2x wp-post-image\" alt=\"Jetpack\" srcset=\"https:\/\/mexicocity.wordcamp.org\/2018\/files\/2018\/03\/Jetpack_Horizontal_RGB-1.png 545w, https:\/\/mexicocity.wordcamp.org\/2018\/files\/2018\/03\/Jetpack_Horizontal_RGB-1-300x83.png 300w, https:\/\/mexicocity.wordcamp.org\/2018\/files\/2018\/03\/Jetpack_Horizontal_RGB-1-500x138.png 500w\" sizes=\"auto, (max-width: 545px) 100vw, 545px\" \/>\t\t\t\t\t\t\t\n\t\t\t\t\t\t\t\t\t\t\t\t\t\t\t<p>Transform how you work with your WordPress sites and rest easy knowing they\u2019re always firing on all cylinders. Jetpack connects your site to the global services, community, and support provided by WordPress.com so you can focus on the stuff that matters.<\/p>\n<p>Jetpack automatically shields your site from the unwanted attention of spammers, hackers, and malware, while real-time sync and backup means you don\u2019t have to worry about data loss. Straightforward traffic-building tools help you attract the attention of readers and search engines. Pages and videos are delivered at high speed from a global, ad-free content delivery network.<\/p>\n<p>With Jetpack\u2019s Affiliate program you can earn 20% for every sale of Jetpack to your customers and clients. And with unlimited referrals, the sky\u2019s the limit! Refer as many clients and contacts as you can, and get paid for every sale you generate.<\/p>\n<p>Make your site work for you. Get your Jetpack today at <a href=\"http:\/\/jetpack.com\" rel=\"nofollow\">Jetpack.com<\/a><\/p>\n\t\t\t\t\t\t\t\t\t\t\t\t\t<\/div>\n\t\t\t\t\t<\/div><!-- #sponsor -->\n\t\t\t\t\n\t\t\t\t\t<div id=\"wcorg-sponsor-26\" class=\"wcorg-sponsor\">\n\t\t\t\t\t\t\t\t\t\t\t\t\t\t\t\t\t\t\t\t\t<h3>\n\t\t\t\t\t\t\t\t\tBluehost\t\t\t\t\t\t\t\t<\/h3>\n\t\t\t\t\t\t\t\t\t\t\t\t\t\n\t\t\t\t\t\t<div class=\"wcorg-sponsor-description\">\n\t\t\t\t\t\t\t\t\t\t\t\t\t\t\t<img loading=\"lazy\" decoding=\"async\" width=\"651\" height=\"137\" src=\"https:\/\/mexicocity.wordcamp.org\/2018\/files\/2018\/03\/bh_logo_2015.png\" class=\"attachment-wcb-sponsor-logo-horizontal-2x size-wcb-sponsor-logo-horizontal-2x wp-post-image\" alt=\"Bluehost\" srcset=\"https:\/\/mexicocity.wordcamp.org\/2018\/files\/2018\/03\/bh_logo_2015.png 651w, https:\/\/mexicocity.wordcamp.org\/2018\/files\/2018\/03\/bh_logo_2015-300x63.png 300w, https:\/\/mexicocity.wordcamp.org\/2018\/files\/2018\/03\/bh_logo_2015-500x105.png 500w\" sizes=\"auto, (max-width: 651px) 100vw, 651px\" \/>\t\t\t\t\t\t\t\n\t\t\t\t\t\t\t\t\t\t\t\t\t\t\t<p><a href=\"https:\/\/www.bluehost.com\/\" rel=\"nofollow\">Bluehost<\/a> has been a WordPress partner since 2005 and powers over 1 million WordPress sites worldwide. Their objective is to help customers, whether novice or pro, create a thriving online presence at an affordable price. With a team of in-house tech experts available 24\/7, Bluehost dedicates time and resources to providing the best support and services in the industry. Join millions of other site owners and see what Bluehost can do for you and your online presence.<\/p>\n\t\t\t\t\t\t\t\t\t\t\t\t\t<\/div>\n\t\t\t\t\t<\/div><!-- #sponsor -->\n\t\t\t\t\n\t\t\t\t\t<div id=\"wcorg-sponsor-693\" class=\"wcorg-sponsor\">\n\t\t\t\t\t\t\t\t\t\t\t\t\t\t\t\t\t\t\t\t\t<h3>\n\t\t\t\t\t\t\t\t\tOpenpay\t\t\t\t\t\t\t\t<\/h3>\n\t\t\t\t\t\t\t\t\t\t\t\t\t\n\t\t\t\t\t\t<div class=\"wcorg-sponsor-description\">\n\t\t\t\t\t\t\t\t\t\t\t\t\t\t\t<img loading=\"lazy\" decoding=\"async\" width=\"290\" height=\"90\" src=\"https:\/\/mexicocity.wordcamp.org\/2018\/files\/2018\/08\/openpay.png\" class=\"attachment-wcb-sponsor-logo-horizontal-2x size-wcb-sponsor-logo-horizontal-2x wp-post-image\" alt=\"Openpay\" \/>\t\t\t\t\t\t\t\n\t\t\t\t\t\t\t\t\t\t\t\t\t\t\t<p><b>Openpay<\/b>\u00a0es una plataforma de pagos que permite de manera r\u00e1pida y sencilla aceptar pagos en tu sitio web o app. Nuestro servicio soporta diferentes modelos de negocio como: Marketplaces, tiendas en l\u00ednea, pagos por suscripciones, aplicaciones m\u00f3viles, dispersiones a tercertos, crowdfunding y otros.<\/p>\n<p>Mas en <a href=\"https:\/\/www.openpay.mx\/\" rel=\"nofollow\">Openpay<\/a><\/p>\n\t\t\t\t\t\t\t\t\t\t\t\t\t<\/div>\n\t\t\t\t\t<\/div><!-- #sponsor -->\n\t\t\t\t\t\t\t<\/div><!-- .wcorg-sponsor-level -->\n\t\t\n\t\t\t<div class=\"wcorg-sponsor-level-silver\">\n\t\t\t\t<h2>Silver<\/h2>\n\n\t\t\t\t\n\t\t\t\t\t<div id=\"wcorg-sponsor-28\" class=\"wcorg-sponsor\">\n\t\t\t\t\t\t\t\t\t\t\t\t\t\t\t\t\t\t\t\t\t<h3>\n\t\t\t\t\t\t\t\t\tGoDaddy\t\t\t\t\t\t\t\t<\/h3>\n\t\t\t\t\t\t\t\t\t\t\t\t\t\n\t\t\t\t\t\t<div class=\"wcorg-sponsor-description\">\n\t\t\t\t\t\t\t\t\t\t\t\t\t\t\t<img loading=\"lazy\" decoding=\"async\" width=\"400\" height=\"91\" src=\"https:\/\/mexicocity.wordcamp.org\/2018\/files\/2018\/03\/GoDaddy_Pro_RGB_Full_B2.png\" class=\"attachment-wcb-sponsor-logo-horizontal-2x size-wcb-sponsor-logo-horizontal-2x wp-post-image\" alt=\"GoDaddy\" srcset=\"https:\/\/mexicocity.wordcamp.org\/2018\/files\/2018\/03\/GoDaddy_Pro_RGB_Full_B2.png 400w, https:\/\/mexicocity.wordcamp.org\/2018\/files\/2018\/03\/GoDaddy_Pro_RGB_Full_B2-300x68.png 300w\" sizes=\"auto, (max-width: 400px) 100vw, 400px\" \/>\t\t\t\t\t\t\t\n\t\t\t\t\t\t\t\t\t\t\t\t\t\t\t<p>GoDaddy Pro offers a robust suite of free tools to web developers &amp; designers to help them save time managing all their clients and sites. With GoDaddy Pro, you can easily shop for your client, monitor their sites, and manage all their WordPress websites from one place. Exclusive time-saving tools let you update WordPress core, plugins and themes with one click, as well as automate WordPress backups, cloning and migrations. Get real-time performance, security and uptime monitoring across all your websites. Additionally, your free membership includes advanced 24\/7 technical support.<\/p>\n<p>When you pair GoDaddy Pro with GoDaddy hosting products, the benefits are even greater.<\/p>\n<p><a href=\"https:\/\/www.godaddy.com\/pro?utm_source=wcg18&amp;utm_medium=advocacy&amp;utm_campaign=en-us_pro_advocacy_base\" target=\"_blank\" rel=\"noopener nofollow\">Check out the Free Tools<\/a><\/p>\n\t\t\t\t\t\t\t\t\t\t\t\t\t<\/div>\n\t\t\t\t\t<\/div><!-- #sponsor -->\n\t\t\t\t\n\t\t\t\t\t<div id=\"wcorg-sponsor-30\" class=\"wcorg-sponsor\">\n\t\t\t\t\t\t\t\t\t\t\t\t\t\t\t\t\t\t\t\t\t<h3>\n\t\t\t\t\t\t\t\t\tDreamHost\t\t\t\t\t\t\t\t<\/h3>\n\t\t\t\t\t\t\t\t\t\t\t\t\t\n\t\t\t\t\t\t<div class=\"wcorg-sponsor-description\">\n\t\t\t\t\t\t\t\t\t\t\t\t\t\t\t<img loading=\"lazy\" decoding=\"async\" width=\"640\" height=\"121\" src=\"https:\/\/mexicocity.wordcamp.org\/2018\/files\/2018\/03\/DreamHost-new-logo.png\" class=\"attachment-wcb-sponsor-logo-horizontal-2x size-wcb-sponsor-logo-horizontal-2x wp-post-image\" alt=\"DreamHost\" srcset=\"https:\/\/mexicocity.wordcamp.org\/2018\/files\/2018\/03\/DreamHost-new-logo.png 640w, https:\/\/mexicocity.wordcamp.org\/2018\/files\/2018\/03\/DreamHost-new-logo-300x57.png 300w, https:\/\/mexicocity.wordcamp.org\/2018\/files\/2018\/03\/DreamHost-new-logo-500x95.png 500w\" sizes=\"auto, (max-width: 640px) 100vw, 640px\" \/>\t\t\t\t\t\t\t\n\t\t\t\t\t\t\t\t\t\t\t\t\t\t\t<p>Since 1997 DreamHost has helped individuals, small businesses, entrepreneurs, and developers worldwide bring their dreams to life on the Internet. A leader in Managed WordPress hosting, over 400,000 customers trust DreamHost to be their online home. Supporting the open source community with dedicated resources and a passionate team, DreamHost believes in the power of the Open Web and the people that make it happen. Learn more at\u00a0<a href=\"https:\/\/dreamhost.com\/\" target=\"_blank\" rel=\"noopener nofollow\">DreamHost.com<\/a>.<\/p>\n\t\t\t\t\t\t\t\t\t\t\t\t\t<\/div>\n\t\t\t\t\t<\/div><!-- #sponsor -->\n\t\t\t\t\n\t\t\t\t\t<div id=\"wcorg-sponsor-525\" class=\"wcorg-sponsor\">\n\t\t\t\t\t\t\t\t\t\t\t\t\t\t\t\t\t\t\t\t\t<h3>\n\t\t\t\t\t\t\t\t\tWebempresa\t\t\t\t\t\t\t\t<\/h3>\n\t\t\t\t\t\t\t\t\t\t\t\t\t\n\t\t\t\t\t\t<div class=\"wcorg-sponsor-description\">\n\t\t\t\t\t\t\t\t\t\t\t\t\t\t\t<img loading=\"lazy\" decoding=\"async\" width=\"500\" height=\"120\" src=\"https:\/\/mexicocity.wordcamp.org\/2018\/files\/2018\/07\/webempresa-logo-100-wordpress-baseline_fondoblanco-1.png\" class=\"attachment-wcb-sponsor-logo-horizontal-2x size-wcb-sponsor-logo-horizontal-2x wp-post-image\" alt=\"Webempresa\" srcset=\"https:\/\/mexicocity.wordcamp.org\/2018\/files\/2018\/07\/webempresa-logo-100-wordpress-baseline_fondoblanco-1.png 500w, https:\/\/mexicocity.wordcamp.org\/2018\/files\/2018\/07\/webempresa-logo-100-wordpress-baseline_fondoblanco-1-300x72.png 300w\" sizes=\"auto, (max-width: 500px) 100vw, 500px\" \/>\t\t\t\t\t\t\t\n\t\t\t\t\t\t\t\t\t\t\t\t\t\t\t<div>\n<p>Tienes muchas cosas que contar y junto al <b>Hosting Webempresa<\/b>\u00a0te ayudaremos a enviar tu\u00a0mensaje al mundo \ud83d\ude42<\/p>\n<p>Podemos hablarte de las maravillas t\u00e9cnicas de nuestros servidores, pero\u00a0de lo que realmente estamos orgullosos es de nuestro equipo.<\/p>\n<\/div>\n<div><\/div>\n<div>\n<p><b>Somos<\/b><span style=\"font-family: verdana, sans-serif\"><b>\u00a0fan\u00e1ticos de WordPress<\/b>, m\u00e1s de <a href=\"https:\/\/www.webempresa.com\/hosting-wordpress-mexico.html\" target=\"_blank\" rel=\"noopener nofollow\">3.000 clientes en M\u00e9xico ya est\u00e1n contentos y felices con su Hosting<\/a> y\u00a0<\/span><span style=\"font-family: Verdana, Arial, Helvetica\">nos encanta tener clientes contentos y felices.<\/span><\/p>\n<p>Nos tienes disponibles 24 horas, todos los d\u00edas del a\u00f1o listos para\u00a0ayudarte a resolver los problemas y dudas con tu Hosting.<\/p>\n<p><b>Nos apasiona la seguridad<\/b> por ello disponemos de reglas Anti-hackeo personalizadas para WordPress, auditor\u00edas de\u00a0seguridad autom\u00e1ticas gratuitas y bloqueamos a los pesados de los spammers.<\/p>\n<p>Hemos creado un <b>hosting para WordPress\u00a0<\/b><b>pensado\u00a0<\/b><b>para que tu web vuele<\/b> y Google se lo coma a besos: Certificados SSL\u00a0gratuitos, servidores con discos SSD, sistema de cach\u00e9 propio a nivel\u00a0servidor, servicio de optimizaci\u00f3n gratuita de im\u00e1genes, etc&#8230;<\/p>\n<p><span style=\"font-family: verdana, sans-serif\">Adem\u00e1s hemos desarrollado herramientas gratuitas para WordPress como <a href=\"http:\/\/llavero.io\/\" target=\"_blank\" rel=\"noopener nofollow\">llavero.io<\/a> y <a href=\"https:\/\/optimizador.io\/\" target=\"_blank\" rel=\"noopener nofollow\">optimizador.io<\/a>. An\u00edmate a probarlas y a contarnos que te parecen.<\/span><\/p>\n<\/div>\n<div><span style=\"font-family: verdana, sans-serif\"><br \/>\nSer\u00e1 un placer alojar tu Web en casa \ud83d\ude42<\/span><\/div>\n\t\t\t\t\t\t\t\t\t\t\t\t\t<\/div>\n\t\t\t\t\t<\/div><!-- #sponsor -->\n\t\t\t\t\t\t\t<\/div><!-- .wcorg-sponsor-level -->\n\t\t\n\t\t\t<div class=\"wcorg-sponsor-level-bronze\">\n\t\t\t\t<h2>Bronze<\/h2>\n\n\t\t\t\t\n\t\t\t\t\t<div id=\"wcorg-sponsor-20\" class=\"wcorg-sponsor\">\n\t\t\t\t\t\t\t\t\t\t\t\t\t\t\t\t\t\t\t\t\t<h3>\n\t\t\t\t\t\t\t\t\tBoldGrid\t\t\t\t\t\t\t\t<\/h3>\n\t\t\t\t\t\t\t\t\t\t\t\t\t\n\t\t\t\t\t\t<div class=\"wcorg-sponsor-description\">\n\t\t\t\t\t\t\t\t\t\t\t\t\t\t\t<img loading=\"lazy\" decoding=\"async\" width=\"200\" height=\"28\" src=\"https:\/\/mexicocity.wordcamp.org\/2018\/files\/2018\/03\/boldGrid-transparent-lockup-2a.png\" class=\"attachment-wcb-sponsor-logo-horizontal-2x size-wcb-sponsor-logo-horizontal-2x wp-post-image\" alt=\"BoldGrid\" \/>\t\t\t\t\t\t\t\n\t\t\t\t\t\t\t\t\t\t\t\t\t\t\t<p>BoldGrid is a website builder powered by WordPress. It is a free set of WordPress plugins, themes, and other content that allows site creation and management similar to non-WordPress website builders. By placing WordPress more in line with DIY site builder solutions on the market, our mission is not only to make WordPress more accessible and easy for beginners to utilize, but also automate and streamline typical WordPress tasks to provide a fast, creator-friendly platform that even web professionals will appreciate.<\/p>\n<p>Experience WordPress as a website builder, including: free pre-built themes, drag and drop editing, integrated image banks, simplified photo editing, built-in staging, automated backups, and so much more.<\/p>\n<p>BoldGrid will have you creating professional looking WordPress sites in minutes!<\/p>\n<p><a href=\"http:\/\/www.boldgrid.com\" target=\"_blank\" rel=\"noopener nofollow\">www.boldgrid.com<\/a><\/p>\n\t\t\t\t\t\t\t\t\t\t\t\t\t<\/div>\n\t\t\t\t\t<\/div><!-- #sponsor -->\n\t\t\t\t\n\t\t\t\t\t<div id=\"wcorg-sponsor-292\" class=\"wcorg-sponsor\">\n\t\t\t\t\t\t\t\t\t\t\t\t\t\t\t\t\t\t\t\t\t<h3>\n\t\t\t\t\t\t\t\t\tYOAST\t\t\t\t\t\t\t\t<\/h3>\n\t\t\t\t\t\t\t\t\t\t\t\t\t\n\t\t\t\t\t\t<div class=\"wcorg-sponsor-description\">\n\t\t\t\t\t\t\t\t\t\t\t\t\t\t\t<img loading=\"lazy\" decoding=\"async\" width=\"1040\" height=\"570\" src=\"https:\/\/mexicocity.wordcamp.org\/2018\/files\/2018\/07\/Yoast_Logo_tagline_RGB.png\" class=\"attachment-wcb-sponsor-logo-horizontal-2x size-wcb-sponsor-logo-horizontal-2x wp-post-image\" alt=\"YOAST\" srcset=\"https:\/\/mexicocity.wordcamp.org\/2018\/files\/2018\/07\/Yoast_Logo_tagline_RGB.png 1040w, https:\/\/mexicocity.wordcamp.org\/2018\/files\/2018\/07\/Yoast_Logo_tagline_RGB-300x164.png 300w, https:\/\/mexicocity.wordcamp.org\/2018\/files\/2018\/07\/Yoast_Logo_tagline_RGB-768x421.png 768w, https:\/\/mexicocity.wordcamp.org\/2018\/files\/2018\/07\/Yoast_Logo_tagline_RGB-1024x561.png 1024w, https:\/\/mexicocity.wordcamp.org\/2018\/files\/2018\/07\/Yoast_Logo_tagline_RGB-500x274.png 500w\" sizes=\"auto, (max-width: 1040px) 100vw, 1040px\" \/>\t\t\t\t\t\t\t\n\t\t\t\t\t\t\t\t\t\t\t\t\t\t\t<p>Yoast helps you get the most out of your website. We make SEO available for everyone. You might be familiar with our <a href=\"https:\/\/yoast.com\/wordpress\/plugins\/seo\/\" target=\"_blank\" rel=\"noopener nofollow\">Yoast SEO WordPress plugin<\/a>. With over 7,5 million active installs, Yoast SEO is one of the most popular WordPress plugins worldwide. But that\u2019s not all we do. We contribute a lot to open source projects and in our Yoast Academy we teach you how to make your site rank. So apart from SEO plugins, Yoast offers <a href=\"https:\/\/yoast.com\/academy\/courses\/\" target=\"_blank\" rel=\"noopener nofollow\">online SEO courses<\/a> and <a href=\"https:\/\/yoast.com\/ebooks\/\" target=\"_blank\" rel=\"noopener nofollow\">eBooks<\/a> to help you understand and practice SEO yourself.<\/p>\n\t\t\t\t\t\t\t\t\t\t\t\t\t<\/div>\n\t\t\t\t\t<\/div><!-- #sponsor -->\n\t\t\t\t\n\t\t\t\t\t<div id=\"wcorg-sponsor-500\" class=\"wcorg-sponsor\">\n\t\t\t\t\t\t\t\t\t\t\t\t\t\t\t\t\t\t\t\t\t<h3>\n\t\t\t\t\t\t\t\t\tHyperplane Studio\t\t\t\t\t\t\t\t<\/h3>\n\t\t\t\t\t\t\t\t\t\t\t\t\t\n\t\t\t\t\t\t<div class=\"wcorg-sponsor-description\">\n\t\t\t\t\t\t\t\t\t\t\t\t\t\t\t<img loading=\"lazy\" decoding=\"async\" width=\"720\" height=\"280\" src=\"https:\/\/mexicocity.wordcamp.org\/2018\/files\/2018\/07\/hyperplane.png\" class=\"attachment-wcb-sponsor-logo-horizontal-2x size-wcb-sponsor-logo-horizontal-2x wp-post-image\" alt=\"Hyperplane Studio\" srcset=\"https:\/\/mexicocity.wordcamp.org\/2018\/files\/2018\/07\/hyperplane.png 720w, https:\/\/mexicocity.wordcamp.org\/2018\/files\/2018\/07\/hyperplane-300x117.png 300w, https:\/\/mexicocity.wordcamp.org\/2018\/files\/2018\/07\/hyperplane-500x194.png 500w\" sizes=\"auto, (max-width: 720px) 100vw, 720px\" \/>\t\t\t\t\t\t\t\n\t\t\t\t\t\t\t\t\t\t\t\t\t\t\t<p>Somos un peque\u00f1o equipo de empresarios creativos dedicados a ayudar a individuos, peque\u00f1as, medianas empresas y organizaciones sin fines de lucro a comunicarse, conectarse e identificarse con sus audiencias a trav\u00e9s del dise\u00f1o funcional.<\/p>\n\t\t\t\t\t\t\t\t\t\t\t\t\t<\/div>\n\t\t\t\t\t<\/div><!-- #sponsor -->\n\t\t\t\t\n\t\t\t\t\t<div id=\"wcorg-sponsor-1012\" class=\"wcorg-sponsor\">\n\t\t\t\t\t\t\t\t\t\t\t\t\t\t\t\t\t\t\t\t\t<h3>\n\t\t\t\t\t\t\t\t\tKinsta\t\t\t\t\t\t\t\t<\/h3>\n\t\t\t\t\t\t\t\t\t\t\t\t\t\n\t\t\t\t\t\t<div class=\"wcorg-sponsor-description\">\n\t\t\t\t\t\t\t\t\t\t\t\t\t\t\t<img loading=\"lazy\" decoding=\"async\" width=\"801\" height=\"600\" src=\"https:\/\/mexicocity.wordcamp.org\/2018\/files\/2018\/08\/kinsta-logo2.png\" class=\"attachment-wcb-sponsor-logo-horizontal-2x size-wcb-sponsor-logo-horizontal-2x wp-post-image\" alt=\"Kinsta\" srcset=\"https:\/\/mexicocity.wordcamp.org\/2018\/files\/2018\/08\/kinsta-logo2.png 801w, https:\/\/mexicocity.wordcamp.org\/2018\/files\/2018\/08\/kinsta-logo2-300x225.png 300w, https:\/\/mexicocity.wordcamp.org\/2018\/files\/2018\/08\/kinsta-logo2-768x575.png 768w, https:\/\/mexicocity.wordcamp.org\/2018\/files\/2018\/08\/kinsta-logo2-401x300.png 401w\" sizes=\"auto, (max-width: 801px) 100vw, 801px\" \/>\t\t\t\t\t\t\t\n\t\t\t\t\t\t\t\t\t\t\t\t\t\t\t<div>En\u00a0<a href=\"https:\/\/kinsta.com\/es\/\" target=\"_blank\" rel=\"noopener noreferrer nofollow\">Kinsta<\/a>\u00a0nuestra misi\u00f3n es ofrecerle una experiencia de usuario excepcional. Nos dedicamos a proporcionar el mejor servicio de WordPress Hosting Gestionado y poner las herramientas m\u00e1s potentes al alcance de sus manos.<\/div>\n<div><\/div>\n<div>Escuchamos a nuestros clientes y les ofrecemos una interfaz de usuario a medida de sus necesidades. En nuestro panel de control propio puede encontrar toda la informaci\u00f3n que necesita en una sola interfaz unida \u2013 puede gestionar sus sitios de manera muy f\u00e1cil, desde crear backups manuales y entornos de staging con un solo clic hasta SSL gratuito Let\u2019s Encrypt, Premium DNS y migraciones gratuitas.<\/div>\n<div><\/div>\n<div>Hemos construido nuestra arquitectura desde la base hacia arriba para que sea potente y r\u00e1pida. Utilizamos tecnolog\u00eda punta como Nginx, PHP 7 y HHVM, contenedores LXD y MariaDB para asegurar que su sitio se cargue en un abrir y cerrar de ojos.<\/div>\n<div><\/div>\n<div class=\"content lead-text\">\n<hr \/>\n<p><a href=\"https:\/\/kinsta.com\/\" target=\"_blank\" rel=\"noopener noreferrer nofollow\">Kinsta <\/a>is a high-end boutique for WordPress hosting designed for customers with high-traffic sites. We are the first managed WordPress host to be powered by Google Cloud, CloudFlare, &amp; LXD orchestrated containers. We believe that constant availability, scalability, &amp; outstanding user experience are a must. We always utilize the latest software and tech to power our infrastructure, whether that\u2019s Nginx, PHP 7, React.js, Express\/Node.js, Redis, Memcached, or MariaDB. We have offices in Los Angeles, London, and Budapest.<\/p>\n<\/div>\n\t\t\t\t\t\t\t\t\t\t\t\t\t<\/div>\n\t\t\t\t\t<\/div><!-- #sponsor -->\n\t\t\t\t\n\t\t\t\t\t<div id=\"wcorg-sponsor-590\" class=\"wcorg-sponsor\">\n\t\t\t\t\t\t\t\t\t\t\t\t\t\t\t\t\t\t\t\t\t<h3>\n\t\t\t\t\t\t\t\t\tClean Ranks\t\t\t\t\t\t\t\t<\/h3>\n\t\t\t\t\t\t\t\t\t\t\t\t\t\n\t\t\t\t\t\t<div class=\"wcorg-sponsor-description\">\n\t\t\t\t\t\t\t\t\t\t\t\t\t\t\t<img loading=\"lazy\" decoding=\"async\" width=\"1280\" height=\"720\" src=\"https:\/\/mexicocity.wordcamp.org\/2018\/files\/2018\/08\/logo-cleanranks.gif\" class=\"attachment-wcb-sponsor-logo-horizontal-2x size-wcb-sponsor-logo-horizontal-2x wp-post-image\" alt=\"Clean Ranks\" \/>\t\t\t\t\t\t\t\n\t\t\t\t\t\t\t\t\t\t\t\t\t\t\t<p><a href=\"http:\/\/www.cleanranks.com\/\" rel=\"nofollow\">Cleanranks es una empresa dedicada a brindar servicios SEO<\/a>\u00a0para eBusiness y agencias de marketing.<\/p>\n<p>En Cleanranks hacemos SEO profesional, conectando los productos o servicios de nuestros clientes con las personas que los buscan, a trav\u00e9s de estrategias solidad, medibles y escalables.<\/p>\n<p>El SEO es capaz de llevar un negocio a nuevos niveles de rentabilidad, ense\u00f1amos a las agencias de marketing el valor que tiene nuestro servicio para poder brindarlo a sus clientes.<\/p>\n<p>Para ello el equipo de especialistas de CleanRanks har\u00e1n de tu sitio web un lugar \u00f3ptimo que mejora la experiencia del usuario con t\u00e9cnicas limpias, \u00e9ticamente correctas y permitidas para entregar resultados\u00a0mejorando el rankings y tr\u00e1fico.<\/p>\n<p>Contamos con un grupo de afiliados, entre ellos <a href=\"http:\/\/www.mujerilandia.com\" rel=\"nofollow\">Mujerilandia<\/a>, <a href=\"http:\/\/www.wakondatech.com\" rel=\"nofollow\">WakondaTech<\/a>, <a href=\"http:\/\/getfest.mx\" rel=\"nofollow\">GetFest<\/a>, Mexico.com entre otros.<\/p>\n<ul>\n<li>Visita nuestro sitio web en:\u00a0<a href=\"http:\/\/www.cleanranks.com\/\" rel=\"nofollow\">https:\/\/www.cleanranks.com<\/a><\/li>\n<li>S\u00edguenos en Twitter en:\u00a0<a href=\"https:\/\/twitter.com\/cleanranks\" rel=\"nofollow\">@cleanranks<\/a><\/li>\n<\/ul>\n\t\t\t\t\t\t\t\t\t\t\t\t\t<\/div>\n\t\t\t\t\t<\/div><!-- #sponsor -->\n\t\t\t\t\t\t\t<\/div><!-- .wcorg-sponsor-level -->\n\t\t\t<\/div><!-- .wcorg-sponsors -->\n\n\t\n<h3>\u00bfEst\u00e1s interesado en patrocinar el evento?<\/h3>\n<p>Encuentra <a href=\"https:\/\/2018.mexicocity.wordcamp.org\/llamado-a-patrocinadores\/\" rel=\"nofollow\">aqu\u00ed toda la informaci\u00f3n<\/a>! El llamado est\u00e1 abierto!<\/p>\n","protected":false},"excerpt":{"rendered":"<p>Nuestros Sponsors \u00bfEst\u00e1s interesado en patrocinar el evento? Encuentra aqu\u00ed toda la informaci\u00f3n! El llamado est\u00e1 abierto!<\/p>\n","protected":false},"author":13690539,"featured_media":0,"parent":0,"menu_order":0,"comment_status":"closed","ping_status":"closed","template":"","meta":{"jetpack_post_was_ever_published":false,"footnotes":""},"class_list":["post-10","page","type-page","status-publish","hentry"],"jetpack_sharing_enabled":true,"jetpack_shortlink":"https:\/\/wp.me\/P9KBGp-a","_links":{"self":[{"href":"https:\/\/mexicocity.wordcamp.org\/2018\/wp-json\/wp\/v2\/pages\/10","targetHints":{"allow":["GET"]}}],"collection":[{"href":"https:\/\/mexicocity.wordcamp.org\/2018\/wp-json\/wp\/v2\/pages"}],"about":[{"href":"https:\/\/mexicocity.wordcamp.org\/2018\/wp-json\/wp\/v2\/types\/page"}],"author":[{"embeddable":true,"href":"https:\/\/mexicocity.wordcamp.org\/2018\/wp-json\/wp\/v2\/users\/13690539"}],"replies":[{"embeddable":true,"href":"https:\/\/mexicocity.wordcamp.org\/2018\/wp-json\/wp\/v2\/comments?post=10"}],"version-history":[{"count":2,"href":"https:\/\/mexicocity.wordcamp.org\/2018\/wp-json\/wp\/v2\/pages\/10\/revisions"}],"predecessor-version":[{"id":247,"href":"https:\/\/mexicocity.wordcamp.org\/2018\/wp-json\/wp\/v2\/pages\/10\/revisions\/247"}],"wp:attachment":[{"href":"https:\/\/mexicocity.wordcamp.org\/2018\/wp-json\/wp\/v2\/media?parent=10"}],"curies":[{"name":"wp","href":"https:\/\/api.w.org\/{rel}","templated":true}]}}