{"id":11,"date":"2018-03-09T12:51:23","date_gmt":"2018-03-09T12:51:23","guid":{"rendered":"https:\/\/2018.mexicocity.wordcamp.org\/location\/"},"modified":"2018-08-21T00:50:56","modified_gmt":"2018-08-21T05:50:56","slug":"donde-cuando","status":"publish","type":"page","link":"https:\/\/mexicocity.wordcamp.org\/2018\/donde-cuando\/","title":{"rendered":"\u00bfD\u00f3nde y cu\u00e1ndo?"},"content":{"rendered":"\n<figure class=\"wp-block-image\"><img loading=\"lazy\" decoding=\"async\" width=\"600\" height=\"600\" src=\"https:\/\/2018.mexicocity.wordcamp.org\/files\/2018\/08\/sum.jpg\" alt=\"\" class=\"wp-image-829\" srcset=\"https:\/\/mexicocity.wordcamp.org\/2018\/files\/2018\/08\/sum.jpg 600w, https:\/\/mexicocity.wordcamp.org\/2018\/files\/2018\/08\/sum-150x150.jpg 150w, https:\/\/mexicocity.wordcamp.org\/2018\/files\/2018\/08\/sum-300x300.jpg 300w\" sizes=\"auto, (max-width: 600px) 100vw, 600px\" \/><\/figure>\n\n\n<p>La comunidad de <strong>WordPress en M\u00e9xico<\/strong>, est\u00e1 feliz de anunciarte que el WordCamp 2018 Ciudad de M\u00e9xico se llevar\u00e1 a cabo en las instalaciones de <a href=\"http:\/\/www.startupmexico.com\/\">Startup M\u00e9xico<\/a>, que se encuentra a 10 minutos de Plaza Carso como referencia, y ser\u00e1 el pr\u00f3ximo <strong>viernes 24 de agosto 2018.<\/strong><\/p>\n<p>El registro de los asistentes ser\u00e1 a las <strong>12:30pm<\/strong> y la clausura ser\u00e1 a las <strong>7:00pm\u00a0<\/strong>seguido de un after party. Contar\u00e1s con coffee break, gift bag, box lunch y lo mejor de todo\u2026 la posibilidad de disfrutar entre m\u00e1s de<strong> 12 ponencias locales e internacionales<\/strong>.<\/p>\n<p>\u2013&gt; Consigue tu <a href=\"https:\/\/2018.mexicocity.wordcamp.org\/tickets\/\">entrada AQU\u00cd<\/a>.<\/p>\n<p><strong>Direcci\u00f3n:<\/strong> <a href=\"https:\/\/www.google.com.mx\/maps\/place\/Startup+M%C3%A9xico\/@19.4535974,-99.2019443,17z\/data=!3m1!4b1!4m2!3m1!1s0x85d2020d52821853:0x8706c1117107b031?hl=en\" target=\"_blank\" rel=\"noopener\">Ignacio Allende 21, Col. Ampliaci\u00f3n Torre Blanca \/ M\u00e9xico DF, 11289 \/ M\u00e9xico<\/a><br \/><strong>Referencias:<\/strong>\u00a0a 10 minutos de Plaza Carso<br \/><strong>Metros cercanos:<\/strong> R\u00edo San Joaqu\u00edn, Tacuba y Panteones<br \/><strong>Google Maps:\u00a0<\/strong><a href=\"https:\/\/goo.gl\/maps\/Ljy8ZDDLr3U2\">https:\/\/goo.gl\/maps\/Ljy8ZDDLr3U2<\/a><\/p>\n<div class=\"googlemaps\">\n\t\t\t\t<iframe loading=\"lazy\" width=\"600\" height=\"450\" frameborder=\"0\" scrolling=\"no\" marginheight=\"0\" marginwidth=\"0\"  src=\"https:\/\/www.google.com\/maps\/embed?pb=!1m18!1m12!1m3!1d3762.050702029807!2d-99.20200178509296!3d19.453380686872475!2m3!1f0!2f0!3f0!3m2!1i1024!2i768!4f13.1!3m3!1m2!1s0x85d2020d52821853:0x8706c1117107b031!2sStartup%20M\u00e9xico!5e0!3m2!1sen!2smx!4v1533965371894\"><\/iframe>\n\t\t\t<\/div>\n\n\n<figure class=\"wp-block-image\"><img loading=\"lazy\" decoding=\"async\" width=\"700\" height=\"400\" src=\"https:\/\/2018.mexicocity.wordcamp.org\/files\/2018\/08\/startup-mexicano-impossibleschool.jpg\" alt=\"\" class=\"wp-image-830\" srcset=\"https:\/\/mexicocity.wordcamp.org\/2018\/files\/2018\/08\/startup-mexicano-impossibleschool.jpg 700w, https:\/\/mexicocity.wordcamp.org\/2018\/files\/2018\/08\/startup-mexicano-impossibleschool-300x171.jpg 300w, https:\/\/mexicocity.wordcamp.org\/2018\/files\/2018\/08\/startup-mexicano-impossibleschool-500x286.jpg 500w\" sizes=\"auto, (max-width: 700px) 100vw, 700px\" \/><\/figure>\n\n\n\n<figure class=\"wp-block-image\"><img loading=\"lazy\" decoding=\"async\" width=\"1920\" height=\"960\" src=\"https:\/\/2018.mexicocity.wordcamp.org\/files\/2018\/08\/hashtag.jpg\" alt=\"\" class=\"wp-image-828\" srcset=\"https:\/\/mexicocity.wordcamp.org\/2018\/files\/2018\/08\/hashtag.jpg 1920w, https:\/\/mexicocity.wordcamp.org\/2018\/files\/2018\/08\/hashtag-300x150.jpg 300w, https:\/\/mexicocity.wordcamp.org\/2018\/files\/2018\/08\/hashtag-768x384.jpg 768w, https:\/\/mexicocity.wordcamp.org\/2018\/files\/2018\/08\/hashtag-1024x512.jpg 1024w, https:\/\/mexicocity.wordcamp.org\/2018\/files\/2018\/08\/hashtag-500x250.jpg 500w\" sizes=\"auto, (max-width: 1920px) 100vw, 1920px\" \/><\/figure>\n","protected":false},"excerpt":{"rendered":"<p>La comunidad de WordPress en M\u00e9xico, est\u00e1 feliz de anunciarte que el WordCamp 2018 Ciudad de M\u00e9xico se llevar\u00e1 a cabo en las instalaciones de Startup M\u00e9xico, que se encuentra a 10 minutos de Plaza Carso como referencia, y ser\u00e1 el pr\u00f3ximo viernes 24 de agosto 2018. El registro de los asistentes ser\u00e1 a las &hellip; <a href=\"https:\/\/mexicocity.wordcamp.org\/2018\/donde-cuando\/\" class=\"more-link\">Seguir leyendo <span class=\"screen-reader-text\">\u00bfD\u00f3nde y cu\u00e1ndo?<\/span> <span class=\"meta-nav\">&rarr;<\/span><\/a><\/p>\n","protected":false},"author":13690539,"featured_media":0,"parent":0,"menu_order":0,"comment_status":"closed","ping_status":"closed","template":"","meta":{"jetpack_post_was_ever_published":false,"footnotes":""},"class_list":["post-11","page","type-page","status-publish","hentry"],"jetpack_sharing_enabled":true,"jetpack_shortlink":"https:\/\/wp.me\/P9KBGp-b","_links":{"self":[{"href":"https:\/\/mexicocity.wordcamp.org\/2018\/wp-json\/wp\/v2\/pages\/11","targetHints":{"allow":["GET"]}}],"collection":[{"href":"https:\/\/mexicocity.wordcamp.org\/2018\/wp-json\/wp\/v2\/pages"}],"about":[{"href":"https:\/\/mexicocity.wordcamp.org\/2018\/wp-json\/wp\/v2\/types\/page"}],"author":[{"embeddable":true,"href":"https:\/\/mexicocity.wordcamp.org\/2018\/wp-json\/wp\/v2\/users\/13690539"}],"replies":[{"embeddable":true,"href":"https:\/\/mexicocity.wordcamp.org\/2018\/wp-json\/wp\/v2\/comments?post=11"}],"version-history":[{"count":9,"href":"https:\/\/mexicocity.wordcamp.org\/2018\/wp-json\/wp\/v2\/pages\/11\/revisions"}],"predecessor-version":[{"id":879,"href":"https:\/\/mexicocity.wordcamp.org\/2018\/wp-json\/wp\/v2\/pages\/11\/revisions\/879"}],"wp:attachment":[{"href":"https:\/\/mexicocity.wordcamp.org\/2018\/wp-json\/wp\/v2\/media?parent=11"}],"curies":[{"name":"wp","href":"https:\/\/api.w.org\/{rel}","templated":true}]}}