{"id":12,"date":"2018-03-09T12:51:23","date_gmt":"2018-03-09T12:51:23","guid":{"rendered":"https:\/\/2018.mexicocity.wordcamp.org\/organizers\/"},"modified":"2018-05-22T05:28:14","modified_gmt":"2018-05-22T05:28:14","slug":"organizadores","status":"publish","type":"page","link":"https:\/\/mexicocity.wordcamp.org\/2018\/organizadores\/","title":{"rendered":"Organizadores"},"content":{"rendered":"<p>Somos el\u00a0equipo de organizadores de este <strong>WordCamp 2018<\/strong> que se llevar\u00e1 a cabo en la Ciudad de M\u00e9xico. Somos apasionados de WordPress y cada mes organizamos un meetup con diferentes temas, ah\u00ed nos puedes conocer y externar tus dudas:<\/p>\n\t<div class=\"wcorg-organizers\">\n\n\t\t\n\t\t\t<div class=\"wcorg-organizer\">\n\t\t\t\t<h2>Victor AGS<\/h2>\n\t\t\t\t<div class=\"wcorg-organizer-description\">\n\t\t\t\t\t\t\t\t\t\t<img alt='' src='https:\/\/secure.gravatar.com\/avatar\/35427f73a839aa19894eef0ee693ee8e5653fa4084a6337ecd3d8591f79c40cc?s=100&#038;d=mm&#038;r=g' srcset='https:\/\/secure.gravatar.com\/avatar\/35427f73a839aa19894eef0ee693ee8e5653fa4084a6337ecd3d8591f79c40cc?s=200&#038;d=mm&#038;r=g 2x' class='avatar avatar-100 photo' height='100' width='100' \/>\t\t\t\t\t<p>Emprendedor, freelance. Actualmente trabaja para varias empresas creando y administrando e-commerce con WooCommerce. Coorganizador de los meetups de la CDMX.\u00a0Feliz de pertenecer a la comunidad WordPress. Organizador del WordCamp 2017 CDMX.<\/p>\n<p>Si quieres saber mas de m\u00ed <a href=\"https:\/\/www.victorags.com\/\">victorags.com\u00a0\u00a0<\/a>  Twitter: <a href=\"https:\/\/twitter.com\/victoragscom\">@victoragscom\u00a0<\/a><\/p>\n\t\t\t\t<\/div>\n\t\t\t<\/div>\n\n\t\t\n\t\t\t<div class=\"wcorg-organizer\">\n\t\t\t\t<h2>Pablo Herrada Artellano<\/h2>\n\t\t\t\t<div class=\"wcorg-organizer-description\">\n\t\t\t\t\t\t\t\t\t\t<img alt='' src='https:\/\/secure.gravatar.com\/avatar\/50a3d815ba39eb9216562330d71fcab032994d2400161bc3c5f13869da287525?s=100&#038;d=mm&#038;r=g' srcset='https:\/\/secure.gravatar.com\/avatar\/50a3d815ba39eb9216562330d71fcab032994d2400161bc3c5f13869da287525?s=200&#038;d=mm&#038;r=g 2x' class='avatar avatar-100 photo' height='100' width='100' \/>\t\t\t\t\t<p><a href=\"https:\/\/mx.linkedin.com\/in\/pabloherrada\">Emprendedor, Consultor SEO Internacional<\/a>\u00a0para proyectos de\u00a0<i>ecommerce<\/i> &amp; <i>Marketing Digital, f<\/i>u\u00e9 SEO Manager en\u00a0proyectos de\u00a0Walmart, Interjet, Steren, Sam\u2019s Club y Superama, eBay y Linio. Fundador de <a href=\"http:\/\/www.gimoti.com\">Gimoti<\/a>, empresa dedicada a Rewards Mobile Advertising y <a href=\"http:\/\/www.cleanranks.com\" rel=\"nofollow\">Cleanranks\u00a0, empresa dedicada a Marketing Analytics, SEO y mucho m\u00e1s<\/a>. Es miembro activo de la comunidad WordPress M\u00e9xico, lo encuentras en twitter como <a href=\"https:\/\/twitter.com\/phartell\">@phartell.<\/a><\/p>\n\t\t\t\t<\/div>\n\t\t\t<\/div>\n\n\t\t\n\t\t\t<div class=\"wcorg-organizer\">\n\t\t\t\t<h2>Daffinc<\/h2>\n\t\t\t\t<div class=\"wcorg-organizer-description\">\n\t\t\t\t\t\t\t\t\t\t<img alt='' src='https:\/\/secure.gravatar.com\/avatar\/9c9e3f49e19d095e8b2a26ed98a011156eae54e14dc3f3bcff7f89865feb0a3c?s=100&#038;d=mm&#038;r=g' srcset='https:\/\/secure.gravatar.com\/avatar\/9c9e3f49e19d095e8b2a26ed98a011156eae54e14dc3f3bcff7f89865feb0a3c?s=200&#038;d=mm&#038;r=g 2x' class='avatar avatar-100 photo' height='100' width='100' \/>\t\t\t\t\t<p>Dise\u00f1adora textil e interactiva, con un diplomado en Dise\u00f1o y construcci\u00f3n de sitios web. Apasionada de WordPress, de la usabilidad de los sitios y el SEO. Trabajo como programadora freelance, mi sitio es <a href=\"http:\/\/daffinc.com\" target=\"_blank\" rel=\"noopener noreferrer\">daffinc.com<\/a> y tengo un sitio personal como <a href=\"http:\/\/tipsdemadre.com\/\" target=\"_blank\" rel=\"noopener noreferrer\">mama bloguera en tipsdemadre.com<\/a><\/p>\n\t\t\t\t<\/div>\n\t\t\t<\/div>\n\n\t\t\n\t<\/div><!-- .wcorg-organizers -->\n\t\n","protected":false},"excerpt":{"rendered":"<p>Somos el\u00a0equipo de organizadores de este WordCamp 2018 que se llevar\u00e1 a cabo en la Ciudad de M\u00e9xico. Somos apasionados de WordPress y cada mes organizamos un meetup con diferentes temas, ah\u00ed nos puedes conocer y externar tus dudas:<\/p>\n","protected":false},"author":5632111,"featured_media":0,"parent":0,"menu_order":0,"comment_status":"closed","ping_status":"closed","template":"","meta":{"jetpack_post_was_ever_published":false,"footnotes":""},"class_list":["post-12","page","type-page","status-publish","hentry"],"jetpack_sharing_enabled":true,"jetpack_shortlink":"https:\/\/wp.me\/P9KBGp-c","_links":{"self":[{"href":"https:\/\/mexicocity.wordcamp.org\/2018\/wp-json\/wp\/v2\/pages\/12","targetHints":{"allow":["GET"]}}],"collection":[{"href":"https:\/\/mexicocity.wordcamp.org\/2018\/wp-json\/wp\/v2\/pages"}],"about":[{"href":"https:\/\/mexicocity.wordcamp.org\/2018\/wp-json\/wp\/v2\/types\/page"}],"author":[{"embeddable":true,"href":"https:\/\/mexicocity.wordcamp.org\/2018\/wp-json\/wp\/v2\/users\/5632111"}],"replies":[{"embeddable":true,"href":"https:\/\/mexicocity.wordcamp.org\/2018\/wp-json\/wp\/v2\/comments?post=12"}],"version-history":[{"count":1,"href":"https:\/\/mexicocity.wordcamp.org\/2018\/wp-json\/wp\/v2\/pages\/12\/revisions"}],"predecessor-version":[{"id":147,"href":"https:\/\/mexicocity.wordcamp.org\/2018\/wp-json\/wp\/v2\/pages\/12\/revisions\/147"}],"wp:attachment":[{"href":"https:\/\/mexicocity.wordcamp.org\/2018\/wp-json\/wp\/v2\/media?parent=12"}],"curies":[{"name":"wp","href":"https:\/\/api.w.org\/{rel}","templated":true}]}}