{"id":8,"date":"2018-03-09T12:51:23","date_gmt":"2018-03-09T12:51:23","guid":{"rendered":"https:\/\/2018.mexicocity.wordcamp.org\/speakers\/"},"modified":"2018-08-14T13:44:32","modified_gmt":"2018-08-14T18:44:32","slug":"ponentes","status":"publish","type":"page","link":"https:\/\/mexicocity.wordcamp.org\/2018\/ponentes\/","title":{"rendered":"Ponentes"},"content":{"rendered":"<p>Conoce a los ponentes del WordCamp 2018 CDMX!!!<\/p>\n\n\t<div class=\"wcorg-speakers\">\n\n\t\t\n\t\t\t<!-- Organizers note: The id attribute is deprecated and only remains for backwards compatibility, please use the corresponding class to target individual speakers -->\n\t\t\t<div id=\"wcorg-speaker-emiliano-hernandez\" class=\"wcorg-speaker wcorg-speaker-emiliano-hernandez wcorg-track-track-2\">\n\t\t\t\t<h2>\n\t\t\t\t\t\n\t\t\t\t\t\tEmiliano Hernandez\n\t\t\t\t\t\t\t\t\t<\/h2>\n\n\t\t\t\t<div class=\"wcorg-speaker-description\">\n\t\t\t\t\t<img alt='' src='https:\/\/secure.gravatar.com\/avatar\/89cf1aa67b5e3aaadd6a5b71c89df877a5a8adb3f97b9709b5e924ac944ccb9c?s=100&#038;d=mm&#038;r=g' srcset='https:\/\/secure.gravatar.com\/avatar\/89cf1aa67b5e3aaadd6a5b71c89df877a5a8adb3f97b9709b5e924ac944ccb9c?s=200&#038;d=mm&#038;r=g 2x' class='avatar avatar-100 photo' height='100' width='100' \/>\t\t\t\t\t<div>Desarrollador Full Stack con especializaci\u00f3n en uso de WordPress como Framework para desarrollo de aplicaciones web.<\/div>\n<div><\/div>\n<div><span style=\"color: #313237;font-family: Palanquin, sans-serif\">He colaborado durante 8 a\u00f1os para agencias de publicidad como SCLBits, Blok Media, Nodo, Wachinango con clientes como Nike, Starbucks, Cinemex,\u00a0Atomix, Corona, Nestl\u00e9, Aerom\u00e9xico \u00a0y <\/span>Canal Once.<\/div>\n<div><\/div>\n<div>En WordPress, me gusta crear temas desde cero (frontend y backend), hacer plugins para integraciones personalizadas (con apis o librer\u00edas especializadas) y tambi\u00e9n he trabajado con Multi sites y Multi idiomas (con WPML).<\/div>\n<div><\/div>\n<div><span style=\"color: #313237;font-family: Palanquin, sans-serif\">Actualmente trabajo tiempo completo como freelance\u00a0en cualquier lugar donde tenga internet.<\/span><\/div>\n\t\t\t\t<\/div>\n\t\t\t<\/div>\n\n\t\t\n\t\t\t<!-- Organizers note: The id attribute is deprecated and only remains for backwards compatibility, please use the corresponding class to target individual speakers -->\n\t\t\t<div id=\"wcorg-speaker-dafne-delgado\" class=\"wcorg-speaker wcorg-speaker-dafne-delgado wcorg-track-track-1\">\n\t\t\t\t<h2>\n\t\t\t\t\t\n\t\t\t\t\t\tDafne Delgado\n\t\t\t\t\t\t\t\t\t<\/h2>\n\n\t\t\t\t<div class=\"wcorg-speaker-description\">\n\t\t\t\t\t<img alt='' src='https:\/\/secure.gravatar.com\/avatar\/9c9e3f49e19d095e8b2a26ed98a011156eae54e14dc3f3bcff7f89865feb0a3c?s=100&#038;d=mm&#038;r=g' srcset='https:\/\/secure.gravatar.com\/avatar\/9c9e3f49e19d095e8b2a26ed98a011156eae54e14dc3f3bcff7f89865feb0a3c?s=200&#038;d=mm&#038;r=g 2x' class='avatar avatar-100 photo' height='100' width='100' \/>\t\t\t\t\t<p>Soy Dise\u00f1adora Interactiva \/ Textil, especializada en Front End, gusto del SEO y blogging desde hace m\u00e1s de 9 a\u00f1os.<\/p>\n<p>Programadora web en distintas \u00e1reas de la Universidad Iberoamericana de la Ciudad de M\u00e9xico. He realizado proyectos importantes en agencias como Roman Times, Dreams Engine y Clean Ranks. Actualmente trabajo como consultora de bloggers, freelance y community manager.<\/p>\n<p>Soy cofundadora de la comunidad de WordPress en M\u00e9xico y soy speaker en meetups sobre errores en WordPress, SEO, optimizaci\u00f3n de p\u00e1ginas y project management.<\/p>\n<p>Mi blog es\u00a0<a href=\"http:\/\/tipsdemadre.com\/\" target=\"_blank\" rel=\"noopener\">tipsdemadre.com<\/a>\u00a0el cual naci\u00f3 como un hobbie y ahora cuenta con m\u00e1s de 180,000 visitas mensuales.<\/p>\n\t\t\t\t<\/div>\n\t\t\t<\/div>\n\n\t\t\n\t\t\t<!-- Organizers note: The id attribute is deprecated and only remains for backwards compatibility, please use the corresponding class to target individual speakers -->\n\t\t\t<div id=\"wcorg-speaker-humberto-barrera\" class=\"wcorg-speaker wcorg-speaker-humberto-barrera wcorg-track-track-1\">\n\t\t\t\t<h2>\n\t\t\t\t\t\n\t\t\t\t\t\tHumberto Barrera\n\t\t\t\t\t\t\t\t\t<\/h2>\n\n\t\t\t\t<div class=\"wcorg-speaker-description\">\n\t\t\t\t\t<img alt='' src='https:\/\/secure.gravatar.com\/avatar\/deba51663e27fcbbc969d8130b92c6b3ade17e2b209075a2eae7f68edcd18326?s=100&#038;d=mm&#038;r=g' srcset='https:\/\/secure.gravatar.com\/avatar\/deba51663e27fcbbc969d8130b92c6b3ade17e2b209075a2eae7f68edcd18326?s=200&#038;d=mm&#038;r=g 2x' class='avatar avatar-100 photo' height='100' width='100' \/>\t\t\t\t\t<p>Mercad\u00f3logo siempre apegado a su lema \u201cMi negocio es hacer negocios\u201d, con el cual ha ganado reputaci\u00f3n como\u00a0growth hacker, consultor de marketing y estratega digital.<\/p>\n<p>Nacido el 19 de Septiembre de 1977 en M\u00e9xico D.F. ha desarrollado su aprendizaje en las siguientes facetas:<br \/>\n\u2022 Licenciado en Relaciones Comerciales<br \/>\n\u2022 Especialista en Marketing Digital y Manejo de Negocios electr\u00f3nicos por Robert H. Smith School of Business de\u00a0la Universidad de Maryland.<br \/>\n\u2022 Growth Hacker Business por Innovation &amp; Entrepreneurship Business School (IEBS)<\/p>\n<p> <a href=\"https:\/\/mexicocity.wordcamp.org\/2018\/speaker\/humberto-barrera\/#more-617\" class=\"more-link\"><span aria-label=\"Sigue leyendo Humberto Barrera\">(m\u00e1s&hellip;)<\/span><\/a><\/p>\n\t\t\t\t<\/div>\n\t\t\t<\/div>\n\n\t\t\n\t\t\t<!-- Organizers note: The id attribute is deprecated and only remains for backwards compatibility, please use the corresponding class to target individual speakers -->\n\t\t\t<div id=\"wcorg-speaker-alfredo-navas-fernandini\" class=\"wcorg-speaker wcorg-speaker-alfredo-navas-fernandini wcorg-track-track-2\">\n\t\t\t\t<h2>\n\t\t\t\t\t\n\t\t\t\t\t\tAlfredo Navas-Fernandini\n\t\t\t\t\t\t\t\t\t<\/h2>\n\n\t\t\t\t<div class=\"wcorg-speaker-description\">\n\t\t\t\t\t<img alt='' src='https:\/\/secure.gravatar.com\/avatar\/da7d307ebfb0adb021f10ce5f9b2c28bbd2d5322250200864fb7cd25470ab4cd?s=100&#038;d=mm&#038;r=g' srcset='https:\/\/secure.gravatar.com\/avatar\/da7d307ebfb0adb021f10ce5f9b2c28bbd2d5322250200864fb7cd25470ab4cd?s=200&#038;d=mm&#038;r=g 2x' class='avatar avatar-100 photo' height='100' width='100' \/>\t\t\t\t\t<p>Web Artisan y WordPress Wrangler. A trabajado con WordPress como su\u00a0publishing software\u00a0durante los \u00faltimos 12 a\u00f1os. Disfruta hacer todo, desde dise\u00f1o al desarrollo de temas y plugins a la medida. Co-fundador de la comunidad de WordPress Costa Rica, Organizador, Speaker y voluntario de camps en varias ciudades como Roma, Miami, Nashville Managua y San Jose.<\/p>\n\t\t\t\t<\/div>\n\t\t\t<\/div>\n\n\t\t\n\t\t\t<!-- Organizers note: The id attribute is deprecated and only remains for backwards compatibility, please use the corresponding class to target individual speakers -->\n\t\t\t<div id=\"wcorg-speaker-ivan-sanchez\" class=\"wcorg-speaker wcorg-speaker-ivan-sanchez wcorg-track-track-1\">\n\t\t\t\t<h2>\n\t\t\t\t\t\n\t\t\t\t\t\tIvan Sanchez\n\t\t\t\t\t\t\t\t\t<\/h2>\n\n\t\t\t\t<div class=\"wcorg-speaker-description\">\n\t\t\t\t\t<img alt='' src='https:\/\/secure.gravatar.com\/avatar\/947fc65b20a644daaabbaca87a8abe65c9a41a64792a3980a34b574cf15167b7?s=100&#038;d=mm&#038;r=g' srcset='https:\/\/secure.gravatar.com\/avatar\/947fc65b20a644daaabbaca87a8abe65c9a41a64792a3980a34b574cf15167b7?s=200&#038;d=mm&#038;r=g 2x' class='avatar avatar-100 photo' height='100' width='100' \/>\t\t\t\t\t<p>Mi formaci\u00f3n est\u00e1 enfocada a la seguridad inform\u00e1tica y soy coordinador del club de seguridad de dicha escuela. Laboro en Seekurity SAS de CV. En donde en proyectos nos hemos enfocado a brindar una capa de protecci\u00f3n a nuestros clientes que usan WordPress mediante pol\u00edticas, mecanismos, acciones, etc con el fin de minimizar la ventana de riesgo en sus instalaciones de WordPress. He dado charlas en TelmexHub enfocado al t\u00f3pico de la seguridad y talleres en mi universidad.<\/p>\n\t\t\t\t<\/div>\n\t\t\t<\/div>\n\n\t\t\n\t\t\t<!-- Organizers note: The id attribute is deprecated and only remains for backwards compatibility, please use the corresponding class to target individual speakers -->\n\t\t\t<div id=\"wcorg-speaker-javier-diaz\" class=\"wcorg-speaker wcorg-speaker-javier-diaz wcorg-track-track-2\">\n\t\t\t\t<h2>\n\t\t\t\t\t\n\t\t\t\t\t\tJavier Diaz\n\t\t\t\t\t\t\t\t\t<\/h2>\n\n\t\t\t\t<div class=\"wcorg-speaker-description\">\n\t\t\t\t\t<img alt='' src='https:\/\/secure.gravatar.com\/avatar\/44e49c9a72b2163908c1e3e8194fa059cc3965daee54936a15cac30243017e8e?s=100&#038;d=mm&#038;r=g' srcset='https:\/\/secure.gravatar.com\/avatar\/44e49c9a72b2163908c1e3e8194fa059cc3965daee54936a15cac30243017e8e?s=200&#038;d=mm&#038;r=g 2x' class='avatar avatar-100 photo' height='100' width='100' \/>\t\t\t\t\t<div class=\"gmail_default\">Senior Frontend Developer en Cultura Colectiva, con m\u00e1s de 5 a\u00f1os de experiencia en las artes oscuras de la tecnolog\u00eda web, Desarrollador React, entusiasta de Vue.js e impulsor de la comunidad de Vue en espa\u00f1ol.<\/div>\n\t\t\t\t<\/div>\n\t\t\t<\/div>\n\n\t\t\n\t\t\t<!-- Organizers note: The id attribute is deprecated and only remains for backwards compatibility, please use the corresponding class to target individual speakers -->\n\t\t\t<div id=\"wcorg-speaker-francisco-calderon\" class=\"wcorg-speaker wcorg-speaker-francisco-calderon wcorg-track-track-2\">\n\t\t\t\t<h2>\n\t\t\t\t\t\n\t\t\t\t\t\tFrancisco Calder\u00f3n\n\t\t\t\t\t\t\t\t\t<\/h2>\n\n\t\t\t\t<div class=\"wcorg-speaker-description\">\n\t\t\t\t\t<img alt='' src='https:\/\/secure.gravatar.com\/avatar\/9e2cda1a25d8af99683872304ee03b706a7d2aafd0e4f96d560920e99134d5de?s=100&#038;d=mm&#038;r=g' srcset='https:\/\/secure.gravatar.com\/avatar\/9e2cda1a25d8af99683872304ee03b706a7d2aafd0e4f96d560920e99134d5de?s=200&#038;d=mm&#038;r=g 2x' class='avatar avatar-100 photo' height='100' width='100' \/>\t\t\t\t\t<p>Desarrollador Full Stack, emprendedor y educador. Co-fundador de la comunidad de WordPress Guatemala, con 10 a\u00f1os de experiencia en Desarrollo Web y 8 a\u00f1os utilizando WordPress. Co-fundador de Flatbox, empresa dedicada a la creaci\u00f3n de soluciones IoT y finalista del IoT \/ M2M Innovation World Cup 2017.<\/p>\n<p>Ha estado de un cargo de la integraci\u00f3n de WordPress con soluciones IoT. Comprometido con la educaci\u00f3n participa en diferentes proyectos impartiendo cursos y talleres de programaci\u00f3n, rob\u00f3tica e IoT<\/p>\n\t\t\t\t<\/div>\n\t\t\t<\/div>\n\n\t\t\n\t\t\t<!-- Organizers note: The id attribute is deprecated and only remains for backwards compatibility, please use the corresponding class to target individual speakers -->\n\t\t\t<div id=\"wcorg-speaker-cristian-sanchez\" class=\"wcorg-speaker wcorg-speaker-cristian-sanchez wcorg-track-track-1\">\n\t\t\t\t<h2>\n\t\t\t\t\t\n\t\t\t\t\t\tCristian Sanchez\n\t\t\t\t\t\t\t\t\t<\/h2>\n\n\t\t\t\t<div class=\"wcorg-speaker-description\">\n\t\t\t\t\t<img alt='' src='https:\/\/secure.gravatar.com\/avatar\/866ace510faee18fae439fc3f2bc9a7f098260ea7902a4a7f2dd97d12ff3effc?s=100&#038;d=mm&#038;r=g' srcset='https:\/\/secure.gravatar.com\/avatar\/866ace510faee18fae439fc3f2bc9a7f098260ea7902a4a7f2dd97d12ff3effc?s=200&#038;d=mm&#038;r=g 2x' class='avatar avatar-100 photo' height='100' width='100' \/>\t\t\t\t\t<div>\n<div>Cristian es CEO de Witlab, empresa enfocada al marketing, automatizaci\u00f3n digital y el desarrollo de sitios web sobre WordPress.<\/div>\n<div><\/div>\n<div>Tiene 28 a\u00f1os, de los cuales 11 ha trabajado desarrollando sitios web en WordPress, desde su versi\u00f3n individual, hasta multisitios, incluso utilizando la herramienta como un framework.<\/div>\n<div><\/div>\n<div>Durante los \u00faltimos a\u00f1os ha participado como voluntario y asistente de WordCamp San Francisco, US (Filadelfia y Nashville), CDMX 2015 y como Speaker en WordCamp CDMX y Costa Rica (2017 y 2018).<\/div>\n<div><\/div>\n<div>El background de Cristian como desarrollador web, antes de fundar su compa\u00f1\u00eda, trabaj\u00f3 en empresas como FOX Latin American Channels y Katch LLC desarrollando diversos proyectos como UI \/ frontend developer y WordPress developer, as\u00ed mismo, tambi\u00e9n ha liderado y ejecutado diversos proyectos, llevando a cabo el desarrollo de 100+ sitios web en WordPress.<\/div>\n<\/div>\n\t\t\t\t<\/div>\n\t\t\t<\/div>\n\n\t\t\n\t\t\t<!-- Organizers note: The id attribute is deprecated and only remains for backwards compatibility, please use the corresponding class to target individual speakers -->\n\t\t\t<div id=\"wcorg-speaker-roberto-remedios\" class=\"wcorg-speaker wcorg-speaker-roberto-remedios wcorg-track-track-2\">\n\t\t\t\t<h2>\n\t\t\t\t\t\n\t\t\t\t\t\tRoberto Remedios\n\t\t\t\t\t\t\t\t\t<\/h2>\n\n\t\t\t\t<div class=\"wcorg-speaker-description\">\n\t\t\t\t\t<img alt='' src='https:\/\/secure.gravatar.com\/avatar\/f98513a1df4f806f7a19678341f9bc8a6957f9cb7b2974f509a3e2bd063dc2e7?s=100&#038;d=mm&#038;r=g' srcset='https:\/\/secure.gravatar.com\/avatar\/f98513a1df4f806f7a19678341f9bc8a6957f9cb7b2974f509a3e2bd063dc2e7?s=200&#038;d=mm&#038;r=g 2x' class='avatar avatar-100 photo' height='100' width='100' \/>\t\t\t\t\t<p>UX UI Designer y Frontend Developer. Siempre buscando aprender y compartir sus conocimientos de WordPress con otros. Colaborador \/ Speaker\/ Mentor en WordCamp Miami, NYC, Boston, US (Philly\/Nashville), Atlanta, Jacksonville, Europa (Paris), Managua, Puebla, CMX, Sao Paulo, Cusco, San Jose y organizador de WordPress Meetup Costa Rica. Usuario, designer, developer y evangelizador de WordPress desde el 2006.<br \/>\nTwitter: <a href=\"https:\/\/twitter.com\/remediosgraphic\" target=\"_blank\" rel=\"noopener\">https:\/\/twitter.com\/remediosgraphic<\/a><\/p>\n\t\t\t\t<\/div>\n\t\t\t<\/div>\n\n\t\t\n\t\t\t<!-- Organizers note: The id attribute is deprecated and only remains for backwards compatibility, please use the corresponding class to target individual speakers -->\n\t\t\t<div id=\"wcorg-speaker-ma-mercedes-baltazar\" class=\"wcorg-speaker wcorg-speaker-ma-mercedes-baltazar wcorg-track-track-1\">\n\t\t\t\t<h2>\n\t\t\t\t\t\n\t\t\t\t\t\tMa. Mercedes Baltazar\n\t\t\t\t\t\t\t\t\t<\/h2>\n\n\t\t\t\t<div class=\"wcorg-speaker-description\">\n\t\t\t\t\t<img alt='' src='https:\/\/secure.gravatar.com\/avatar\/19802f292cfb7062e51083a0d0bd079461ddccf7b111ef45ee95855fccddf064?s=100&#038;d=mm&#038;r=g' srcset='https:\/\/secure.gravatar.com\/avatar\/19802f292cfb7062e51083a0d0bd079461ddccf7b111ef45ee95855fccddf064?s=200&#038;d=mm&#038;r=g 2x' class='avatar avatar-100 photo' height='100' width='100' \/>\t\t\t\t\t<p>Socia de Meraki M\u00e9xico<\/p>\n<p>De ni\u00f1a, quer\u00eda hacer las noticias cuando fuera grande. Internacionalista por la Universidad Iberoamericana, en la \u00faltima d\u00e9cada se ha especializado en comunicaci\u00f3n corporativa, manejo de medios y manejo de crisis, dise\u00f1ando estrategias de comunicaci\u00f3n efectivas e integrales para miembros del sector p\u00fablico y privado en M\u00e9xico y Am\u00e9rica Latina.<\/p>\n<p>Adicional a la labor que lleva a cabo en Meraki, es profesora desde 2013 en el Diplomado de Relaciones P\u00fablicas, Redes Sociales y Manejo de Crisis del Instituto Tecnol\u00f3gico de Monterrey, en todos sus campus y en el Diplomado de Relaciones P\u00fablicas, Visual Merchandising y Estilismo y del Diplomado de Marketing y Comunicaci\u00f3n de Moda y Lujo de Atelliere Elle, en colaboraci\u00f3n con la Universidad Complutense de Madrid.<\/p>\n\t\t\t\t<\/div>\n\t\t\t<\/div>\n\n\t\t\n\t\t\t<!-- Organizers note: The id attribute is deprecated and only remains for backwards compatibility, please use the corresponding class to target individual speakers -->\n\t\t\t<div id=\"wcorg-speaker-mariana-salas\" class=\"wcorg-speaker wcorg-speaker-mariana-salas wcorg-track-track-1\">\n\t\t\t\t<h2>\n\t\t\t\t\t\n\t\t\t\t\t\tMariana Salas\n\t\t\t\t\t\t\t\t\t<\/h2>\n\n\t\t\t\t<div class=\"wcorg-speaker-description\">\n\t\t\t\t\t<img alt='' src='https:\/\/secure.gravatar.com\/avatar\/c4c0fb3c77923dedd729b76cfc20f38176ba3e307e150f533b2e2815c08bb6a6?s=100&#038;d=mm&#038;r=g' srcset='https:\/\/secure.gravatar.com\/avatar\/c4c0fb3c77923dedd729b76cfc20f38176ba3e307e150f533b2e2815c08bb6a6?s=200&#038;d=mm&#038;r=g 2x' class='avatar avatar-100 photo' height='100' width='100' \/>\t\t\t\t\t<p>Estratega, speaker y mentora de marketing digital y content marketing. Cofundadora de Algorithmia <a href=\"https:\/\/algorithmia.agency\/\" target=\"_blank\" rel=\"noopener\">https:\/\/algorithmia.agency<\/a><\/p>\n<p>Me considero muy proactiva y responsable, procuro mantenerme en constante preparaci\u00f3n para poder ofrecer mejores servicios a nuestros clientes y con ello mejorar los resultados en sus negocios.<\/p>\n<p>Una de las razones de seguir creciendo y aprendiendo es para poder ayudar a las empresas nacionales y poder inspirar de alguna manera a las mujeres que quieren emprender, pues creo que M\u00e9xico es un lugar lleno de oportunidades, donde trabajando en equipo se pueden lograr grandes cosas\u2026<\/p>\n\t\t\t\t<\/div>\n\t\t\t<\/div>\n\n\t\t\n\t\t\t<!-- Organizers note: The id attribute is deprecated and only remains for backwards compatibility, please use the corresponding class to target individual speakers -->\n\t\t\t<div id=\"wcorg-speaker-ricardo-alday\" class=\"wcorg-speaker wcorg-speaker-ricardo-alday wcorg-track-track-2\">\n\t\t\t\t<h2>\n\t\t\t\t\t\n\t\t\t\t\t\tRicardo Alday\n\t\t\t\t\t\t\t\t\t<\/h2>\n\n\t\t\t\t<div class=\"wcorg-speaker-description\">\n\t\t\t\t\t<img alt='' src='https:\/\/secure.gravatar.com\/avatar\/a567e614662df8a573e18197424d31187e15a1167328a570914b0bd9532a4e63?s=100&#038;d=mm&#038;r=g' srcset='https:\/\/secure.gravatar.com\/avatar\/a567e614662df8a573e18197424d31187e15a1167328a570914b0bd9532a4e63?s=200&#038;d=mm&#038;r=g 2x' class='avatar avatar-100 photo' height='100' width='100' \/>\t\t\t\t\t<p>Dise\u00f1ador digital con 20 a\u00f1os de experiencia.  Ha trabajado en despachos de dise\u00f1o nacionales e internacionales.  En la ultima d\u00e9cada ha estado involucrado en el ecosistema de WordPress en proyectos como <a href=\"https:\/\/graphpaperpress.com\/\">Graph Paper Press<\/a> y <a href=\"https:\/\/visualsociety.com\/\">Visual Society.<\/a><br \/>\nFundaddor de <a href=\"http:\/\/hyperplanestudio.com\/\" rel=\"nofollow\">Hyperplane Studio<\/a>, despacho de dise\u00f1o integral.<br \/>\nLo encuentras en Instagram como @rickalday.<\/p>\n\t\t\t\t<\/div>\n\t\t\t<\/div>\n\n\t\t\n\t\t\t<!-- Organizers note: The id attribute is deprecated and only remains for backwards compatibility, please use the corresponding class to target individual speakers -->\n\t\t\t<div id=\"wcorg-speaker-pablo-herrada-artellano\" class=\"wcorg-speaker wcorg-speaker-pablo-herrada-artellano wcorg-track-track-1\">\n\t\t\t\t<h2>\n\t\t\t\t\t\n\t\t\t\t\t\tPablo Herrada Artellano\n\t\t\t\t\t\t\t\t\t<\/h2>\n\n\t\t\t\t<div class=\"wcorg-speaker-description\">\n\t\t\t\t\t<img alt='' src='https:\/\/secure.gravatar.com\/avatar\/50a3d815ba39eb9216562330d71fcab032994d2400161bc3c5f13869da287525?s=100&#038;d=mm&#038;r=g' srcset='https:\/\/secure.gravatar.com\/avatar\/50a3d815ba39eb9216562330d71fcab032994d2400161bc3c5f13869da287525?s=200&#038;d=mm&#038;r=g 2x' class='avatar avatar-100 photo' height='100' width='100' \/>\t\t\t\t\t<p style=\"font-weight: 400\"><a href=\"https:\/\/www.linkedin.com\/in\/pabloherrada\/\">Pablo Herrada Artellano<\/a>, es\u00a0<a href=\"http:\/\/pabloherrada.com\/\">Emprendedor y Consultor especialista en SEO a nivel nacional e internacional<\/a>, impulsando proyectos de\u00a0eCommerce &amp; Marketing Digital. Colabor\u00f3 como SEO Manager en\u00a0proyectos como Walmart, Interjet, Steren, Sam\u2019s Club, Superama, SkyAlert y algunos m\u00e1s.Fundador de\u00a0<a href=\"http:\/\/www.gimoti.com\/\">Gimoti, empresa dedicada a Rewards Mobile Advertising<\/a>\u00a0y\u00a0<a href=\"http:\/\/www.cleanranks.com\/\" rel=\"nofollow\">Cleanranks, consultora especialista en SEO a Marketing Analytics.<\/a><\/p>\n<p style=\"font-weight: 400\">Es miembro activo de la comunidad WordPress M\u00e9xico y ha colaborado en la organizaci\u00f3n de los WordCamp en Ciudad de M\u00e9xico 2016, 2017 y 2018. Tambi\u00e9n fu\u00e9 ponente en el WordCamp Lima Per\u00fa en 2016.<\/p>\n\t\t\t\t<\/div>\n\t\t\t<\/div>\n\n\t\t\n\t\t\t<!-- Organizers note: The id attribute is deprecated and only remains for backwards compatibility, please use the corresponding class to target individual speakers -->\n\t\t\t<div id=\"wcorg-speaker-cristopher-garrido-martell\" class=\"wcorg-speaker wcorg-speaker-cristopher-garrido-martell wcorg-track-track-2\">\n\t\t\t\t<h2>\n\t\t\t\t\t\n\t\t\t\t\t\tCristopher Garrido Martell\n\t\t\t\t\t\t\t\t\t<\/h2>\n\n\t\t\t\t<div class=\"wcorg-speaker-description\">\n\t\t\t\t\t<img alt='' src='https:\/\/secure.gravatar.com\/avatar\/b15be879d81abe472b61e1fe99e39351209f2c3e57259617aef81c2b0102d7b2?s=100&#038;d=mm&#038;r=g' srcset='https:\/\/secure.gravatar.com\/avatar\/b15be879d81abe472b61e1fe99e39351209f2c3e57259617aef81c2b0102d7b2?s=200&#038;d=mm&#038;r=g 2x' class='avatar avatar-100 photo' height='100' width='100' \/>\t\t\t\t\t<p>Coordinador\/Gerente de producci\u00f3n orientado a procesos \u00e1giles y resultados.<br \/>\n4 a\u00f1os de experiencia dise\u00f1ando y desarrollando sitios web (HTML5, CSS3, JS, WordPress, Joomla, Drupal, Magento, Prestashop).<br \/>\n2 a\u00f1os de experiencia coordinando equipos de trabajo con resultados favorables para la empresa, mi pasi\u00f3n es el Ecommerce y el desarrollo de p\u00e1ginas web creativas, \u00fatiles y efectivas.<\/p>\n\t\t\t\t<\/div>\n\t\t\t<\/div>\n\n\t\t\n\t<\/div>\n\n\t\n","protected":false},"excerpt":{"rendered":"<p>Conoce a los ponentes del WordCamp 2018 CDMX!!!<\/p>\n","protected":false},"author":13690539,"featured_media":0,"parent":0,"menu_order":0,"comment_status":"closed","ping_status":"closed","template":"","meta":{"jetpack_post_was_ever_published":false,"footnotes":""},"class_list":["post-8","page","type-page","status-publish","hentry"],"jetpack_sharing_enabled":true,"jetpack_shortlink":"https:\/\/wp.me\/P9KBGp-8","_links":{"self":[{"href":"https:\/\/mexicocity.wordcamp.org\/2018\/wp-json\/wp\/v2\/pages\/8","targetHints":{"allow":["GET"]}}],"collection":[{"href":"https:\/\/mexicocity.wordcamp.org\/2018\/wp-json\/wp\/v2\/pages"}],"about":[{"href":"https:\/\/mexicocity.wordcamp.org\/2018\/wp-json\/wp\/v2\/types\/page"}],"author":[{"embeddable":true,"href":"https:\/\/mexicocity.wordcamp.org\/2018\/wp-json\/wp\/v2\/users\/13690539"}],"replies":[{"embeddable":true,"href":"https:\/\/mexicocity.wordcamp.org\/2018\/wp-json\/wp\/v2\/comments?post=8"}],"version-history":[{"count":4,"href":"https:\/\/mexicocity.wordcamp.org\/2018\/wp-json\/wp\/v2\/pages\/8\/revisions"}],"predecessor-version":[{"id":722,"href":"https:\/\/mexicocity.wordcamp.org\/2018\/wp-json\/wp\/v2\/pages\/8\/revisions\/722"}],"wp:attachment":[{"href":"https:\/\/mexicocity.wordcamp.org\/2018\/wp-json\/wp\/v2\/media?parent=8"}],"curies":[{"name":"wp","href":"https:\/\/api.w.org\/{rel}","templated":true}]}}