{"id":12,"date":"2019-02-06T17:11:44","date_gmt":"2019-02-06T17:11:44","guid":{"rendered":"https:\/\/2019.mexicocity.wordcamp.org\/organizers\/"},"modified":"2019-05-13T17:23:59","modified_gmt":"2019-05-13T22:23:59","slug":"organizadores","status":"publish","type":"page","link":"https:\/\/mexicocity.wordcamp.org\/2019\/organizadores\/","title":{"rendered":"Organizadores"},"content":{"rendered":"<p>Somos el\u00a0equipo de organizadores de este\u00a0<strong>WordCamp 2019,<\/strong>\u00a0que se llevar\u00e1 a cabo en la Ciudad de M\u00e9xico. Somos apasionados de WordPress y cada mes organizamos un meetup con diferentes temas, ah\u00ed nos puedes conocer y externar tus dudas:<\/p>\n\t<div class=\"wcorg-organizers\">\n\n\t\t\n\t\t\t<div class=\"wcorg-organizer\">\n\t\t\t\t<h2>Ricardo Alday<\/h2>\n\t\t\t\t<div class=\"wcorg-organizer-description\">\n\t\t\t\t\t\t\t\t\t\t<img alt='' src='https:\/\/secure.gravatar.com\/avatar\/a567e614662df8a573e18197424d31187e15a1167328a570914b0bd9532a4e63?s=100&#038;d=mm&#038;r=g' srcset='https:\/\/secure.gravatar.com\/avatar\/a567e614662df8a573e18197424d31187e15a1167328a570914b0bd9532a4e63?s=200&#038;d=mm&#038;r=g 2x' class='avatar avatar-100 photo' height='100' width='100' \/>\t\t\t\t\t\n<p class=\"wp-block-paragraph\">Dise\u00f1ador digital con 20 a\u00f1os de experiencia trabjando con despachos de dise\u00f1o en diferentes pa\u00edses antes de fundar de<a href=\"https:\/\/hyperplanestudio.com\/\"> Hyperplane Studio<\/a>. <br><\/p>\n\t\t\t\t<\/div>\n\t\t\t<\/div>\n\n\t\t\n\t\t\t<div class=\"wcorg-organizer\">\n\t\t\t\t<h2>Pablo Herrada Artellano<\/h2>\n\t\t\t\t<div class=\"wcorg-organizer-description\">\n\t\t\t\t\t\t\t\t\t\t<img alt='' src='https:\/\/secure.gravatar.com\/avatar\/50a3d815ba39eb9216562330d71fcab032994d2400161bc3c5f13869da287525?s=100&#038;d=mm&#038;r=g' srcset='https:\/\/secure.gravatar.com\/avatar\/50a3d815ba39eb9216562330d71fcab032994d2400161bc3c5f13869da287525?s=200&#038;d=mm&#038;r=g 2x' class='avatar avatar-100 photo' height='100' width='100' \/>\t\t\t\t\t\n<p class=\"wp-block-paragraph\"><a href=\"https:\/\/mx.linkedin.com\/in\/pabloherrada\">Emprendedor, Consultor SEO Internacional<\/a>&nbsp;para proyectos de&nbsp;<em>ecommerce<\/em>&nbsp;&amp;&nbsp;<em>Marketing Digital, f<\/em>u\u00e9 SEO Manager en&nbsp;proyectos de&nbsp;Walmart, Interjet, Steren, Sam\u2019s Club y Superama, eBay y Linio. Fundador de&nbsp;<a href=\"http:\/\/www.gimoti.com\/\">Gimoti<\/a>, empresa dedicada a Rewards Mobile Advertising y&nbsp;<a href=\"http:\/\/www.cleanranks.com\/\" rel=\"nofollow\">Cleanranks&nbsp;, empresa dedicada a Marketing Analytics, SEO y mucho m\u00e1s<\/a>. Es miembro activo de la comunidad WordPress M\u00e9xico, lo encuentras en twitter como&nbsp;<a href=\"https:\/\/twitter.com\/phartell\">@phartell.<\/a><\/p>\n\t\t\t\t<\/div>\n\t\t\t<\/div>\n\n\t\t\n\t\t\t<div class=\"wcorg-organizer\">\n\t\t\t\t<h2>Dafne DM (Daffinc)<\/h2>\n\t\t\t\t<div class=\"wcorg-organizer-description\">\n\t\t\t\t\t\t\t\t\t\t<img alt='' src='https:\/\/secure.gravatar.com\/avatar\/9c9e3f49e19d095e8b2a26ed98a011156eae54e14dc3f3bcff7f89865feb0a3c?s=100&#038;d=mm&#038;r=g' srcset='https:\/\/secure.gravatar.com\/avatar\/9c9e3f49e19d095e8b2a26ed98a011156eae54e14dc3f3bcff7f89865feb0a3c?s=200&#038;d=mm&#038;r=g 2x' class='avatar avatar-100 photo' height='100' width='100' \/>\t\t\t\t\t<p>Dise\u00f1adora textil e interactiva, con un diplomado en Construcci\u00f3n de sitios web y Maestr\u00eda en Digital Media. Apasionada de WordPress, de la usabilidad de los sitios y el SEO. Trabajo como programadora freelance, mi sitio es <a href=\"http:\/\/daffinc.com\/\" target=\"_blank\" rel=\"noopener noreferrer\">daffinc.com<\/a>\u00a0y tengo un sitio personal como\u00a0<a href=\"http:\/\/tipsdemadre.com\/\" target=\"_blank\" rel=\"noopener noreferrer\">mama bloguera en tipsdemadre.com<\/a><\/p>\n<p>Encu\u00e9ntrame en Twitter como <a href=\"https:\/\/twitter.com\/daffinc\" target=\"_blank\" rel=\"noopener noreferrer\">@daffinc<\/a><\/p>\n\t\t\t\t<\/div>\n\t\t\t<\/div>\n\n\t\t\n\t\t\t<div class=\"wcorg-organizer\">\n\t\t\t\t<h2>Cristopher Garrido Martell<\/h2>\n\t\t\t\t<div class=\"wcorg-organizer-description\">\n\t\t\t\t\t\t\t\t\t\t<img alt='' src='https:\/\/secure.gravatar.com\/avatar\/b15be879d81abe472b61e1fe99e39351209f2c3e57259617aef81c2b0102d7b2?s=100&#038;d=mm&#038;r=g' srcset='https:\/\/secure.gravatar.com\/avatar\/b15be879d81abe472b61e1fe99e39351209f2c3e57259617aef81c2b0102d7b2?s=200&#038;d=mm&#038;r=g 2x' class='avatar avatar-100 photo' height='100' width='100' \/>\t\t\t\t\t\n<p class=\"wp-block-paragraph\">Consultor de Estrategias Digitales\/Inteligencia de negocios\/WordPress\/Woocommerce Developer. Co-organizador de <a href=\"https:\/\/twitter.com\/wppuebla\">@wppuebla<\/a>. Apoyo a organizar <a href=\"https:\/\/twitter.com\/wpcdmx\">@WPCDMX<\/a>  y otros eventos.  Me puedes encontrar en  <a href=\"https:\/\/twitter.com\/wppuebla\">@wpcristopher<\/a> y <a href=\"https:\/\/profiles.wordpress.org\/gmartell\/\">@gmartell<\/a><\/p>\n\t\t\t\t<\/div>\n\t\t\t<\/div>\n\n\t\t\n\t\t\t<div class=\"wcorg-organizer\">\n\t\t\t\t<h2>Victor AGS<\/h2>\n\t\t\t\t<div class=\"wcorg-organizer-description\">\n\t\t\t\t\t\t\t\t\t\t<img alt='' src='https:\/\/secure.gravatar.com\/avatar\/35427f73a839aa19894eef0ee693ee8e5653fa4084a6337ecd3d8591f79c40cc?s=100&#038;d=mm&#038;r=g' srcset='https:\/\/secure.gravatar.com\/avatar\/35427f73a839aa19894eef0ee693ee8e5653fa4084a6337ecd3d8591f79c40cc?s=200&#038;d=mm&#038;r=g 2x' class='avatar avatar-100 photo' height='100' width='100' \/>\t\t\t\t\t\r\n<p class=\"wp-block-paragraph\">Emprendedor, freelance. Actualmente trabaja para varias empresas creando y administrando e-commerce con WooCommerce. Coorganizador de los meetups de WordPress y WooCommerce en la CDMX. Organizador del WordCamp 2017,2018 y 2019 CDMX.<\/p>\r\n\r\n\r\n\r\n<p class=\"wp-block-paragraph\">Si quieres saber mas de m\u00ed\u00a0<a href=\"https:\/\/www.victorags.com\/\">victorags.com\u00a0\u00a0<\/a>\u00a0Twitter:\u00a0<a href=\"https:\/\/twitter.com\/victoragscom\">@victoragscom\u00a0<\/a><\/p>\r\n\t\t\t\t<\/div>\n\t\t\t<\/div>\n\n\t\t\n\t<\/div><!-- .wcorg-organizers -->\n\t\n","protected":false},"excerpt":{"rendered":"<p>Somos el\u00a0equipo de organizadores de este\u00a0WordCamp 2019,\u00a0que se llevar\u00e1 a cabo en la Ciudad de M\u00e9xico. Somos apasionados de WordPress y cada mes organizamos un meetup con diferentes temas, ah\u00ed nos puedes conocer y externar tus dudas:<\/p>\n","protected":false},"author":14514020,"featured_media":0,"parent":0,"menu_order":0,"comment_status":"closed","ping_status":"closed","template":"","meta":{"_crdt_document":"","jetpack_post_was_ever_published":false,"footnotes":""},"class_list":["post-12","page","type-page","status-publish","hentry"],"jetpack_sharing_enabled":true,"jetpack_shortlink":"https:\/\/wp.me\/PaIvdZ-c","_links":{"self":[{"href":"https:\/\/mexicocity.wordcamp.org\/2019\/wp-json\/wp\/v2\/pages\/12","targetHints":{"allow":["GET"]}}],"collection":[{"href":"https:\/\/mexicocity.wordcamp.org\/2019\/wp-json\/wp\/v2\/pages"}],"about":[{"href":"https:\/\/mexicocity.wordcamp.org\/2019\/wp-json\/wp\/v2\/types\/page"}],"author":[{"embeddable":true,"href":"https:\/\/mexicocity.wordcamp.org\/2019\/wp-json\/wp\/v2\/users\/14514020"}],"replies":[{"embeddable":true,"href":"https:\/\/mexicocity.wordcamp.org\/2019\/wp-json\/wp\/v2\/comments?post=12"}],"version-history":[{"count":3,"href":"https:\/\/mexicocity.wordcamp.org\/2019\/wp-json\/wp\/v2\/pages\/12\/revisions"}],"predecessor-version":[{"id":422,"href":"https:\/\/mexicocity.wordcamp.org\/2019\/wp-json\/wp\/v2\/pages\/12\/revisions\/422"}],"wp:attachment":[{"href":"https:\/\/mexicocity.wordcamp.org\/2019\/wp-json\/wp\/v2\/media?parent=12"}],"curies":[{"name":"wp","href":"https:\/\/api.w.org\/{rel}","templated":true}]}}