{"id":13,"date":"2019-05-17T15:50:57","date_gmt":"2019-05-17T20:50:57","guid":{"rendered":"https:\/\/2019.mexicocity.wordcamp.org\/?page_id=13"},"modified":"2019-09-17T15:51:56","modified_gmt":"2019-09-17T20:51:56","slug":"tickets","status":"publish","type":"page","link":"https:\/\/mexicocity.wordcamp.org\/2019\/tickets\/","title":{"rendered":"Tickets"},"content":{"rendered":"<h2 style=\"text-align: left\"><span style=\"color: #ff6600\"><strong>\u00a1Playeras agotadas!<\/strong><\/span><\/h2>\n<h2>Compra tu boleto aqu\u00ed via PayPal<\/h2>\n<a href=\"https:\/\/mexicocity.wordcamp.org\/2019\/tickets\/\">Please view this page in a browser to purchase or manage tickets.<\/a>\n<p>***Datos para hacer pagos por Oxxo m\u00e1s abajo<\/p>\n<hr \/>\n<h2>M\u00e1s informaci\u00f3n sobre tu boleto y el evento<\/h2>\n<p><img loading=\"lazy\" decoding=\"async\" class=\"aligncenter wp-image-629 size-full\" src=\"https:\/\/2019.mexicocity.wordcamp.org\/files\/2019\/06\/flyer-e1562782729711.jpg\" alt=\"\" width=\"1200\" height=\"528\" srcset=\"https:\/\/mexicocity.wordcamp.org\/2019\/files\/2019\/06\/flyer-e1562782729711.jpg 1200w, https:\/\/mexicocity.wordcamp.org\/2019\/files\/2019\/06\/flyer-e1562782729711-300x132.jpg 300w, https:\/\/mexicocity.wordcamp.org\/2019\/files\/2019\/06\/flyer-e1562782729711-768x338.jpg 768w, https:\/\/mexicocity.wordcamp.org\/2019\/files\/2019\/06\/flyer-e1562782729711-1024x451.jpg 1024w, https:\/\/mexicocity.wordcamp.org\/2019\/files\/2019\/06\/flyer-e1562782729711-500x220.jpg 500w\" sizes=\"auto, (max-width: 767px) 89vw, (max-width: 1000px) 54vw, (max-width: 1071px) 543px, 580px\" \/><\/p>\n<p><strong>Si eres un desarrollador, dise\u00f1ador, especialista en contenido o usas WordPress, WordCamp CDMX es para ti.<\/strong><\/p>\n<h2>Vive WordCamp CDMX<\/h2>\n<p>Este evento es una incre\u00edble oportunidad de networking que se parece m\u00e1s a una reuni\u00f3n que a una convenci\u00f3n. Es el lugar donde se re\u00fane la comunidad de c\u00f3digo abierto de WordPress. Es un lugar de inspiraci\u00f3n y aprendizaje, y tambi\u00e9n una oportunidad para pasar un rato con nuestros amigos y hacer nuevos.<\/p>\n<p>La comunidad de WordPress est\u00e1 formada por personas que trabajan desde freelancers hasta propietarios de agencias, desde plugins y autores de temas, hasta desarrolladores de back-end y front-end, dise\u00f1adores y comercializadores, solo por nombrar algunos.<\/p>\n<h2><span style=\"color: #339966\">Tu boleto a WordCamp te dar\u00e1 acceso a todas las conferencias que se presentar\u00e1n en 2 auditorios, incluyendo:<\/span><\/h2>\n<ol>\n<li style=\"list-style-type: none\">\n<ol>\n<li style=\"list-style-type: none\">\n<ul>\n<li>M\u00e1s de 15 presentaciones de ponentes<\/li>\n<li>Las oportunidades de hablar con patrocinadores que ofrecen complementos, temas, hosting, soluciones de seguridad y m\u00e1s.<\/li>\n<li>Adem\u00e1s de innumerables oportunidades para reunirse y relacionarse con los miembros de la comunidad de WordPress.<\/li>\n<\/ul>\n<\/li>\n<\/ol>\n<\/li>\n<\/ol>\n<p><a href=\"https:\/\/2019.mexicocity.wordcamp.org\/programa\/\" target=\"_blank\" rel=\"noopener noreferrer\"><strong>VE EL PROGRAMA COMPLETO AQUI.<\/strong><\/a><\/p>\n<p><strong>Notas<\/strong><\/p>\n<ul>\n<li>No se vender\u00e1n boletos el d\u00eda del evento.<\/li>\n<li>El precio se encuentra en pesos mexicanos.<\/li>\n<li>No se cuenta con estacionamiento pero habr\u00e1 Valet Parking disponible por $60 a cargo del asistente.<\/li>\n<li>Pregunta por descuentos para estudiantes, grupos y comunidades.<\/li>\n<li>Este es un evento kid-friendly (menores de 14 a\u00f1os no necesitan boleto).<\/li>\n<li>El pago va directamente a la fundaci\u00f3n de WordCamp en Estados Unidos, nosotros podemos elaborar un ticket pero por lo mismo que el dinero se va directamente a la fundaci\u00f3n de USA, no hay posibilidad de dar factura fiscal en M\u00e9xico.<\/li>\n<\/ul>\n<hr \/>\n<h2>Aceptamos tambi\u00e9n pagos por\u00a0 Oxxo.<\/h2>\n<p><img loading=\"lazy\" decoding=\"async\" class=\"aligncenter wp-image-684 size-large\" src=\"https:\/\/2019.mexicocity.wordcamp.org\/files\/2019\/06\/WhatsApp-Image-2019-06-14-at-12.50.21-AM-1024x682.jpeg\" alt=\"\" width=\"604\" height=\"402\" srcset=\"https:\/\/mexicocity.wordcamp.org\/2019\/files\/2019\/06\/WhatsApp-Image-2019-06-14-at-12.50.21-AM-1024x682.jpeg 1024w, https:\/\/mexicocity.wordcamp.org\/2019\/files\/2019\/06\/WhatsApp-Image-2019-06-14-at-12.50.21-AM-300x200.jpeg 300w, https:\/\/mexicocity.wordcamp.org\/2019\/files\/2019\/06\/WhatsApp-Image-2019-06-14-at-12.50.21-AM-768x512.jpeg 768w, https:\/\/mexicocity.wordcamp.org\/2019\/files\/2019\/06\/WhatsApp-Image-2019-06-14-at-12.50.21-AM-450x300.jpeg 450w, https:\/\/mexicocity.wordcamp.org\/2019\/files\/2019\/06\/WhatsApp-Image-2019-06-14-at-12.50.21-AM.jpeg 1600w\" sizes=\"auto, (max-width: 604px) 100vw, 604px\" \/><\/p>\n<p><strong>Pago Oxxo<\/strong><br \/>\nTarjeta n\u00famero: 5204165063487999<br \/>\nBanco Banamex<br \/>\nMandar comprobante al correo wordpress.cdmx@gmail.com con nombre completo.<br \/>\nRecibir\u00e1s respuesta en m\u00e1ximo 2 d\u00edas h\u00e1biles.<\/p>\n<p><strong>Pago por Transferencia<\/strong><\/p>\n<p>Puedes usar el mismo n\u00famero de tarjeta escrito anteriormente para realizar una transferencia, el nombre es a Pablo Herrada Artellano. Nos env\u00edas tu comprobante a wordpress.cdmx@gmail.com con nombre completo.<\/p>\n<p>&nbsp;<\/p>\n<hr \/>\n<h2>Compra tu boleto aqu\u00ed via PayPal<\/h2>\n<a href=\"https:\/\/mexicocity.wordcamp.org\/2019\/tickets\/\">Please view this page in a browser to purchase or manage tickets.<\/a>\n<p>&nbsp;<\/p>\n","protected":false},"excerpt":{"rendered":"<p>\u00a1Playeras agotadas! Compra tu boleto aqu\u00ed via PayPal ***Datos para hacer pagos por Oxxo m\u00e1s abajo M\u00e1s informaci\u00f3n sobre tu boleto y el evento Si eres un desarrollador, dise\u00f1ador, especialista en contenido o usas WordPress, WordCamp CDMX es para ti. Vive WordCamp CDMX Este evento es una incre\u00edble oportunidad de networking que se parece m\u00e1s &hellip; <\/p>\n<p class=\"link-more\"><a href=\"https:\/\/mexicocity.wordcamp.org\/2019\/tickets\/\" class=\"more-link\">Continue reading<span class=\"screen-reader-text\"> &#8220;Tickets&#8221;<\/span><\/a><\/p>\n","protected":false},"author":14514020,"featured_media":0,"parent":0,"menu_order":0,"comment_status":"closed","ping_status":"closed","template":"","meta":{"_crdt_document":"","jetpack_post_was_ever_published":false,"footnotes":""},"class_list":["post-13","page","type-page","status-publish","hentry"],"jetpack_sharing_enabled":true,"jetpack_shortlink":"https:\/\/wp.me\/PaIvdZ-d","_links":{"self":[{"href":"https:\/\/mexicocity.wordcamp.org\/2019\/wp-json\/wp\/v2\/pages\/13","targetHints":{"allow":["GET"]}}],"collection":[{"href":"https:\/\/mexicocity.wordcamp.org\/2019\/wp-json\/wp\/v2\/pages"}],"about":[{"href":"https:\/\/mexicocity.wordcamp.org\/2019\/wp-json\/wp\/v2\/types\/page"}],"author":[{"embeddable":true,"href":"https:\/\/mexicocity.wordcamp.org\/2019\/wp-json\/wp\/v2\/users\/14514020"}],"replies":[{"embeddable":true,"href":"https:\/\/mexicocity.wordcamp.org\/2019\/wp-json\/wp\/v2\/comments?post=13"}],"version-history":[{"count":44,"href":"https:\/\/mexicocity.wordcamp.org\/2019\/wp-json\/wp\/v2\/pages\/13\/revisions"}],"predecessor-version":[{"id":2031,"href":"https:\/\/mexicocity.wordcamp.org\/2019\/wp-json\/wp\/v2\/pages\/13\/revisions\/2031"}],"wp:attachment":[{"href":"https:\/\/mexicocity.wordcamp.org\/2019\/wp-json\/wp\/v2\/media?parent=13"}],"curies":[{"name":"wp","href":"https:\/\/api.w.org\/{rel}","templated":true}]}}