{"id":305,"date":"2019-05-10T11:47:44","date_gmt":"2019-05-10T16:47:44","guid":{"rendered":"https:\/\/2019.mexicocity.wordcamp.org\/?page_id=305"},"modified":"2019-12-06T10:14:57","modified_gmt":"2019-12-06T16:14:57","slug":"home","status":"publish","type":"page","link":"https:\/\/mexicocity.wordcamp.org\/2019\/","title":{"rendered":"Home"},"content":{"rendered":"\n<section id=\"home-header\">\n<div id=\"horario\">\n<span class=\"fecha\">31 de Agosto 2019<\/span>\n<span class=\"horario\">9:30am a 6:00pm<\/span>\n<span class=\"lugar\">Ciudad de M\u00e9xico<\/span>\n<\/div>\n\n<div id=\"logo\">\n<img decoding=\"async\" src=\"https:\/\/2019.mexicocity.wordcamp.org\/files\/2019\/07\/wccdmx-logo-sombra.png\">\n<span class=\"boton\"><a href=\"https:\/\/2019.mexicocity.wordcamp.org\/charlas\/\">M\u00e1s informaci\u00f3n<\/a><\/span>\n<\/div>\n\n<div id=\"content\">\n<h3>\u00bfBuscas buena onda, conversaciones y aprendizaje\nsobre tecnolog\u00eda, desarrollo, dise\u00f1o y m\u00e1s?<\/h3>\n<h2>\u00a1EST\u00c1S EN EL LUGAR INDICADO!<\/h2>\n<\/div>\n\n<\/section>\n\n\n\n<section id=\"barra-iconos\">\n<div class=\"evento\">\n<a href=\"https:\/\/2019.mexicocity.wordcamp.org\/charlas\/\"><img decoding=\"async\" src=\"https:\/\/2019.mexicocity.wordcamp.org\/files\/2019\/07\/evento.png\"><\/a>\n<\/div>\n\n<div class=\"tickets\">\n<a href=\"https:\/\/2019.mexicocity.wordcamp.org\/tickets\/\"><img decoding=\"async\" src=\"https:\/\/2019.mexicocity.wordcamp.org\/files\/2019\/07\/ticket.png\"><\/a>\n<\/div>\n\n<div class=\"locacion\">\n<a href=\"https:\/\/2019.mexicocity.wordcamp.org\/donde-y-cuando\/\"><img decoding=\"async\" src=\"https:\/\/2019.mexicocity.wordcamp.org\/files\/2019\/07\/pin.png\"><\/a>\n<\/div>\n\n<div class=\"ponentes\">\n<a href=\"https:\/\/2019.mexicocity.wordcamp.org\/ponentes\/\"><img decoding=\"async\" src=\"https:\/\/2019.mexicocity.wordcamp.org\/files\/2019\/07\/ponentes.png\"><\/a>\n<\/div>\n<\/section>\n\n\n\n<section id=\"intro\">\n<figure><img decoding=\"async\" src=\"https:\/\/2019.mexicocity.wordcamp.org\/files\/2019\/07\/que-es-wc.jpg\"><\/figure>\n<div class=\"intro-content\">\n<h3>\u00bfQu\u00e9 es un WordCamp?<\/h3>\n<p>En la comunidad WordPress se desarrollan varios eventos que, dependiendo de sus caracter\u00edsticas, pueden ser meetups, WordPress Days, reuniones de apoyo, etc. Pero hay un tipo de evento oficial, aprobado y respaldado por la Fundaci\u00f3n WordPress, que se distingue de los dem\u00e1s. <\/p> <p>Estos eventos oficiales tienen el nombre \u201cWordCamp\u201d y son eventos organizados de forma local por las comunidades locales de WordPress siguiendo las bases que la WordPress Foundation ofrece desde WordCamp.org. Consiste en un grupo de conferencias donde se tratan todos los temas relacionados a WordPress, desde c\u00f3mo usar la herramienta eficientemente hasta c\u00f3mo hacer un uso seguro de ella, tiendas en l\u00ednea, blog posting entre otras experiencias m\u00e1s personales que los usuarios deseen compartir con los asistentes.<\/p> <p>Este pr\u00f3ximo s\u00e1bado 31 de agosto 2019 ser\u00e1 el WordCamp Ciudad de M\u00e9xico. Una oportunidad imperdible para reunirte con la gran comunidadde usuarios de WordPress de la CDMX y otras ciudades, as\u00ed c\u00f3mo diversos invitados de otras comunidades alrededor del mundo, que se unir\u00e1n en una celebraci\u00f3n de nuestra pasi\u00f3n por la tecnolog\u00eda y por compartir nuestras experiencias de usuarios con los dem\u00e1s.<\/p>\n<\/div>\n<\/section>\n\n\n\n<section id=\"compra-tickets\">\n\n<h3>NO TE PIERDAS LA OPORTUNIDAD DE PARTICIPAR\nEN EL WORDCAMP CDMX<\/h3>\n\n<p>\u00a1Consigue tu entrada ahora!\n<\/p>\n\n<div class=\"boton-tickets\"><a href=\"https:\/\/2019.mexicocity.wordcamp.org\/tickets\/\">M\u00e1s informaci\u00f3n<\/a><\/div>\n\n<\/section>\n\n\n\n<section id=\"ubicacion\">\n<div class=\"ciudad\">\n<h3>Ciudad de Mexico<\/h3>\n<h4>CDMX:<br>Una s\u00faper metr\u00f3poli para tod@s<\/h4>\n<img decoding=\"async\" src=\"https:\/\/2019.mexicocity.wordcamp.org\/files\/2019\/07\/angel-cdmx.jpg\">\n<div class=\"contenido\">Esta es la cuarta edici\u00f3n del WordCamp en la Ciudad de M\u00e9xico, el evento m\u00e1s grande de WordPress en todo el pa\u00eds. Donde se encontrar\u00e1n m\u00e1s de 15 ponentes locales e internacionales.\n<\/div>\n<div>\n<a href=\"https:\/\/2019.mexicocity.wordcamp.org\/programa\/\">M\u00c1S INFORMACI\u00d3N<\/a>\n<\/div>\n<\/div>\n\n<div class=\"lugar\">\n<h3>NUESTRA LOCACI\u00d3N<\/h3>\n<h4>DURANGO 275:<br>El mejor lugar con la mejor ubicaci\u00f3n<\/h4>\n<img decoding=\"async\" src=\"https:\/\/2019.mexicocity.wordcamp.org\/files\/2019\/07\/salon.jpg\">\n<div class=\"contenido\">Contaremos con dos tracks, uno para desarrolladores con temas sobre seguridad, velocidad y optimizaci\u00f3n; y otro para usuarios casuales con temas sobre blogging, marketing y emprendimiento.\n<\/div>\n<div>\n<a href=\"https:\/\/2019.mexicocity.wordcamp.org\/programa\/\">M\u00c1S INFORMACI\u00d3N<\/a>\n<\/div>\n<\/div>\n<\/section>\n\n\n\n<section id=\"sponsors\">\n\t<h3>Patrocinadores WordCamp CMMX 2019<\/h3>\n\t<h4>Gracias a todos nuestros patrocinadores este evento en la Ciudad de M\u00e9xico es posible para toda la comunidad de WordPress.<\/h4>\n<strong>Gold<\/strong>\n\n<div class=\"gold\">\n<img decoding=\"async\" src=\"https:\/\/2019.mexicocity.wordcamp.org\/files\/2019\/07\/woocommerce.png\" alt=\"WooCommerce\">\n\n<img decoding=\"async\" src=\"https:\/\/2019.mexicocity.wordcamp.org\/files\/2019\/07\/jetpack.png\" alt=\"Jetpack\">\n\n<img decoding=\"async\" src=\"https:\/\/2019.mexicocity.wordcamp.org\/files\/2019\/07\/bluehost.png\" alt=\"Bluehost\">\n\n<img decoding=\"async\" src=\"https:\/\/2019.mexicocity.wordcamp.org\/files\/2019\/07\/liquidweb.png\" alt=\"Liquid Web\">\n\n<img decoding=\"async\" src=\"https:\/\/2019.mexicocity.wordcamp.org\/files\/2019\/07\/webempresa.png\" alt=\"Webempresa\">\n\n<img decoding=\"async\" src=\"https:\/\/2019.mexicocity.wordcamp.org\/files\/2019\/07\/siteground.png\" alt=\"SiteGround\">\n\n<img decoding=\"async\" src=\"https:\/\/2019.mexicocity.wordcamp.org\/files\/2019\/07\/gravity-forms.png\" alt=\"Gravity Forms\">\n\n<img decoding=\"async\" src=\"https:\/\/2019.mexicocity.wordcamp.org\/files\/2019\/08\/SEObox-g.png\" alt=\"SEOBOX\">\n\n<img decoding=\"async\" src=\"https:\/\/2019.mexicocity.wordcamp.org\/files\/2019\/08\/Clean-Ranks.png\" alt=\"Clean Ranks\">\n\n\n\n<\/div>\n\n<strong>Silver<\/strong>\n\n<div class=\"silver\">\n<img decoding=\"async\" src=\"https:\/\/2019.mexicocity.wordcamp.org\/files\/2019\/07\/hubspot.png\" alt=\"HubSpot\">\n\n<img decoding=\"async\" src=\"https:\/\/2019.mexicocity.wordcamp.org\/files\/2019\/07\/ciberprotector.png\" alt=\"Cyberprotector\">\n\n<img decoding=\"async\" src=\"https:\/\/2019.mexicocity.wordcamp.org\/files\/2019\/07\/greengeeks.png\" alt=\"GreenGeeks\">\n\n<img decoding=\"async\" src=\"https:\/\/2019.mexicocity.wordcamp.org\/files\/2019\/07\/godaddy.png\" alt=\"GoDaddy\">\n\n<img decoding=\"async\" src=\"https:\/\/2019.mexicocity.wordcamp.org\/files\/2019\/07\/weglot.png\" alt=\"WeGlot\">\n\n<img decoding=\"async\" src=\"https:\/\/2019.mexicocity.wordcamp.org\/files\/2019\/08\/ACF-g.png\" alt=\"ACF\">\n<\/div>\n\n<strong>Bronce<\/strong>\n\n<div class=\"bronce\">\n<img decoding=\"async\" src=\"https:\/\/2019.mexicocity.wordcamp.org\/files\/2019\/08\/yoastacademy.png\" alt=\"Yoast SEO\">\n\n<img decoding=\"async\" src=\"https:\/\/2019.mexicocity.wordcamp.org\/files\/2019\/07\/dreamhost.png\" alt=\"DreamHost\">\n\n<img decoding=\"async\" src=\"https:\/\/2019.mexicocity.wordcamp.org\/files\/2019\/07\/noltehome.png\" alt=\"Nolte\">\n\n<img decoding=\"async\" src=\"https:\/\/2019.mexicocity.wordcamp.org\/files\/2019\/08\/The-Pool-2.png\" alt=\"The Pole\">\n\n<\/div>\n<strong>MicroSponsor<\/strong>\n<div class=\"MicroSponsor\">\n<div><img decoding=\"async\" src=\"https:\/\/2019.mexicocity.wordcamp.org\/files\/2019\/08\/Aldea-host.png\" alt=\"Aldeahost\"><\/div>\n<div><img decoding=\"async\" src=\"https:\/\/2019.mexicocity.wordcamp.org\/files\/2019\/08\/Neolo-2.png\" alt=\"Neolo\"><\/div>\n<div><a href=\"https:\/\/visualled.com\/\"><img decoding=\"async\" width=\"150px\" src=\"https:\/\/2019.mexicocity.wordcamp.org\/files\/2019\/12\/logo-visualled.png\" \/><\/a><\/div>\n<\/div>\n","protected":false},"excerpt":{"rendered":"<p>31 de Agosto 2019 9:30am a 6:00pm Ciudad de M\u00e9xico M\u00e1s informaci\u00f3n \u00bfBuscas buena onda, conversaciones y aprendizaje sobre tecnolog\u00eda, desarrollo, dise\u00f1o y m\u00e1s? \u00a1EST\u00c1S EN EL LUGAR INDICADO! \u00bfQu\u00e9 es un WordCamp? En la comunidad WordPress se desarrollan varios eventos que, dependiendo de sus caracter\u00edsticas, pueden ser meetups, WordPress Days, reuniones de apoyo, etc. &hellip; <\/p>\n<p class=\"link-more\"><a href=\"https:\/\/mexicocity.wordcamp.org\/2019\/\" class=\"more-link\">Continue reading<span class=\"screen-reader-text\"> &#8220;Home&#8221;<\/span><\/a><\/p>\n","protected":false},"author":4938967,"featured_media":0,"parent":0,"menu_order":0,"comment_status":"closed","ping_status":"closed","template":"","meta":{"jetpack_post_was_ever_published":false,"footnotes":""},"class_list":["post-305","page","type-page","status-publish","hentry"],"jetpack_sharing_enabled":true,"jetpack_shortlink":"https:\/\/wp.me\/PaIvdZ-4V","_links":{"self":[{"href":"https:\/\/mexicocity.wordcamp.org\/2019\/wp-json\/wp\/v2\/pages\/305","targetHints":{"allow":["GET"]}}],"collection":[{"href":"https:\/\/mexicocity.wordcamp.org\/2019\/wp-json\/wp\/v2\/pages"}],"about":[{"href":"https:\/\/mexicocity.wordcamp.org\/2019\/wp-json\/wp\/v2\/types\/page"}],"author":[{"embeddable":true,"href":"https:\/\/mexicocity.wordcamp.org\/2019\/wp-json\/wp\/v2\/users\/4938967"}],"replies":[{"embeddable":true,"href":"https:\/\/mexicocity.wordcamp.org\/2019\/wp-json\/wp\/v2\/comments?post=305"}],"version-history":[{"count":88,"href":"https:\/\/mexicocity.wordcamp.org\/2019\/wp-json\/wp\/v2\/pages\/305\/revisions"}],"predecessor-version":[{"id":2391,"href":"https:\/\/mexicocity.wordcamp.org\/2019\/wp-json\/wp\/v2\/pages\/305\/revisions\/2391"}],"wp:attachment":[{"href":"https:\/\/mexicocity.wordcamp.org\/2019\/wp-json\/wp\/v2\/media?parent=305"}],"curies":[{"name":"wp","href":"https:\/\/api.w.org\/{rel}","templated":true}]}}