{"id":558,"date":"2019-05-29T12:46:00","date_gmt":"2019-05-29T17:46:00","guid":{"rendered":"https:\/\/2019.mexicocity.wordcamp.org\/?page_id=558"},"modified":"2019-08-25T00:55:26","modified_gmt":"2019-08-25T05:55:26","slug":"donde-y-cuando","status":"publish","type":"page","link":"https:\/\/mexicocity.wordcamp.org\/2019\/donde-y-cuando\/","title":{"rendered":"\u00bfD\u00f3nde y cu\u00e1ndo?"},"content":{"rendered":"\n<ul class=\"wp-block-gallery columns-3 is-cropped wp-block-gallery-1 is-layout-flex wp-block-gallery-is-layout-flex\"><li class=\"blocks-gallery-item\"><figure><img loading=\"lazy\" decoding=\"async\" width=\"1024\" height=\"704\" src=\"https:\/\/2019.mexicocity.wordcamp.org\/files\/2019\/08\/mezzanineHome_2019-1024x704.jpg\" alt=\"\" data-id=\"2007\" data-link=\"https:\/\/2019.mexicocity.wordcamp.org\/donde-y-cuando\/mezzaninehome_2019\/\" class=\"wp-image-2007\" srcset=\"https:\/\/mexicocity.wordcamp.org\/2019\/files\/2019\/08\/mezzanineHome_2019-1024x704.jpg 1024w, https:\/\/mexicocity.wordcamp.org\/2019\/files\/2019\/08\/mezzanineHome_2019-300x206.jpg 300w, https:\/\/mexicocity.wordcamp.org\/2019\/files\/2019\/08\/mezzanineHome_2019-768x528.jpg 768w, https:\/\/mexicocity.wordcamp.org\/2019\/files\/2019\/08\/mezzanineHome_2019-436x300.jpg 436w\" sizes=\"auto, (max-width: 767px) 89vw, (max-width: 1000px) 54vw, (max-width: 1071px) 543px, 580px\" \/><\/figure><\/li><li class=\"blocks-gallery-item\"><figure><img loading=\"lazy\" decoding=\"async\" width=\"1024\" height=\"704\" src=\"https:\/\/2019.mexicocity.wordcamp.org\/files\/2019\/08\/salonOroHome_2019-1024x704.jpg\" alt=\"\" data-id=\"2008\" data-link=\"https:\/\/2019.mexicocity.wordcamp.org\/donde-y-cuando\/salonorohome_2019\/\" class=\"wp-image-2008\" srcset=\"https:\/\/mexicocity.wordcamp.org\/2019\/files\/2019\/08\/salonOroHome_2019-1024x704.jpg 1024w, https:\/\/mexicocity.wordcamp.org\/2019\/files\/2019\/08\/salonOroHome_2019-300x206.jpg 300w, https:\/\/mexicocity.wordcamp.org\/2019\/files\/2019\/08\/salonOroHome_2019-768x528.jpg 768w, https:\/\/mexicocity.wordcamp.org\/2019\/files\/2019\/08\/salonOroHome_2019-436x300.jpg 436w\" sizes=\"auto, (max-width: 767px) 89vw, (max-width: 1000px) 54vw, (max-width: 1071px) 543px, 580px\" \/><\/figure><\/li><li class=\"blocks-gallery-item\"><figure><img loading=\"lazy\" decoding=\"async\" width=\"1024\" height=\"704\" src=\"https:\/\/2019.mexicocity.wordcamp.org\/files\/2019\/08\/salonPlataHome_2019-1024x704.jpg\" alt=\"\" data-id=\"2009\" data-link=\"https:\/\/2019.mexicocity.wordcamp.org\/donde-y-cuando\/salonplatahome_2019\/\" class=\"wp-image-2009\" srcset=\"https:\/\/mexicocity.wordcamp.org\/2019\/files\/2019\/08\/salonPlataHome_2019-1024x704.jpg 1024w, https:\/\/mexicocity.wordcamp.org\/2019\/files\/2019\/08\/salonPlataHome_2019-300x206.jpg 300w, https:\/\/mexicocity.wordcamp.org\/2019\/files\/2019\/08\/salonPlataHome_2019-768x528.jpg 768w, https:\/\/mexicocity.wordcamp.org\/2019\/files\/2019\/08\/salonPlataHome_2019-436x300.jpg 436w\" sizes=\"auto, (max-width: 767px) 89vw, (max-width: 1000px) 54vw, (max-width: 1071px) 543px, 580px\" \/><\/figure><\/li><li class=\"blocks-gallery-item\"><figure><img loading=\"lazy\" decoding=\"async\" width=\"1024\" height=\"704\" src=\"https:\/\/2019.mexicocity.wordcamp.org\/files\/2019\/08\/terrazaNegraHome_2019-1024x704.jpg\" alt=\"\" data-id=\"2010\" data-link=\"https:\/\/2019.mexicocity.wordcamp.org\/donde-y-cuando\/terrazanegrahome_2019\/\" class=\"wp-image-2010\" srcset=\"https:\/\/mexicocity.wordcamp.org\/2019\/files\/2019\/08\/terrazaNegraHome_2019-1024x704.jpg 1024w, https:\/\/mexicocity.wordcamp.org\/2019\/files\/2019\/08\/terrazaNegraHome_2019-300x206.jpg 300w, https:\/\/mexicocity.wordcamp.org\/2019\/files\/2019\/08\/terrazaNegraHome_2019-768x528.jpg 768w, https:\/\/mexicocity.wordcamp.org\/2019\/files\/2019\/08\/terrazaNegraHome_2019-436x300.jpg 436w\" sizes=\"auto, (max-width: 767px) 89vw, (max-width: 1000px) 54vw, (max-width: 1071px) 543px, 580px\" \/><\/figure><\/li><li class=\"blocks-gallery-item\"><figure><img loading=\"lazy\" decoding=\"async\" width=\"1024\" height=\"704\" src=\"https:\/\/2019.mexicocity.wordcamp.org\/files\/2019\/08\/terrazaOroHome_2019-1024x704.jpg\" alt=\"\" data-id=\"2011\" data-link=\"https:\/\/2019.mexicocity.wordcamp.org\/donde-y-cuando\/terrazaorohome_2019\/\" class=\"wp-image-2011\" srcset=\"https:\/\/mexicocity.wordcamp.org\/2019\/files\/2019\/08\/terrazaOroHome_2019-1024x704.jpg 1024w, https:\/\/mexicocity.wordcamp.org\/2019\/files\/2019\/08\/terrazaOroHome_2019-300x206.jpg 300w, https:\/\/mexicocity.wordcamp.org\/2019\/files\/2019\/08\/terrazaOroHome_2019-768x528.jpg 768w, https:\/\/mexicocity.wordcamp.org\/2019\/files\/2019\/08\/terrazaOroHome_2019-436x300.jpg 436w\" sizes=\"auto, (max-width: 767px) 89vw, (max-width: 1000px) 54vw, (max-width: 1071px) 543px, 580px\" \/><\/figure><\/li><\/ul>\n\n\n\n<p class=\"wp-block-paragraph\">Lugar: <strong>Durango 275.<\/strong><br>Fecha: <strong>31 de Agosto (s\u00e1bado).<\/strong><br><a href=\"https:\/\/2019.mexicocity.wordcamp.org\/tickets\/\">Consigue tu entrada aqu\u00ed.<\/a><\/p>\n\n\n\n<p class=\"wp-block-paragraph\">La comunidad de\u00a0WordPress en M\u00e9xico, est\u00e1 feliz de anunciarte que el WordCamp 2019 Ciudad de M\u00e9xico se llevar\u00e1 a cabo en el sal\u00f3n de eventos <a href=\"https:\/\/durango275.mx\">Durango 275<\/a> , que se encuentra a 5 minutos caminando de la estaci\u00f3n del metro bus Durango , a 5 minutos del metro Sevilla y Chapultepec, as\u00ed como a 10 del  Metro Insurgentes.<\/p>\n\n\n\n<p class=\"wp-block-paragraph\"> El registro de los asistentes ser\u00e1 a las&nbsp;<strong>9:30am<\/strong>&nbsp;y la clausura ser\u00e1 a las&nbsp;<strong>5:00pm&nbsp;<\/strong>seguido de un after party. Contar\u00e1s con coffee break, gift bag, box lunch y lo mejor de todo\u2026 la posibilidad de disfrutar entre m\u00e1s de<strong>&nbsp;18 ponencias locales e internacionales<\/strong>. <\/p>\n\n\n\n<p class=\"wp-block-paragraph\"><strong>Direcci\u00f3n:<\/strong>   CALLE DE DURANGO 275, ROMA NORTE, CUAUHT\u00c9MOC, 06700 CIUDAD DE M\u00c9XICO <br><strong>Metrobus:<\/strong>\u00a0a 5 minutos del Metro Bus Durango<br><strong>Metros cercanos:<\/strong>\u00a0 Sevilla, Chapultepec e Insurgentes &#8211; ordenados por cercan\u00eda<br><strong>Google Maps:\u00a0<\/strong><a href=\"https:\/\/goo.gl\/maps\/znTbxTMymm9vnHoMA\">https:\/\/goo.gl\/maps\/znTbxTMymm9vnHoMA<\/a><\/p>\n\n\n\n<div class=\"googlemaps\">\n\t\t\t\t<iframe loading=\"lazy\" width=\"600\" height=\"450\" frameborder=\"0\" scrolling=\"no\" marginheight=\"0\" marginwidth=\"0\"  src=\"https:\/\/www.google.com\/maps\/embed?pb=!1m18!1m12!1m3!1d3762.8490000948204!2d-99.1704148690528!3d19.41892916904512!2m3!1f0!2f0!3f0!3m2!1i1024!2i768!4f13.1!3m3!1m2!1s0x85d1ff462ce35c0d:0x7359272ceffcdd4c!2sCalle%20de%20Durango%20275,%20Roma%20Nte.,%2006700%20Ciudad%20de%20M\u00e9xico,%20CDMX!5e0!3m2!1ses!2smx!4v1559161244870!5m2!1ses!2smx\"><\/iframe>\n\t\t\t<\/div>\n\n\n\n<figure class=\"wp-block-image\"><img loading=\"lazy\" decoding=\"async\" width=\"1024\" height=\"683\" src=\"https:\/\/2019.mexicocity.wordcamp.org\/files\/2019\/07\/Copia-de-Panoramica5-1024x683-1024x683.jpg\" alt=\"\" class=\"wp-image-844\" srcset=\"https:\/\/mexicocity.wordcamp.org\/2019\/files\/2019\/07\/Copia-de-Panoramica5-1024x683.jpg 1024w, https:\/\/mexicocity.wordcamp.org\/2019\/files\/2019\/07\/Copia-de-Panoramica5-1024x683-300x200.jpg 300w, https:\/\/mexicocity.wordcamp.org\/2019\/files\/2019\/07\/Copia-de-Panoramica5-1024x683-768x512.jpg 768w, https:\/\/mexicocity.wordcamp.org\/2019\/files\/2019\/07\/Copia-de-Panoramica5-1024x683-450x300.jpg 450w\" sizes=\"auto, (max-width: 767px) 89vw, (max-width: 1000px) 54vw, (max-width: 1071px) 543px, 580px\" \/><figcaption><em>Foto de evento corporativo en la locaci\u00f3n<\/em><\/figcaption><\/figure>\n\n\n\n<figure class=\"wp-block-image\"><img loading=\"lazy\" decoding=\"async\" width=\"1024\" height=\"683\" src=\"https:\/\/2019.mexicocity.wordcamp.org\/files\/2019\/07\/Copia-de-Detalles6-1024x683-1024x683.jpg\" alt=\"\" class=\"wp-image-843\" srcset=\"https:\/\/mexicocity.wordcamp.org\/2019\/files\/2019\/07\/Copia-de-Detalles6-1024x683.jpg 1024w, https:\/\/mexicocity.wordcamp.org\/2019\/files\/2019\/07\/Copia-de-Detalles6-1024x683-300x200.jpg 300w, https:\/\/mexicocity.wordcamp.org\/2019\/files\/2019\/07\/Copia-de-Detalles6-1024x683-768x512.jpg 768w, https:\/\/mexicocity.wordcamp.org\/2019\/files\/2019\/07\/Copia-de-Detalles6-1024x683-450x300.jpg 450w\" sizes=\"auto, (max-width: 767px) 89vw, (max-width: 1000px) 54vw, (max-width: 1071px) 543px, 580px\" \/><figcaption><em>Foto de evento corporativo en la locaci\u00f3n<\/em><\/figcaption><\/figure>\n\n\n\n<figure class=\"wp-block-image\"><img loading=\"lazy\" decoding=\"async\" width=\"1024\" height=\"683\" src=\"https:\/\/2019.mexicocity.wordcamp.org\/files\/2019\/07\/Copia-de-Detalles7-1024x683-1024x683.jpg\" alt=\"\" class=\"wp-image-846\" srcset=\"https:\/\/mexicocity.wordcamp.org\/2019\/files\/2019\/07\/Copia-de-Detalles7-1024x683.jpg 1024w, https:\/\/mexicocity.wordcamp.org\/2019\/files\/2019\/07\/Copia-de-Detalles7-1024x683-300x200.jpg 300w, https:\/\/mexicocity.wordcamp.org\/2019\/files\/2019\/07\/Copia-de-Detalles7-1024x683-768x512.jpg 768w, https:\/\/mexicocity.wordcamp.org\/2019\/files\/2019\/07\/Copia-de-Detalles7-1024x683-450x300.jpg 450w\" sizes=\"auto, (max-width: 767px) 89vw, (max-width: 1000px) 54vw, (max-width: 1071px) 543px, 580px\" \/><figcaption><em>Foto de evento corporativo en la locaci\u00f3n<\/em><\/figcaption><\/figure>\n\n\n\n<p class=\"wp-block-paragraph\">Podr\u00e1s traer a tu hijo\/a para que aprenda tambi\u00e9n sobre el mundo digital y ya no tendr\u00e1s que preocuparte por no tener con quien dejarlo. As\u00ed es como cumplimos nuestra misi\u00f3n de hacer <a href=\"https:\/\/twitter.com\/hashtag\/Wordpress?src=hashtag_click\">#Wordpress<\/a> y el WordCamp accesible para todos.<\/p>\n\n\n\n<figure class=\"wp-block-image\"><img loading=\"lazy\" decoding=\"async\" width=\"1024\" height=\"1024\" src=\"https:\/\/2019.mexicocity.wordcamp.org\/files\/2019\/08\/kid-1024x1024.png\" alt=\"\" class=\"wp-image-2005\" srcset=\"https:\/\/mexicocity.wordcamp.org\/2019\/files\/2019\/08\/kid-1024x1024.png 1024w, https:\/\/mexicocity.wordcamp.org\/2019\/files\/2019\/08\/kid-150x150.png 150w, https:\/\/mexicocity.wordcamp.org\/2019\/files\/2019\/08\/kid-300x300.png 300w, https:\/\/mexicocity.wordcamp.org\/2019\/files\/2019\/08\/kid-768x768.png 768w, https:\/\/mexicocity.wordcamp.org\/2019\/files\/2019\/08\/kid-100x100.png 100w, https:\/\/mexicocity.wordcamp.org\/2019\/files\/2019\/08\/kid.png 1080w\" sizes=\"auto, (max-width: 767px) 89vw, (max-width: 1000px) 54vw, (max-width: 1071px) 543px, 580px\" \/><\/figure>\n\n\n\n<figure class=\"wp-block-image\"><img loading=\"lazy\" decoding=\"async\" width=\"1024\" height=\"683\" src=\"https:\/\/2019.mexicocity.wordcamp.org\/files\/2019\/07\/Copia-de-img_7822c-1024x683-1024x683.jpg\" alt=\"\" class=\"wp-image-845\" srcset=\"https:\/\/mexicocity.wordcamp.org\/2019\/files\/2019\/07\/Copia-de-img_7822c-1024x683.jpg 1024w, https:\/\/mexicocity.wordcamp.org\/2019\/files\/2019\/07\/Copia-de-img_7822c-1024x683-300x200.jpg 300w, https:\/\/mexicocity.wordcamp.org\/2019\/files\/2019\/07\/Copia-de-img_7822c-1024x683-768x512.jpg 768w, https:\/\/mexicocity.wordcamp.org\/2019\/files\/2019\/07\/Copia-de-img_7822c-1024x683-450x300.jpg 450w\" sizes=\"auto, (max-width: 767px) 89vw, (max-width: 1000px) 54vw, (max-width: 1071px) 543px, 580px\" \/><figcaption>Foto de evento corporativo en la locaci\u00f3n<\/figcaption><\/figure>\n","protected":false},"excerpt":{"rendered":"<p>Lugar: Durango 275.Fecha: 31 de Agosto (s\u00e1bado).Consigue tu entrada aqu\u00ed. La comunidad de\u00a0WordPress en M\u00e9xico, est\u00e1 feliz de anunciarte que el WordCamp 2019 Ciudad de M\u00e9xico se llevar\u00e1 a cabo en el sal\u00f3n de eventos Durango 275 , que se encuentra a 5 minutos caminando de la estaci\u00f3n del metro bus Durango , a 5 &hellip; <\/p>\n<p class=\"link-more\"><a href=\"https:\/\/mexicocity.wordcamp.org\/2019\/donde-y-cuando\/\" class=\"more-link\">Continue reading<span class=\"screen-reader-text\"> &#8220;\u00bfD\u00f3nde y cu\u00e1ndo?&#8221;<\/span><\/a><\/p>\n","protected":false},"author":14514020,"featured_media":0,"parent":0,"menu_order":0,"comment_status":"closed","ping_status":"closed","template":"","meta":{"_crdt_document":"","jetpack_post_was_ever_published":false,"footnotes":""},"class_list":["post-558","page","type-page","status-publish","hentry"],"jetpack_sharing_enabled":true,"jetpack_shortlink":"https:\/\/wp.me\/PaIvdZ-90","_links":{"self":[{"href":"https:\/\/mexicocity.wordcamp.org\/2019\/wp-json\/wp\/v2\/pages\/558","targetHints":{"allow":["GET"]}}],"collection":[{"href":"https:\/\/mexicocity.wordcamp.org\/2019\/wp-json\/wp\/v2\/pages"}],"about":[{"href":"https:\/\/mexicocity.wordcamp.org\/2019\/wp-json\/wp\/v2\/types\/page"}],"author":[{"embeddable":true,"href":"https:\/\/mexicocity.wordcamp.org\/2019\/wp-json\/wp\/v2\/users\/14514020"}],"replies":[{"embeddable":true,"href":"https:\/\/mexicocity.wordcamp.org\/2019\/wp-json\/wp\/v2\/comments?post=558"}],"version-history":[{"count":15,"href":"https:\/\/mexicocity.wordcamp.org\/2019\/wp-json\/wp\/v2\/pages\/558\/revisions"}],"predecessor-version":[{"id":2013,"href":"https:\/\/mexicocity.wordcamp.org\/2019\/wp-json\/wp\/v2\/pages\/558\/revisions\/2013"}],"wp:attachment":[{"href":"https:\/\/mexicocity.wordcamp.org\/2019\/wp-json\/wp\/v2\/media?parent=558"}],"curies":[{"name":"wp","href":"https:\/\/api.w.org\/{rel}","templated":true}]}}